{"id":8,"date":"2025-02-03T00:12:39","date_gmt":"2025-02-02T23:12:39","guid":{"rendered":"https:\/\/cebe.be\/fr\/?page_id=8"},"modified":"2026-04-07T12:05:55","modified_gmt":"2026-04-07T10:05:55","slug":"a-propos","status":"publish","type":"page","link":"https:\/\/cebe.be\/fr\/a-propos\/","title":{"rendered":"\u00c0 propos &#8211; Histoire de la CEBE"},"content":{"rendered":"\n<div style=\"height:26px\" aria-hidden=\"true\" class=\"wp-block-spacer\"><\/div>\n\n\n\n<div class=\"wp-block-columns is-layout-flex wp-container-core-columns-is-layout-ed5226f6 wp-block-columns-is-layout-flex\" style=\"padding-right:0;padding-left:0\">\n<div class=\"wp-block-column is-vertically-aligned-center is-layout-flow wp-block-column-is-layout-flow\" style=\"padding-right:2rem;padding-left:0rem;flex-basis:80%\">\n<p>La <strong>CEBE-MO<\/strong>B (Commission de l&#8217;Environnement de Bruxelles et Environs asbl &#8211; Milieu Commissie Brussel en Omgeving vzw) est une association sans but lucratif n\u00e9e en <strong>1989<\/strong>.<\/p>\n\n\n\n<p>Elle est active dans la r\u00e9gion de Bruxelles-Capitale et dans les communes y attenant.<\/p>\n<\/div>\n\n\n\n<div class=\"wp-block-column is-layout-flow wp-block-column-is-layout-flow\" style=\"padding-right:0;padding-left:0;flex-basis:20%\"><div class=\"wp-block-image\">\n<figure class=\"aligncenter size-full is-resized has-custom-border\"><a href=\"https:\/\/cebe.be\/fr\/wp-content\/uploads\/2025\/02\/cebelog_350.png\"><img loading=\"lazy\" decoding=\"async\" width=\"350\" height=\"350\" src=\"https:\/\/cebe.be\/fr\/wp-content\/uploads\/2025\/02\/cebelog_350.png\" alt=\"\" class=\"wp-image-117\" style=\"border-radius:30px;width:208px;height:auto\" srcset=\"https:\/\/cebe.be\/fr\/wp-content\/uploads\/2025\/02\/cebelog_350.png 350w, https:\/\/cebe.be\/fr\/wp-content\/uploads\/2025\/02\/cebelog_350-300x300.png 300w, https:\/\/cebe.be\/fr\/wp-content\/uploads\/2025\/02\/cebelog_350-150x150.png 150w\" sizes=\"auto, (max-width: 350px) 100vw, 350px\" \/><\/a><\/figure>\n<\/div><\/div>\n<\/div>\n\n\n\n<p><span style=\"text-decoration: underline;\">Dans cette zone, l&#8217;association a pour objectifs :<\/span><\/p>\n\n\n\n<ul class=\"wp-block-list\">\n<li>la protection de l&#8217;<strong>environnement<\/strong><\/li>\n\n\n\n<li>la conservation du <strong>patrimoine<\/strong><\/li>\n\n\n\n<li>la <strong>gestion<\/strong> et l&#8217;<strong>animation<\/strong> des sites naturels et du patrimoine collectif<\/li>\n<\/ul>\n\n\n\n<p><span style=\"text-decoration: underline;\">La CEBE g\u00e8re, prot\u00e8ge et anime principalement :<\/span><\/p>\n\n\n\n<ul class=\"wp-block-list\">\n<li>2 sites semi-naturels : le <strong>Moeraske<\/strong> (Evere, Schaerbeek, Haren) et l&#8217;<strong>Hof ter Musschen<\/strong> (Woluwe-Saint-Lambert)<\/li>\n\n\n\n<li>des sites \u00e0 vocation p\u00e9dagogique : un <strong>potager biologique<\/strong> (Evere) et un<strong> jardin de plantes condimentaires<\/strong> (Evere)<\/li>\n<\/ul>\n\n\n\n<div style=\"height:26px\" aria-hidden=\"true\" class=\"wp-block-spacer\"><\/div>\n\n\n\n<p>Des <strong>visites guid\u00e9es<\/strong>, des journ\u00e9es de gestion et des animations ponctuelles sont organis\u00e9es tout au long de l&#8217;ann\u00e9e, par tous les temps !<\/p>\n\n\n\n<p>La CEBE effectue aussi un important travail d&#8217;information pour faire d\u00e9couvrir et d\u00e9fendre la nature qui nous est proche, pr\u00e9senter les richesses des sites qu&#8217;elle g\u00e8re et favoriser la place de la nature en ville :<\/p>\n\n\n\n<ul class=\"wp-block-list\">\n<li>des visites mensuelles ou \u00e0 la carte des sites qu&#8217;elle g\u00e8re<\/li>\n\n\n\n<li>les inventaires fauno-floristiques des r\u00e9serves<\/li>\n\n\n\n<li>le p\u00e9riodique trimestriel &#8221; L&#8217;\u00e9cho du Marais &#8220;<\/li>\n\n\n\n<li>une s\u00e9rie de brochures th\u00e9matiques<\/li>\n\n\n\n<li>des conf\u00e9rences, des cours, des animations, des expositions\u2026<\/li>\n\n\n\n<li>deux excursions annuelles<\/li>\n\n\n\n<li>ce site internet<\/li>\n<\/ul>\n\n\n\n<div style=\"height:30px\" aria-hidden=\"true\" class=\"wp-block-spacer\"><\/div>\n\n\n\n<h3 class=\"wp-block-heading\">Historique r\u00e9sum\u00e9 de la CEBE<\/h3>\n\n\n\n<h4 class=\"wp-block-heading\">1987<\/h4>\n\n\n\n<p>Soucieux de&nbsp;pr\u00e9server&nbsp;une des&nbsp;derni\u00e8res zones humides de la r\u00e9gion, \u00e0 savoir le &#8221;&nbsp;<a href=\"https:\/\/cebe.be\/fr\/moeraske\/\">Moeraske<\/a>&nbsp;&#8221; (petit marais) \u00e0&nbsp;Evere, les premiers fondateurs de la CEBE (Thierry Wauters, Alain Doornaert, Michel Moreels, Christian Rombaux) travaillent en collaboration avec l&#8217;association culturelle n\u00e9erlandophone &#8220;&#8216;t Smelleken&#8221; sous la houlette de l&#8217;\u00e9chevine Lisette Denberg.<\/p>\n\n\n\n<h4 class=\"wp-block-heading\">1988&nbsp;<\/h4>\n\n\n\n<p>Afin de promouvoir un travail de pr\u00e9servation plus sp\u00e9cifique,&nbsp;l&#8217;association de fait &#8221; Les Amis du Moeraske &#8221;&nbsp;se cr\u00e9e peu apr\u00e8s. Le&nbsp;<a href=\"https:\/\/cebe.be\/fr\/walckiers\/\">Walckiers<\/a><strong>,<\/strong> prolongation du Moeraske sur la commune voisine de Schaerbeek, fait rapidement partie de leurs pr\u00e9occupations.<\/p>\n\n\n\n<h4 class=\"wp-block-heading\">1989<\/h4>\n\n\n\n<p>&#8221; Les Amis du Moeraske &#8221; deviennent l&#8217;asbl &#8221;&nbsp;Commission de l&#8217;Environnement de Bruxelles-Est&nbsp;&#8220;, par r\u00e9f\u00e9rence \u00e0 la CEBO, Commission de l&#8217;Environnement de Bruxelles-Ouest, dont ils veulent \u00eatre le pendant \u00e0 l&#8217;est&nbsp;de la&nbsp;Senne. Thierry Wauters en est le premier pr\u00e9sident.<\/p>\n\n\n\n<h4 class=\"wp-block-heading\">1990<\/h4>\n\n\n\n<p>La CEBE s&#8217;investit \u00e0 l&#8217;<a href=\"https:\/\/cebe.be\/fr\/hof-ter-musschen\/\" data-type=\"page\" data-id=\"50\">Hof ter Musschen<\/a>, (Ferme aux Moineaux), une zone humide \u00e0&nbsp;Woluwe-Saint-Lambert. Elle attire \u00e0 elle la petite \u00e9quipe de volontaires qui, depuis quelque temps, g\u00e9rait d\u00e9j\u00e0 le site.<\/p>\n\n\n\n<h4 class=\"wp-block-heading\">1990<\/h4>\n\n\n\n<p>Contestation du trac\u00e9 du TGV qui aurait d\u00e9truit une bonne partie du Moeraske. Le trac\u00e9 fut&nbsp;modifi\u00e9&nbsp;et redessin\u00e9 par la SNCB en s&#8217;inspirant d&#8217;un projet alternatif propos\u00e9 par la CEBE.<\/p>\n\n\n\n<h4 class=\"wp-block-heading\">1991<\/h4>\n\n\n\n<p>Signature d&#8217;une&nbsp;convention&nbsp;entre la&nbsp;r\u00e9gion&nbsp;et la&nbsp;CEBE&nbsp;: celle-ci devient le&nbsp;gestionnaire officiel du Moeraske.<\/p>\n\n\n\n<p>Opposition au projet de&nbsp;parking&nbsp;de la SABENA autour de la ferme de l&#8217;Hof ter Musschen&nbsp;: le parking d\u00e9finitif ressemble tr\u00e8s fort au&nbsp;contre-projet&nbsp;CEBE.<\/p>\n\n\n\n<h4 class=\"wp-block-heading\">1992<\/h4>\n\n\n\n<p>Cr\u00e9ation au&nbsp;Moeraske&nbsp;de la&nbsp;premi\u00e8re r\u00e9serve naturelle agr\u00e9\u00e9e de la r\u00e9gion&nbsp;qui concerne une zone mar\u00e9cageuse de&nbsp;4,2 ha&nbsp;(sur les 16 ha au total).<\/p>\n\n\n\n<p>Contestation d&#8217;un projet de construction de 19 000 m\u00b2 de&nbsp;bureaux&nbsp;sur le&nbsp;Walckiers. Suite \u00e0 cette campagne de la CEBE, l&#8217;ensemble du Walckiers sera repris en zone verte dans un PPAS (c&#8217;est la premi\u00e8re fois qu&#8217;une zone de bureaux deviendra zone verte !).<\/p>\n\n\n\n<h4 class=\"wp-block-heading\">1994<\/h4>\n\n\n\n<p>Classement&nbsp;des 10 ha de l&#8217;Hof ter Musschen&nbsp;(toute la zone \u00e0 l&#8217;exception de la partie SABENA). Michel Moreels devient pr\u00e9sident de la CEBE.<\/p>\n\n\n\n<h4 class=\"wp-block-heading\">1995<\/h4>\n\n\n\n<p>Classement&nbsp;comme site de tout le&nbsp;Moeraske.<\/p>\n\n\n\n<h4 class=\"wp-block-heading\">1995<\/h4>\n\n\n\n<p>La CEBE part en croisade pour la pr\u00e9servation du patrimoine b\u00e2ti, diversifiant ainsi ses activit\u00e9s, en se mobilisant pour la sauvegarde et la r\u00e9novation du&nbsp;Moulin d&#8217;Evere.<\/p>\n\n\n\n<h4 class=\"wp-block-heading\">1997<\/h4>\n\n\n\n<p>Signature d&#8217;une&nbsp;convention&nbsp;entre l&#8217;Universit\u00e9 Catholique de Louvain&nbsp;(propri\u00e9taire de la plus grande partie de l&#8217;Hof ter Musschen), et la&nbsp;CEBE&nbsp;: cette derni\u00e8re devient le&nbsp;gestionnaire officiel&nbsp;du site (avant cela, la CEBE g\u00e9rait la partie UCL du site sur base d\u2019un accord moins formel).<\/p>\n\n\n\n<h4 class=\"wp-block-heading\">1998<\/h4>\n\n\n\n<p>La CEBE ayant \u00e9tendu son action au-del\u00e0 de l&#8217;Est de Bruxelles d\u00e9cide de&nbsp;changer de nom. Le &#8221; E &#8221; terminal de CEBE signifie d\u00e9sormais &#8221; Environs &#8221; et CEBE :<\/p>\n\n\n\n<p>Commission de l&#8217;Environnement de Bruxelles et Environs.<\/p>\n\n\n\n<h4 class=\"wp-block-heading\">1998<\/h4>\n\n\n\n<p>Rachat&nbsp;du&nbsp;Moulin&nbsp;par la Commune d&#8217;Evere et mise en place du processus qui am\u00e8nera celui-ci \u00e0 \u00eatre bient\u00f4t r\u00e9nov\u00e9.<\/p>\n\n\n\n<h4 class=\"wp-block-heading\">2000<\/h4>\n\n\n\n<p>Succ\u00e8s&nbsp;de la campagne &#8221; Touche pas au Moeraske &#8221; men\u00e9e en&nbsp;r\u00e9action au projet de PRAS2&nbsp;qui mena\u00e7ait les sources alimentant le marais et qui amputait le site du tiers<\/p>\n\n\n\n<p>de sa superficie.<\/p>\n\n\n\n<h4 class=\"wp-block-heading\">2000<\/h4>\n\n\n\n<p>La CEBE d\u00e9cide de s\u2019investir massivement dans l\u2019inventorisation des esp\u00e8ces animales et v\u00e9g\u00e9tales pr\u00e9sentes sur ses sites.<\/p>\n\n\n\n<h4 class=\"wp-block-heading\">2004<\/h4>\n\n\n\n<p>Restauration&nbsp;par la R\u00e9gion du&nbsp;<a href=\"https:\/\/www.fournilhtm.be\/htm\/\">fournil<\/a>&nbsp;de l&#8217;Hof ter Musschen.<\/p>\n\n\n\n<p>Inauguration du site internet de la CEBE.<\/p>\n\n\n\n<h4 class=\"wp-block-heading\">2006<\/h4>\n\n\n\n<p>Lancement de l\u2019\u201dOp\u00e9ration Chlorophylle\u201d, l\u2019inventaire de la population de L\u00e9rots du Walckiers.<\/p>\n\n\n\n<h4 class=\"wp-block-heading\">2007<\/h4>\n\n\n\n<p>Inauguration du fournil&nbsp;restaur\u00e9 de l&#8217;Hof ter Musschen et lancement des animations mensuelles de boulangerie traditionnelle.<\/p>\n\n\n\n<h4 class=\"wp-block-heading\">2008<\/h4>\n\n\n\n<p>Apport d&#8217;une eau de qualit\u00e9 au Moeraske, par modification, suite \u00e0 l&#8217;action de la CEBE, de travaux planifi\u00e9s par la SNCB.<\/p>\n\n\n\n<p>Inauguration du Moulin d&#8217;Evere, r\u00e9nov\u00e9 et affect\u00e9 en Mus\u00e9e de l\u2019Alimentation.<\/p>\n\n\n\n<h4 class=\"wp-block-heading\">2011<\/h4>\n\n\n\n<p>Le professeur Roland Libois (ULg.) \u2013\u00e9minent sp\u00e9cialiste des mammif\u00e8res- participe avec deux de ses assistants au relev\u00e9 annuel effectu\u00e9 au Walckiers, dans le cadre de l\u2019\u201dOp\u00e9ration Chlorophylle\u201d.<\/p>\n\n\n\n<h4 class=\"wp-block-heading\">2011<\/h4>\n\n\n\n<p>Demande par l&#8217;IBGE (devenu depuis Bruxelles Environnement) d&#8217;un premier Permis d&#8217;Urbanisme pour faire passer la Promenade Verte dans le Walckiers. Ce projet, particuli\u00e8rement d\u00e9vastateur, est combattu par la CEBE. Il est finalement abandonn\u00e9 par la R\u00e9gion.<\/p>\n\n\n\n<h3 class=\"wp-block-heading\">2013<\/h3>\n\n\n\n<p>L&#8217;IBGE propose un second projet de travers\u00e9e du Walckiers. Pour la CEBE, ce projet, quoiqu&#8217;un peu moins d\u00e9mesur\u00e9 que le pr\u00e9c\u00e9dent, reste tr\u00e8s dommageable pour le site. Le permis d&#8217;urbanisme est d\u00e9livr\u00e9 apr\u00e8s suivi de la proc\u00e9dure l\u00e9gale, celle-ci incluant une consultation du public.<\/p>\n\n\n\n<h4 class=\"wp-block-heading\">2014<\/h4>\n\n\n\n<p>La CEBE introduit un recours en annulation au Conseil d&#8217;Etat contre ledit permis d&#8217;urbanisme.<\/p>\n\n\n\n<h4 class=\"wp-block-heading\">2014<\/h4>\n\n\n\n<p>La CEBE est nomm\u00e9e laur\u00e9ate belge du prix du paysage pour son action \u00e0 l&#8217;Hof ter Musschen (et ce devant 3 r\u00e9alisations de Bruxelles Environnement). Elle repr\u00e9sentera la Belgique \u00e0 ce concours organis\u00e9 par le Conseil de l&#8217;Europe. L&#8217;action de la CEBE est la m\u00eame que ce soit au Moeraske ou \u00e0 l&#8217;Hof ter Musschen (on y fait les m\u00eames choses et de la m\u00eame fa\u00e7on). Notre CA avait juste choisi de pr\u00e9senter notre action \u00e0 l&#8217;Hof ter Musschen&#8230; car il trouvait le site plus&#8230; photog\u00e9nique !<\/p>\n\n\n\n<h4 class=\"wp-block-heading\">2018<\/h4>\n\n\n\n<p>Le rapport de l&#8217;Auditorat concernant le recours contre le permis d\u2019urbanisme Walckiers nous est favorable. Peu apr\u00e8s, Bruxelles Environnement, pour ne pas \u00eatre condamn\u00e9, retire le permis, arr\u00eatant de facto la proc\u00e9dure devant le Conseil d\u2019Etat. Dans les EDM 131, 132 et 133 plusieurs facettes de ce dossier sont \u00e9voqu\u00e9es.<\/p>\n\n\n\n<h4 class=\"wp-block-heading\">2019<\/h4>\n\n\n\n<p>Fin ao\u00fbt, Bruxelles Environnement demande deux permis, les obtient et les mets directement en \u0153uvre (abattage et am\u00e9nagement d\u2019un chemin dans le Walckiers), ceci dans la continuit\u00e9 de ses projets ant\u00e9rieurs. Le chemin est cens\u00e9 favoriser les travaux de gestion &#8230; et permettre une certaine ouverture du site au public. Les travaux se sont faits dans le cadre de la proc\u00e9dure de minime importance et donc sans enqu\u00eate publique. La CEBE introduit un recours en annulation au Conseil d&#8217;Etat contre ledit chemin.<\/p>\n\n\n\n<h4 class=\"wp-block-heading\">2019<\/h4>\n\n\n\n<p>Nous sommes associ\u00e9s au Comit\u00e9 de pilotage qui encadrera la construction, par les Cliniques Universitaires Saint-Luc, de leur h\u00f4pital psychiatrique en bordure imm\u00e9diate de la dr\u00e8ve Hof ter Musschen. Avec l\u2019appui de l\u2019UCL, nous avons pu sauver la \u00ab&nbsp;Mare aux tritons&nbsp;\u00bb qui jouxte ledit b\u00e2timent et nous en conservons la gestion. L\u2019am\u00e9nagement final de la zone (notamment une seconde mare, un syst\u00e8me de trop plein et une noue) est finalement postpos\u00e9 \u00e0\u2026 2026 (&nbsp;?).<\/p>\n\n\n\n<h4 class=\"wp-block-heading\">2023<\/h4>\n\n\n\n<p>Fin novembre, le Conseil d\u2019Etat annule le permis d\u2019urbanisme d\u00e9livr\u00e9 par le fonctionnaire d\u00e9l\u00e9gu\u00e9 de la R\u00e9gion de Bruxelles-Capitale (sous la clause de la minime importance), le 26 juillet 2019, \u00e0 Bruxelles Environnement pour \u00ab remettre en \u00e9tat un chemin dans le cadre de la gestion du site class\u00e9 au sein du parc Walckiers\u00bb. De facto, ledit chemin n\u2019a aucune existence l\u00e9gale.<\/p>\n\n\n\n<div class=\"wp-block-file\"><a id=\"wp-block-file--media-aee106af-1f7c-4519-a91d-063b7b8e8166\" href=\"https:\/\/cebe.be\/fr\/wp-content\/uploads\/2025\/05\/20231123-Avis-Conseil-dEtat-258.004-relatif-au-sentier-trace-par-BE-dans-le-Walckiers.pdf\">Avis Conseil d&#8217;Etat 258.004 relatif au sentier trac\u00e9 par BE dans le Walckiers<\/a><a href=\"https:\/\/cebe.be\/fr\/wp-content\/uploads\/2025\/05\/20231123-Avis-Conseil-dEtat-258.004-relatif-au-sentier-trace-par-BE-dans-le-Walckiers.pdf\" class=\"wp-block-file__button wp-element-button\" download aria-describedby=\"wp-block-file--media-aee106af-1f7c-4519-a91d-063b7b8e8166\">T\u00e9l\u00e9charger<\/a><\/div>\n\n\n\n<div style=\"height:25px\" aria-hidden=\"true\" class=\"wp-block-spacer\"><\/div>\n\n\n\n<h4 class=\"wp-block-heading\">2023<\/h4>\n\n\n\n<p>D\u2019importants travaux de curage des marais II et III du Moeraske sont entrepris (en deux phases) par Bruxelles Environnement (D\u00e9partement Eau) et ce en parfaite collaboration avec la CEBE. L\u2019intervention, avec de gros moyens m\u00e9caniques, s\u2019av\u00e9rait n\u00e9cessaire, car si la CEBE avait pu contr\u00f4ler l\u2019atterrissement des marais de 1988 \u00e0 2019, il ne fut plus possible d\u2019endiguer ce ph\u00e9nom\u00e8ne par apr\u00e8s\u2026et tr\u00e8s concr\u00e8tement le c\u0153ur du Moeraske se voyait menac\u00e9. La premi\u00e8re phase de ces travaux, particuli\u00e8rement efficaces, s\u2019acheva en f\u00e9vrier 2024, la seconde se d\u00e9roula en septembre 2024. Suite \u00e0 ceux-ci, la p\u00e9rennit\u00e9 des marais est assur\u00e9e pour de nombreuses ann\u00e9es et la CEBE pourra continuer \u00e0 en garantir l\u2019entretien.<\/p>\n\n\n\n<h4 class=\"wp-block-heading\">2024<\/h4>\n\n\n\n<p>La R\u00e9gion publie un Plan de gestion \u00ab&nbsp;Natura 2000&nbsp;\u00bb pour l\u2019Hof ter Musschen qui se substitue l\u00e9galement au n\u00f4tre. Bonne nouvelle&nbsp;: celui-ci reprend in extenso notre plan original en l\u2019explicitant simplement mieux&nbsp;!<\/p>\n\n\n\n<h4 class=\"wp-block-heading\">2024<\/h4>\n\n\n\n<p>Gros travaux, ici aussi de curage, dans la Woluwe \u00e0 hauteur de l\u2019Hof ter Musschen o\u00f9 Phragmites et Typhas avaient g\u00e9n\u00e9r\u00e9 deux \u00ab&nbsp;bouchons&nbsp;\u00bb aussi cons\u00e9quents qu\u2019inextricables, rendant une intervention avec des moyens manuels impossible. A nouveau, la collaboration entre le D\u00e9partement de l\u2019Eau de Bruxelles Environnement (ma\u00eetre d\u2019\u0153uvre du projet) et la CEBE s\u2019av\u00e9ra excellente et les travaux furent tr\u00e8s bien ex\u00e9cut\u00e9s. Tr\u00e8s rapidement, leurs traces visibles sur le terrain disparurent d\u2019ailleurs totalement.<\/p>\n\n\n\n<h4 class=\"wp-block-heading\">2024<\/h4>\n\n\n\n<p>La CEBE, suivant l\u2019air du temps, s\u2019investit activement sur Facebook.<\/p>\n\n\n\n<h4 class=\"wp-block-heading\">2024<\/h4>\n\n\n\n<p>En octobre 2024, Bruxelles Environnement ouvre au public le chemin qu\u2019elle a cr\u00e9\u00e9 dans le Walckiers et qu\u2019elle a partiellement cl\u00f4tur\u00e9 en 2023.<\/p>\n\n\n\n<h4 class=\"wp-block-heading\">2024<\/h4>\n\n\n\n<p>La CEBE ne s\u2019oppose pas -ce qui n\u2019est pas neuf&nbsp;!- \u00e0 la travers\u00e9e du site mais continue \u00e0 contester une partie du trac\u00e9 du chemin et d\u00e9plore que les cl\u00f4tures n\u2019encadrent qu\u2019un c\u00f4t\u00e9 de celui-ci.<\/p>\n\n\n\n<h4 class=\"wp-block-heading\">2025<\/h4>\n\n\n\n<p>Notre site internet est r\u00e9\u00e9crit et compl\u00e8tement r\u00e9actualis\u00e9 par l&#8217;asbl <a href=\"https:\/\/www.pragmasoft.be\">Pragmasoft<\/a>.<\/p>\n","protected":false},"excerpt":{"rendered":"<p>La CEBE-MOB (Commission de l&#8217;Environnement de Bruxelles et Environs asbl &#8211; Milieu Commissie Brussel en Omgeving vzw) est une association sans but lucratif n\u00e9e en 1989. Elle est active dans la r\u00e9gion de Bruxelles-Capitale et dans les communes y attenant. Dans cette zone, l&#8217;association a pour objectifs : La CEBE g\u00e8re, prot\u00e8ge et anime principalement&hellip;&nbsp;<a href=\"https:\/\/cebe.be\/fr\/a-propos\/\" rel=\"bookmark\">Lire la suite &raquo;<span class=\"screen-reader-text\">\u00c0 propos &#8211; Histoire de la CEBE<\/span><\/a><\/p>\n","protected":false},"author":1,"featured_media":0,"parent":0,"menu_order":0,"comment_status":"closed","ping_status":"closed","template":"","meta":{"_acf_changed":false,"neve_meta_sidebar":"","neve_meta_container":"","neve_meta_enable_content_width":"on","neve_meta_content_width":100,"neve_meta_title_alignment":"","neve_meta_author_avatar":"","neve_post_elements_order":"","neve_meta_disable_header":"","neve_meta_disable_footer":"","neve_meta_disable_title":"on","iawp_total_views":220,"footnotes":""},"categories":[],"tags":[],"class_list":["post-8","page","type-page","status-publish","hentry"],"acf":[],"_links":{"self":[{"href":"https:\/\/cebe.be\/fr\/wp-json\/wp\/v2\/pages\/8","targetHints":{"allow":["GET"]}}],"collection":[{"href":"https:\/\/cebe.be\/fr\/wp-json\/wp\/v2\/pages"}],"about":[{"href":"https:\/\/cebe.be\/fr\/wp-json\/wp\/v2\/types\/page"}],"author":[{"embeddable":true,"href":"https:\/\/cebe.be\/fr\/wp-json\/wp\/v2\/users\/1"}],"replies":[{"embeddable":true,"href":"https:\/\/cebe.be\/fr\/wp-json\/wp\/v2\/comments?post=8"}],"version-history":[{"count":14,"href":"https:\/\/cebe.be\/fr\/wp-json\/wp\/v2\/pages\/8\/revisions"}],"predecessor-version":[{"id":1590,"href":"https:\/\/cebe.be\/fr\/wp-json\/wp\/v2\/pages\/8\/revisions\/1590"}],"wp:attachment":[{"href":"https:\/\/cebe.be\/fr\/wp-json\/wp\/v2\/media?parent=8"}],"wp:term":[{"taxonomy":"category","embeddable":true,"href":"https:\/\/cebe.be\/fr\/wp-json\/wp\/v2\/categories?post=8"},{"taxonomy":"post_tag","embeddable":true,"href":"https:\/\/cebe.be\/fr\/wp-json\/wp\/v2\/tags?post=8"}],"curies":[{"name":"wp","href":"https:\/\/api.w.org\/{rel}","templated":true}]}}