{"id":780,"date":"2025-03-08T23:09:14","date_gmt":"2025-03-08T22:09:14","guid":{"rendered":"https:\/\/cebe.be\/fr\/?page_id=780"},"modified":"2026-03-10T00:22:38","modified_gmt":"2026-03-09T23:22:38","slug":"inventaires","status":"publish","type":"page","link":"https:\/\/cebe.be\/fr\/inventaires\/","title":{"rendered":"Inventaires"},"content":{"rendered":"<div class=\"wp-block-image\">\n<figure class=\"aligncenter size-full is-resized has-custom-border\"><a href=\"https:\/\/cebe.be\/fr\/wp-content\/uploads\/2025\/03\/observations-be_100.png\"><img loading=\"lazy\" decoding=\"async\" width=\"903\" height=\"100\" src=\"https:\/\/cebe.be\/fr\/wp-content\/uploads\/2025\/03\/observations-be_100.png\" alt=\"\" class=\"wp-image-779\" style=\"border-radius:30px;width:415px;height:auto\" srcset=\"https:\/\/cebe.be\/fr\/wp-content\/uploads\/2025\/03\/observations-be_100.png 903w, https:\/\/cebe.be\/fr\/wp-content\/uploads\/2025\/03\/observations-be_100-300x33.png 300w, https:\/\/cebe.be\/fr\/wp-content\/uploads\/2025\/03\/observations-be_100-768x85.png 768w, https:\/\/cebe.be\/fr\/wp-content\/uploads\/2025\/03\/observations-be_100-24x3.png 24w, https:\/\/cebe.be\/fr\/wp-content\/uploads\/2025\/03\/observations-be_100-36x4.png 36w, https:\/\/cebe.be\/fr\/wp-content\/uploads\/2025\/03\/observations-be_100-48x5.png 48w\" sizes=\"auto, (max-width: 903px) 100vw, 903px\" \/><\/a><\/figure>\n<\/div>\n\n\n<div class=\"wp-block-buttons is-content-justification-center is-layout-flex wp-container-core-buttons-is-layout-050a221d wp-block-buttons-is-layout-flex\" style=\"padding-bottom:var(--wp--preset--spacing--50)\">\n<div class=\"wp-block-button is-style-primary\"><a class=\"wp-block-button__link wp-element-button\" href=\"https:\/\/observations.be\/locations\/32575\/\">Moeraske<\/a><\/div>\n\n\n\n<div class=\"wp-block-button is-style-primary\"><a class=\"wp-block-button__link wp-element-button\" href=\"https:\/\/observations.be\/locations\/263467\/\" target=\"_blank\" rel=\"noreferrer noopener\">Walckiers<\/a><\/div>\n\n\n\n<div class=\"wp-block-button is-style-primary\"><a class=\"wp-block-button__link wp-element-button\" href=\"https:\/\/observations.be\/locations\/32578\/\">Hof ter Muschen<\/a><\/div>\n<\/div>\n\n\n\n<hr class=\"wp-block-separator has-alpha-channel-opacity\"\/>\n\n\n\n<h2 class=\"wp-block-heading\">Un mot sur nos inventaires<\/h2>\n\n\n\n<div class=\"wp-block-columns is-layout-flex wp-container-core-columns-is-layout-ed5226f6 wp-block-columns-is-layout-flex\" style=\"padding-right:0;padding-left:0\">\n<div class=\"wp-block-column is-vertically-aligned-center is-layout-flow wp-block-column-is-layout-flow\" style=\"padding-right:2rem;padding-left:0rem;flex-basis:60%\">\n<p>En 2003, la CEBE a plac\u00e9 en ligne l&#8217;<strong>inventaire<\/strong> de la biodiversit\u00e9 observ\u00e9e sur nos sites. Il compte 3.000 esp\u00e8ces.<\/p>\n\n\n\n<p>Cet inventaire a \u00e9t\u00e9 tenu jusqu&#8217;an 2010 et est toujours visible sur l&#8217;<a href=\"https:\/\/cebe.be\/cebe\/index2.php?s=1&amp;l=f&amp;tb=tb_bio&amp;tb2=&amp;m1=intro&amp;m2=&amp;m1tc=false&amp;idform=\" target=\"_blank\" rel=\"noreferrer noopener\">ancien site<\/a><\/p>\n<\/div>\n\n\n\n<div class=\"wp-block-column is-layout-flow wp-block-column-is-layout-flow\" style=\"padding-right:0;padding-left:0;flex-basis:40%\"><div class=\"wp-block-image\">\n<figure class=\"aligncenter size-full has-custom-border\"><a href=\"https:\/\/cebe.be\/fr\/wp-content\/uploads\/2025\/03\/ancien_inventaire.png\"><img loading=\"lazy\" decoding=\"async\" width=\"1000\" height=\"600\" src=\"https:\/\/cebe.be\/fr\/wp-content\/uploads\/2025\/03\/ancien_inventaire.png\" alt=\"\" class=\"has-border-color has-neve-link-color-border-color wp-image-777\" style=\"border-width:1px;border-radius:0px\" srcset=\"https:\/\/cebe.be\/fr\/wp-content\/uploads\/2025\/03\/ancien_inventaire.png 1000w, https:\/\/cebe.be\/fr\/wp-content\/uploads\/2025\/03\/ancien_inventaire-300x180.png 300w, https:\/\/cebe.be\/fr\/wp-content\/uploads\/2025\/03\/ancien_inventaire-768x461.png 768w, https:\/\/cebe.be\/fr\/wp-content\/uploads\/2025\/03\/ancien_inventaire-24x14.png 24w, https:\/\/cebe.be\/fr\/wp-content\/uploads\/2025\/03\/ancien_inventaire-36x22.png 36w, https:\/\/cebe.be\/fr\/wp-content\/uploads\/2025\/03\/ancien_inventaire-48x29.png 48w\" sizes=\"auto, (max-width: 1000px) 100vw, 1000px\" \/><\/a><figcaption class=\"wp-element-caption\"><em><sup>Ancien inventaire<\/sup><\/em><\/figcaption><\/figure>\n<\/div><\/div>\n<\/div>\n\n\n\n<div class=\"wp-block-columns is-layout-flex wp-container-core-columns-is-layout-9d6595d7 wp-block-columns-is-layout-flex\">\n<div class=\"wp-block-column is-layout-flow wp-block-column-is-layout-flow\" style=\"flex-basis:40%\"><div class=\"wp-block-image\">\n<figure class=\"aligncenter size-full has-custom-border\"><a href=\"https:\/\/cebe.be\/fr\/wp-content\/uploads\/2025\/03\/nouvel_inventaire.png\"><img loading=\"lazy\" decoding=\"async\" width=\"1157\" height=\"837\" src=\"https:\/\/cebe.be\/fr\/wp-content\/uploads\/2025\/03\/nouvel_inventaire.png\" alt=\"\" class=\"has-border-color has-neve-link-color-border-color wp-image-778\" style=\"border-width:1px;border-radius:0px\" srcset=\"https:\/\/cebe.be\/fr\/wp-content\/uploads\/2025\/03\/nouvel_inventaire.png 1157w, https:\/\/cebe.be\/fr\/wp-content\/uploads\/2025\/03\/nouvel_inventaire-300x217.png 300w, https:\/\/cebe.be\/fr\/wp-content\/uploads\/2025\/03\/nouvel_inventaire-1024x741.png 1024w, https:\/\/cebe.be\/fr\/wp-content\/uploads\/2025\/03\/nouvel_inventaire-768x556.png 768w, https:\/\/cebe.be\/fr\/wp-content\/uploads\/2025\/03\/nouvel_inventaire-24x17.png 24w, https:\/\/cebe.be\/fr\/wp-content\/uploads\/2025\/03\/nouvel_inventaire-36x26.png 36w, https:\/\/cebe.be\/fr\/wp-content\/uploads\/2025\/03\/nouvel_inventaire-48x35.png 48w\" sizes=\"auto, (max-width: 1157px) 100vw, 1157px\" \/><\/a><figcaption class=\"wp-element-caption\"><em><sup>Le site &#8220;Observations.be&#8221;<\/sup><\/em><\/figcaption><\/figure>\n<\/div><\/div>\n\n\n\n<div class=\"wp-block-column is-vertically-aligned-center is-layout-flow wp-block-column-is-layout-flow\" style=\"padding-left:2rem;flex-basis:60%\">\n<p>Cr\u00e9\u00e9 en 2008, le site &#8220;<a href=\"https:\/\/observations.be\/locations\/32575\/species\/\" target=\"_blank\" rel=\"noreferrer noopener\">observations.be<\/a>&#8221; a rencontr\u00e9 un immense succ\u00e8s et les observateurs CEBE y ont d&#8217;embl\u00e9e particip\u00e9. <\/p>\n\n\n\n<p>L&#8217;encodage se doublait. De plus, notre syst\u00e8me \u00e9tait lourd \u00e0 manipuler et chronophage. Il a donc \u00e9t\u00e9 abandonn\u00e9 et toutes les observations ont \u00e9t\u00e9 plac\u00e9es dans &#8220;Observations.be&#8221;.<\/p>\n\n\n\n<p>3 zones y ont \u00e9t\u00e9 cr\u00e9\u00e9s pour le Moeraske, le Walckiers et l&#8217;Hof ter Musschen.<\/p>\n<\/div>\n<\/div>\n\n\n\n<p><\/p>\n\n\n\n<h2 class=\"wp-block-heading\">Listes sp\u00e9cifiques<\/h2>\n\n\n\n<p>En parall\u00e8le aux inventaires globaux, une s\u00e9rie de listes sp\u00e9cifiques sont \u00e9galement maintenues.<\/p>\n\n\n\n<ul class=\"wp-block-list\">\n<li><a href=\"https:\/\/cebe.be\/fr\/bryophytes\/\" data-type=\"page\" data-id=\"801\">Bryophytes<\/a><\/li>\n\n\n\n<li><a href=\"https:\/\/cebe.be\/fr\/operation-chlorophylle\/\" data-type=\"page\" data-id=\"1064\">Op\u00e9ration Chlorophylle (L\u00e9rot)<\/a><\/li>\n<\/ul>\n\n\n\n<p><\/p>\n","protected":false},"excerpt":{"rendered":"<p>Un mot sur nos inventaires En 2003, la CEBE a plac\u00e9 en ligne l&#8217;inventaire de la biodiversit\u00e9 observ\u00e9e sur nos sites. Il compte 3.000 esp\u00e8ces. Cet inventaire a \u00e9t\u00e9 tenu jusqu&#8217;an 2010 et est toujours visible sur l&#8217;ancien site Cr\u00e9\u00e9 en 2008, le site &#8220;observations.be&#8221; a rencontr\u00e9 un immense succ\u00e8s et les observateurs CEBE y&hellip;&nbsp;<a href=\"https:\/\/cebe.be\/fr\/inventaires\/\" rel=\"bookmark\">Lire la suite &raquo;<span class=\"screen-reader-text\">Inventaires<\/span><\/a><\/p>\n","protected":false},"author":2,"featured_media":0,"parent":0,"menu_order":0,"comment_status":"closed","ping_status":"closed","template":"","meta":{"_acf_changed":false,"neve_meta_sidebar":"","neve_meta_container":"","neve_meta_enable_content_width":"","neve_meta_content_width":0,"neve_meta_title_alignment":"","neve_meta_author_avatar":"","neve_post_elements_order":"","neve_meta_disable_header":"","neve_meta_disable_footer":"","neve_meta_disable_title":"","iawp_total_views":146,"footnotes":""},"categories":[],"tags":[],"class_list":["post-780","page","type-page","status-publish","hentry"],"acf":[],"_links":{"self":[{"href":"https:\/\/cebe.be\/fr\/wp-json\/wp\/v2\/pages\/780","targetHints":{"allow":["GET"]}}],"collection":[{"href":"https:\/\/cebe.be\/fr\/wp-json\/wp\/v2\/pages"}],"about":[{"href":"https:\/\/cebe.be\/fr\/wp-json\/wp\/v2\/types\/page"}],"author":[{"embeddable":true,"href":"https:\/\/cebe.be\/fr\/wp-json\/wp\/v2\/users\/2"}],"replies":[{"embeddable":true,"href":"https:\/\/cebe.be\/fr\/wp-json\/wp\/v2\/comments?post=780"}],"version-history":[{"count":9,"href":"https:\/\/cebe.be\/fr\/wp-json\/wp\/v2\/pages\/780\/revisions"}],"predecessor-version":[{"id":2755,"href":"https:\/\/cebe.be\/fr\/wp-json\/wp\/v2\/pages\/780\/revisions\/2755"}],"wp:attachment":[{"href":"https:\/\/cebe.be\/fr\/wp-json\/wp\/v2\/media?parent=780"}],"wp:term":[{"taxonomy":"category","embeddable":true,"href":"https:\/\/cebe.be\/fr\/wp-json\/wp\/v2\/categories?post=780"},{"taxonomy":"post_tag","embeddable":true,"href":"https:\/\/cebe.be\/fr\/wp-json\/wp\/v2\/tags?post=780"}],"curies":[{"name":"wp","href":"https:\/\/api.w.org\/{rel}","templated":true}]}}