{"id":62,"date":"2025-02-03T12:03:02","date_gmt":"2025-02-03T11:03:02","guid":{"rendered":"https:\/\/cebe.be\/fr\/?page_id=62"},"modified":"2026-03-11T17:51:59","modified_gmt":"2026-03-11T16:51:59","slug":"dossiers","status":"publish","type":"page","link":"https:\/\/cebe.be\/fr\/dossiers\/","title":{"rendered":"Dossiers"},"content":{"rendered":"\n<h4 class=\"wp-block-heading\">AVERTISSEMENT<\/h4>\n\n\n\n<p>Les dossiers \u00ab\u00a0Pucerons\u00a0\u00bb, \u00ab\u00a0Limaces &#8211; lutte biologique \u00bb et  \u00ab\u00a0Limaces &#8211; lutte chimique \u00bb ont \u00e9t\u00e9 r\u00e9alis\u00e9s en <strong>2006<\/strong>.<\/p>\n\n\n\n<p>Pour le dossier \u00ab\u00a0Limaces &#8211; lutte chimique \u00bb, on pr\u00e9cisera qu&#8217;aujourd\u2019hui (2026) on trouve dans le commerce de nombreux autres produits anti-limaces \u00e9cologiquement acceptables. Il y a cependant lieu de lire attentivement les informations donn\u00e9es par les producteurs, afin de faire le choix le plus respectueux possible de l\u2019environnement. Attention cependant\u00a0: tous ces produits restent n\u00e9fastes pour les escargots (dont l\u2019impact n\u00e9gatif au jardin est tr\u00e8s limit\u00e9) et il existe encore des produits toxiques pour toute la faune\u00a0!<\/p>\n\n\n\n<div class=\"wp-block-columns is-layout-flex wp-container-core-columns-is-layout-9d6595d7 wp-block-columns-is-layout-flex\">\n<div class=\"wp-block-column is-layout-flow wp-block-column-is-layout-flow\" style=\"flex-basis:33.33%\"><a href=\"https:\/\/cebe.be\/fr\/wp-content\/uploads\/2025\/05\/dossier_travaux.pdf\" class=\"pdfemb-viewer\" style=\"width:200px;height:300px;\" data-width=\"200\" data-height=\"300\" data-toolbar=\"bottom\" data-toolbar-fixed=\"on\">dossier_travaux<\/a><\/div>\n\n\n\n<div class=\"wp-block-column is-vertically-aligned-top is-layout-flow wp-block-column-is-layout-flow\" style=\"flex-basis:66.66%\">\n<h3 class=\"wp-block-heading\">Dossier Travaux<\/h3>\n\n\n\n<p>Les travaux dans les espaces verts, surtout dans les sites de qualit\u00e9 biologique, doivent \u00eatre r\u00e9alis\u00e9s avec beaucoup de&nbsp;<strong><strong>prudence<\/strong><\/strong>.<\/p>\n\n\n\n<div class=\"wp-block-file\"><a id=\"wp-block-file--media-40efe484-15ac-4f10-b909-158dbcb0a882\" href=\"https:\/\/cebe.be\/fr\/wp-content\/uploads\/2025\/05\/dossier_travaux.pdf\">dossier_travaux<\/a><a href=\"https:\/\/cebe.be\/fr\/wp-content\/uploads\/2025\/05\/dossier_travaux.pdf\" class=\"wp-block-file__button wp-element-button\" download aria-describedby=\"wp-block-file--media-40efe484-15ac-4f10-b909-158dbcb0a882\">T\u00e9l\u00e9charger<\/a><\/div>\n<\/div>\n<\/div>\n\n\n\n<div class=\"wp-block-columns is-layout-flex wp-container-core-columns-is-layout-9d6595d7 wp-block-columns-is-layout-flex\">\n<div class=\"wp-block-column is-layout-flow wp-block-column-is-layout-flow\" style=\"flex-basis:33.33%\"><a href=\"https:\/\/cebe.be\/fr\/wp-content\/uploads\/2025\/05\/dossier_chemin_de_terre.pdf\" class=\"pdfemb-viewer\" style=\"width:200px;height:300px;\" data-width=\"200\" data-height=\"300\" data-toolbar=\"bottom\" data-toolbar-fixed=\"on\">dossier_chemin_de_terre<\/a><\/div>\n\n\n\n<div class=\"wp-block-column is-vertically-aligned-top is-layout-flow wp-block-column-is-layout-flow\" style=\"flex-basis:66.66%\">\n<h3 class=\"wp-block-heading\">Dossier Chemins de terre<\/h3>\n\n\n\n<p>Les&nbsp;<strong><strong>sentiers en terre<\/strong><\/strong>, que l&#8217;on ne trouve gu\u00e8re plus \u00e0 Bruxelles que dans les zones d&#8217;espace vert, disparaissent inexorablement d&#8217;ann\u00e9e en ann\u00e9e. Une partie du public, les communes, la R\u00e9gion leur pr\u00e9f\u00e8rent ostensiblement<strong>&nbsp;<strong>recouvrements bitumeux<\/strong>&nbsp;ou&nbsp;<strong>min\u00e9raux<\/strong>,&nbsp;<strong>dolomie<\/strong>&nbsp;et \u00e9corces de bois (<strong>mulch<\/strong>).<\/strong><\/p>\n\n\n\n<div class=\"wp-block-file\"><a id=\"wp-block-file--media-87860be1-7e09-4503-b990-51e3b8e58c9e\" href=\"https:\/\/cebe.be\/fr\/wp-content\/uploads\/2025\/05\/dossier_chemin_de_terre.pdf\">dossier_chemin_de_terre<\/a><a href=\"https:\/\/cebe.be\/fr\/wp-content\/uploads\/2025\/05\/dossier_chemin_de_terre.pdf\" class=\"wp-block-file__button wp-element-button\" download aria-describedby=\"wp-block-file--media-87860be1-7e09-4503-b990-51e3b8e58c9e\">T\u00e9l\u00e9charger<\/a><\/div>\n<\/div>\n<\/div>\n\n\n\n<div class=\"wp-block-columns is-layout-flex wp-container-core-columns-is-layout-9d6595d7 wp-block-columns-is-layout-flex\">\n<div class=\"wp-block-column is-layout-flow wp-block-column-is-layout-flow\" style=\"flex-basis:33.33%\"><a href=\"https:\/\/cebe.be\/fr\/wp-content\/uploads\/2025\/05\/dossier_pucerons.pdf\" class=\"pdfemb-viewer\" style=\"width:200px;height:300px;\" data-width=\"200\" data-height=\"300\" data-toolbar=\"bottom\" data-toolbar-fixed=\"on\">dossier_pucerons<\/a><\/div>\n\n\n\n<div class=\"wp-block-column is-vertically-aligned-top is-layout-flow wp-block-column-is-layout-flow\" style=\"flex-basis:66.66%\">\n<h3 class=\"wp-block-heading\">Dossier Pucerons<\/h3>\n\n\n\n<p>Les pucerons sont des insectes de la famille des&nbsp;<a href=\"http:\/\/www.cebe.be\/website\/a_publications\/b_inventaire\/inventaire_ani_f.php?lng=fr#Insectes%20Homopt%E8res\">Aphididae<\/a>, appartenant \u00e0 l&#8217;ordre des homopt\u00e8res, donc suceurs de s\u00e8ve.<\/p>\n\n\n\n<div class=\"wp-block-file\"><a id=\"wp-block-file--media-e8f9afec-3946-4636-bad6-bba409f8e035\" href=\"https:\/\/cebe.be\/fr\/wp-content\/uploads\/2025\/05\/dossier_pucerons.pdf\">dossier_pucerons<\/a><a href=\"https:\/\/cebe.be\/fr\/wp-content\/uploads\/2025\/05\/dossier_pucerons.pdf\" class=\"wp-block-file__button wp-element-button\" download aria-describedby=\"wp-block-file--media-e8f9afec-3946-4636-bad6-bba409f8e035\">T\u00e9l\u00e9charger<\/a><\/div>\n<\/div>\n<\/div>\n\n\n\n<div class=\"wp-block-columns is-layout-flex wp-container-core-columns-is-layout-9d6595d7 wp-block-columns-is-layout-flex\">\n<div class=\"wp-block-column is-layout-flow wp-block-column-is-layout-flow\" style=\"flex-basis:33.33%\"><a href=\"https:\/\/cebe.be\/fr\/wp-content\/uploads\/2025\/05\/dossier_limaces_lutte_biologique.pdf\" class=\"pdfemb-viewer\" style=\"width:200px;height:300px;\" data-width=\"200\" data-height=\"300\" data-toolbar=\"bottom\" data-toolbar-fixed=\"on\">dossier_limaces_lutte_biologique<\/a><\/div>\n\n\n\n<div class=\"wp-block-column is-vertically-aligned-top is-layout-flow wp-block-column-is-layout-flow\" style=\"flex-basis:66.66%\">\n<h3 class=\"wp-block-heading\">Dossier Limaces &#8211; lutte biologique<\/h3>\n\n\n\n<p>La r\u00e8gle de base pour tout amoureux de la nature ou plus simplement pour toute personne quelque peu responsable doit \u00eatre malgr\u00e9 tout de ne jamais utiliser les produits anti-limaces que l&#8217;on trouve si ais\u00e9ment dans le commerce.<\/p>\n\n\n\n<div class=\"wp-block-file\"><a id=\"wp-block-file--media-e1cafc22-716b-4cef-a5b2-e2e814f7add3\" href=\"https:\/\/cebe.be\/fr\/wp-content\/uploads\/2025\/05\/dossier_limaces_lutte_biologique.pdf\">dossier_limaces_lutte_biologique<\/a><a href=\"https:\/\/cebe.be\/fr\/wp-content\/uploads\/2025\/05\/dossier_limaces_lutte_biologique.pdf\" class=\"wp-block-file__button wp-element-button\" download aria-describedby=\"wp-block-file--media-e1cafc22-716b-4cef-a5b2-e2e814f7add3\">T\u00e9l\u00e9charger<\/a><\/div>\n<\/div>\n<\/div>\n\n\n\n<div class=\"wp-block-columns is-layout-flex wp-container-core-columns-is-layout-9d6595d7 wp-block-columns-is-layout-flex\">\n<div class=\"wp-block-column is-layout-flow wp-block-column-is-layout-flow\" style=\"flex-basis:33.33%\"><a href=\"https:\/\/cebe.be\/fr\/wp-content\/uploads\/2025\/05\/dossier_limaces_lutte_chimique.pdf\" class=\"pdfemb-viewer\" style=\"width:200px;height:300px;\" data-width=\"200\" data-height=\"300\" data-toolbar=\"bottom\" data-toolbar-fixed=\"on\">dossier_limaces_lutte_chimique<\/a><\/div>\n\n\n\n<div class=\"wp-block-column is-vertically-aligned-top is-layout-flow wp-block-column-is-layout-flow\" style=\"flex-basis:66.66%\">\n<h3 class=\"wp-block-heading\">Dossier Limaces &#8211; lutte chimique<\/h3>\n\n\n\n<p>Attention : lire l&#8217;avertissement en haut de la page !<\/p>\n\n\n\n<p>Excellente nouvelle,<strong>\u00a0<strong>ESCAR-GO<\/strong><\/strong>\u00a0le premier et seul\u00a0<strong><strong>produit<\/strong><\/strong>\u00a0anti-limaces<strong><strong>\u00a0biologiquement acceptable<\/strong>\u00a0<\/strong>est enfin sorti en Belgique.<\/p>\n\n\n\n<div class=\"wp-block-file\"><a id=\"wp-block-file--media-56c27807-ef0e-4311-9fa4-63e360a5526d\" href=\"https:\/\/cebe.be\/fr\/wp-content\/uploads\/2025\/05\/dossier_limaces_lutte_chimique.pdf\">dossier_limaces_lutte_chimique<\/a><a href=\"https:\/\/cebe.be\/fr\/wp-content\/uploads\/2025\/05\/dossier_limaces_lutte_chimique.pdf\" class=\"wp-block-file__button wp-element-button\" download aria-describedby=\"wp-block-file--media-56c27807-ef0e-4311-9fa4-63e360a5526d\">T\u00e9l\u00e9charger<\/a><\/div>\n<\/div>\n<\/div>\n\n\n\n<p><\/p>\n","protected":false},"excerpt":{"rendered":"<p>AVERTISSEMENT Les dossiers \u00ab\u00a0Pucerons\u00a0\u00bb, \u00ab\u00a0Limaces &#8211; lutte biologique \u00bb et \u00ab\u00a0Limaces &#8211; lutte chimique \u00bb ont \u00e9t\u00e9 r\u00e9alis\u00e9s en 2006. Pour le dossier \u00ab\u00a0Limaces &#8211; lutte chimique \u00bb, on pr\u00e9cisera qu&#8217;aujourd\u2019hui (2026) on trouve dans le commerce de nombreux autres produits anti-limaces \u00e9cologiquement acceptables. Il y a cependant lieu de lire attentivement les informations donn\u00e9es&hellip;&nbsp;<a href=\"https:\/\/cebe.be\/fr\/dossiers\/\" rel=\"bookmark\">Lire la suite &raquo;<span class=\"screen-reader-text\">Dossiers<\/span><\/a><\/p>\n","protected":false},"author":1,"featured_media":0,"parent":0,"menu_order":0,"comment_status":"closed","ping_status":"closed","template":"","meta":{"_acf_changed":false,"neve_meta_sidebar":"","neve_meta_container":"","neve_meta_enable_content_width":"","neve_meta_content_width":0,"neve_meta_title_alignment":"","neve_meta_author_avatar":"","neve_post_elements_order":"","neve_meta_disable_header":"","neve_meta_disable_footer":"","neve_meta_disable_title":"","iawp_total_views":80,"footnotes":""},"categories":[48],"tags":[],"class_list":["post-62","page","type-page","status-publish","hentry","category-dossiers"],"acf":[],"_links":{"self":[{"href":"https:\/\/cebe.be\/fr\/wp-json\/wp\/v2\/pages\/62","targetHints":{"allow":["GET"]}}],"collection":[{"href":"https:\/\/cebe.be\/fr\/wp-json\/wp\/v2\/pages"}],"about":[{"href":"https:\/\/cebe.be\/fr\/wp-json\/wp\/v2\/types\/page"}],"author":[{"embeddable":true,"href":"https:\/\/cebe.be\/fr\/wp-json\/wp\/v2\/users\/1"}],"replies":[{"embeddable":true,"href":"https:\/\/cebe.be\/fr\/wp-json\/wp\/v2\/comments?post=62"}],"version-history":[{"count":15,"href":"https:\/\/cebe.be\/fr\/wp-json\/wp\/v2\/pages\/62\/revisions"}],"predecessor-version":[{"id":2770,"href":"https:\/\/cebe.be\/fr\/wp-json\/wp\/v2\/pages\/62\/revisions\/2770"}],"wp:attachment":[{"href":"https:\/\/cebe.be\/fr\/wp-json\/wp\/v2\/media?parent=62"}],"wp:term":[{"taxonomy":"category","embeddable":true,"href":"https:\/\/cebe.be\/fr\/wp-json\/wp\/v2\/categories?post=62"},{"taxonomy":"post_tag","embeddable":true,"href":"https:\/\/cebe.be\/fr\/wp-json\/wp\/v2\/tags?post=62"}],"curies":[{"name":"wp","href":"https:\/\/api.w.org\/{rel}","templated":true}]}}