{"id":58,"date":"2025-02-03T12:04:51","date_gmt":"2025-02-03T11:04:51","guid":{"rendered":"https:\/\/cebe.be\/fr\/?page_id=58"},"modified":"2025-05-18T00:43:33","modified_gmt":"2025-05-17T22:43:33","slug":"livres-brochures","status":"publish","type":"page","link":"https:\/\/cebe.be\/fr\/livres-brochures\/","title":{"rendered":"Livres &amp; Brochures"},"content":{"rendered":"\n<p>Frais de port : \u20ac 1,50 (sauf 6. L\u2019Hof ter Musschen \u2013 Histoire et anecdotes : \u20ac 3,50).<\/p>\n\n\n\n<p>A verser au compte (IBAN) BE 19-0015-1170-7412 (BIC : GEBA BE BB), communication \u00ab Brochures \u00bb + les<br>num\u00e9ros des brochures souhait\u00e9es.<\/p>\n\n\n\n<hr class=\"wp-block-separator has-alpha-channel-opacity\"\/>\n\n\n<div class='pt-cv-wrapper'> <h3 class='pt-cv-heading-container heading1' data-blockid='tsqyjo63'><span class='pt-cv-heading'>  <\/span><\/h3><div class=\"pt-cv-view pt-cv-blockgrid iscvblock iscvreal list1 layout1\" id=\"pt-cv-view-tsqyjo63\"><div data-id=\"pt-cv-page-1\" class=\"pt-cv-page\" data-cvc=\"1\"><div class=\" pt-cv-content-item pt-cv-2-col\"  data-pid=\"1181\"><div class=\"pt-cv-thumb-wrapper pull-left \"><a href=\"https:\/\/cebe.be\/fr\/2025\/05\/18\/1-moulin-devere-derniere-mouture\/\" class=\"_self pt-cv-href-thumbnail pt-cv-thumb-left\" target=\"_self\" ><img loading=\"lazy\" decoding=\"async\" width=\"288\" height=\"200\" src=\"https:\/\/cebe.be\/fr\/wp-content\/uploads\/2025\/05\/moulin.gif\" class=\"pt-cv-thumbnail pull-left\" alt=\"1. Moulin d&#039;Evere - derni\u00e8re mouture\" \/><\/a><\/div>\n<div class=\"pt-cv-colwrap\"><h4 class=\"pt-cv-title\"><a href=\"https:\/\/cebe.be\/fr\/2025\/05\/18\/1-moulin-devere-derniere-mouture\/\" class=\"_self\" target=\"_self\" >1. Moulin d&#8217;Evere &#8211; derni\u00e8re mouture<\/a><\/h4><div class=\"pt-cv-content\">Par Alain Doornaert La saga s\u00e9culaire d&#8217;un moulin \u00e0 vent et de ses multiples avatars. 2,5 \u20ac &#8230;<\/div><div class=\"pt-cv-rmwrap\"><a href=\"https:\/\/cebe.be\/fr\/2025\/05\/18\/1-moulin-devere-derniere-mouture\/\" class=\"_self pt-cv-readmore btn btn-success\" target=\"_self\" >Lire La Suite\u2026<\/a><\/div><\/div><\/div>\n<div class=\" pt-cv-content-item pt-cv-2-col\"  data-pid=\"1196\"><div class=\"pt-cv-thumb-wrapper pull-left \"><a href=\"https:\/\/cebe.be\/fr\/2025\/05\/18\/6-lhof-ter-musschen-histoire-et-anecdotes-dune-ferme-brabanconne\/\" class=\"_self pt-cv-href-thumbnail pt-cv-thumb-left\" target=\"_self\" ><img loading=\"lazy\" decoding=\"async\" width=\"150\" height=\"204\" src=\"https:\/\/cebe.be\/fr\/wp-content\/uploads\/2025\/05\/2010_02_14_1p.jpg\" class=\"pt-cv-thumbnail pull-left\" alt=\"6. L&#039;Hof ter Musschen - Histoire et anecdotes d&#039;une ferme braban\u00e7onne\" \/><\/a><\/div>\n<div class=\"pt-cv-colwrap\"><h4 class=\"pt-cv-title\"><a href=\"https:\/\/cebe.be\/fr\/2025\/05\/18\/6-lhof-ter-musschen-histoire-et-anecdotes-dune-ferme-brabanconne\/\" class=\"_self\" target=\"_self\" >6. L&#8217;Hof ter Musschen &#8211; Histoire et anecdotes d&#8217;une ferme braban\u00e7onne<\/a><\/h4><div class=\"pt-cv-content\">Par Bob &amp; Jeannot Fran\u00e7ois &#8211; David Waiengnier La vie, l&#8217;organisation et la petite histoire d&#8217;une exploitation agricole multis\u00e9culaire aux portes de Bruxelles. 13 pages sont \u00e9galement consacr\u00e9es au fournil et au four \u00e0 pain &#8230;<\/div><div class=\"pt-cv-rmwrap\"><a href=\"https:\/\/cebe.be\/fr\/2025\/05\/18\/6-lhof-ter-musschen-histoire-et-anecdotes-dune-ferme-brabanconne\/\" class=\"_self pt-cv-readmore btn btn-success\" target=\"_self\" >Lire La Suite\u2026<\/a><\/div><\/div><\/div>\n<div class=\" pt-cv-content-item pt-cv-2-col\"  data-pid=\"1198\"><div class=\"pt-cv-thumb-wrapper pull-left \"><a href=\"https:\/\/cebe.be\/fr\/2025\/05\/18\/7-petit-traite-de-boulangerie-traditionnelle-17-ans-au-fournil-de-lhof-ter-musschen\/\" class=\"_self pt-cv-href-thumbnail pt-cv-thumb-left\" target=\"_self\" ><img loading=\"lazy\" decoding=\"async\" width=\"212\" height=\"300\" src=\"https:\/\/cebe.be\/fr\/wp-content\/uploads\/2025\/05\/2024_petit_traite_boulangerie_traditionnelle-212x300-1.png\" class=\"pt-cv-thumbnail pull-left\" alt=\"7. Petit trait\u00e9 de boulangerie traditionnelle. 17 ans au Fournil de l\u2019Hof ter Musschen\" \/><\/a><\/div>\n<div class=\"pt-cv-colwrap\"><h4 class=\"pt-cv-title\"><a href=\"https:\/\/cebe.be\/fr\/2025\/05\/18\/7-petit-traite-de-boulangerie-traditionnelle-17-ans-au-fournil-de-lhof-ter-musschen\/\" class=\"_self\" target=\"_self\" >7. Petit trait\u00e9 de boulangerie traditionnelle. 17 ans au Fournil de l\u2019Hof ter Musschen<\/a><\/h4><div class=\"pt-cv-content\">Par Alain Doornaert, Axel Colin &amp; David Waiengnier Cet ouvrage compile 17 ans de passion et d\u2019exp\u00e9rience au fournil de l\u2019Hof ter Musschen. Il est \u00e9crit par David Waiengnier, en collaboration avec Alain Doornaert, (tous &#8230;<\/div><div class=\"pt-cv-rmwrap\"><a href=\"https:\/\/cebe.be\/fr\/2025\/05\/18\/7-petit-traite-de-boulangerie-traditionnelle-17-ans-au-fournil-de-lhof-ter-musschen\/\" class=\"_self pt-cv-readmore btn btn-success\" target=\"_self\" >Lire La Suite\u2026<\/a><\/div><\/div><\/div>\n<div class=\" pt-cv-content-item pt-cv-2-col\"  data-pid=\"1217\"><div class=\"pt-cv-thumb-wrapper pull-left \"><a href=\"https:\/\/cebe.be\/fr\/2025\/05\/18\/8-la-botanique-des-rues\/\" class=\"_self pt-cv-href-thumbnail pt-cv-thumb-left\" target=\"_self\" ><img loading=\"lazy\" decoding=\"async\" width=\"558\" height=\"787\" src=\"https:\/\/cebe.be\/fr\/wp-content\/uploads\/2025\/05\/botanique_rue.png\" class=\"pt-cv-thumbnail pull-left\" alt=\"8. La botanique des rues\" \/><\/a><\/div>\n<div class=\"pt-cv-colwrap\"><h4 class=\"pt-cv-title\"><a href=\"https:\/\/cebe.be\/fr\/2025\/05\/18\/8-la-botanique-des-rues\/\" class=\"_self\" target=\"_self\" >8. La botanique des rues<\/a><\/h4><div class=\"pt-cv-content\">Par Anne-Marie Paelinck L&#8217;ensemble des pages &#8220;La Botanique des Rues&#8221;, publi\u00e9es dans l&#8217;Echo du Marais entre ocotobre 2012 et mars 2021. Gratuit, \u00e0 t\u00e9l\u00e9charger. La botanique_des_ruesT\u00e9l\u00e9charger &#8230;<\/div><div class=\"pt-cv-rmwrap\"><a href=\"https:\/\/cebe.be\/fr\/2025\/05\/18\/8-la-botanique-des-rues\/\" class=\"_self pt-cv-readmore btn btn-success\" target=\"_self\" >Lire La Suite\u2026<\/a><\/div><\/div><\/div><\/div><\/div> <\/div> <style>\n\n#pt-cv-view-tsqyjo63 .pt-cv-meta-fields {  }#pt-cv-view-tsqyjo63 .pt-cv-meta-fields * { font-size: 13px; }#pt-cv-view-tsqyjo63 .pt-cv-thumb-wrapper:not(.miniwrap) { width: 40%; }#pt-cv-view-tsqyjo63 .pt-cv-thumbnail:not(.pt-cv-thumbnailsm) { height: 300px; }#pt-cv-view-tsqyjo63 .pt-cv-title a { display: block; }#pt-cv-view-tsqyjo63 .pt-cv-title:not(.pt-cv-titlesm) a { font-weight: 600;text-decoration: none;font-size: 22px; }#pt-cv-view-tsqyjo63 .pt-cv-titlesm a { font-weight: 600;font-size: 18px; }#pt-cv-view-tsqyjo63 .pt-cv-content { font-size: 15px; }#pt-cv-view-tsqyjo63 .pt-cv-rmwrap {  }#pt-cv-view-tsqyjo63 .pt-cv-readmore { color: #fff;background-color: #0075ff;font-size: 14px; }#pt-cv-view-tsqyjo63 .pt-cv-taxoterm {  }#pt-cv-view-tsqyjo63 .pt-cv-taxoterm * { color: #222;background-color: #fff6f6;font-size: 14px; }#pt-cv-view-tsqyjo63 + .pt-cv-pagination-wrapper {  }#pt-cv-view-tsqyjo63 + .pt-cv-pagination-wrapper a { font-size: 14px; }#pt-cv-view-tsqyjo63 > .pt-cv-page {grid-template-columns: repeat(1, 1fr);grid-gap: 20px;}\n@media all and (max-width: 1024px) { \n#pt-cv-view-tsqyjo63 > .pt-cv-page {grid-template-columns: repeat(1, 1fr);}\n} \n@media all and (max-width: 767px) { \n#pt-cv-view-tsqyjo63 > .pt-cv-page {grid-template-columns: repeat(1, 1fr);}\n} <\/style>","protected":false},"excerpt":{"rendered":"<p>Frais de port : \u20ac 1,50 (sauf 6. L\u2019Hof ter Musschen \u2013 Histoire et anecdotes : \u20ac 3,50). A verser au compte (IBAN) BE 19-0015-1170-7412 (BIC : GEBA BE BB), communication \u00ab Brochures \u00bb + lesnum\u00e9ros des brochures souhait\u00e9es.<\/p>\n","protected":false},"author":1,"featured_media":0,"parent":0,"menu_order":0,"comment_status":"closed","ping_status":"closed","template":"","meta":{"_acf_changed":false,"neve_meta_sidebar":"","neve_meta_container":"","neve_meta_enable_content_width":"","neve_meta_content_width":0,"neve_meta_title_alignment":"","neve_meta_author_avatar":"","neve_post_elements_order":"","neve_meta_disable_header":"","neve_meta_disable_footer":"","neve_meta_disable_title":"","iawp_total_views":78,"footnotes":""},"categories":[],"tags":[],"class_list":["post-58","page","type-page","status-publish","hentry"],"acf":[],"_links":{"self":[{"href":"https:\/\/cebe.be\/fr\/wp-json\/wp\/v2\/pages\/58","targetHints":{"allow":["GET"]}}],"collection":[{"href":"https:\/\/cebe.be\/fr\/wp-json\/wp\/v2\/pages"}],"about":[{"href":"https:\/\/cebe.be\/fr\/wp-json\/wp\/v2\/types\/page"}],"author":[{"embeddable":true,"href":"https:\/\/cebe.be\/fr\/wp-json\/wp\/v2\/users\/1"}],"replies":[{"embeddable":true,"href":"https:\/\/cebe.be\/fr\/wp-json\/wp\/v2\/comments?post=58"}],"version-history":[{"count":5,"href":"https:\/\/cebe.be\/fr\/wp-json\/wp\/v2\/pages\/58\/revisions"}],"predecessor-version":[{"id":1216,"href":"https:\/\/cebe.be\/fr\/wp-json\/wp\/v2\/pages\/58\/revisions\/1216"}],"wp:attachment":[{"href":"https:\/\/cebe.be\/fr\/wp-json\/wp\/v2\/media?parent=58"}],"wp:term":[{"taxonomy":"category","embeddable":true,"href":"https:\/\/cebe.be\/fr\/wp-json\/wp\/v2\/categories?post=58"},{"taxonomy":"post_tag","embeddable":true,"href":"https:\/\/cebe.be\/fr\/wp-json\/wp\/v2\/tags?post=58"}],"curies":[{"name":"wp","href":"https:\/\/api.w.org\/{rel}","templated":true}]}}