{"id":54,"date":"2025-02-03T12:04:45","date_gmt":"2025-02-03T11:04:45","guid":{"rendered":"https:\/\/cebe.be\/fr\/?page_id=54"},"modified":"2026-03-09T23:23:25","modified_gmt":"2026-03-09T22:23:25","slug":"jardin","status":"publish","type":"page","link":"https:\/\/cebe.be\/fr\/jardin\/","title":{"rendered":"Jardin aromatique"},"content":{"rendered":"\n<h3 class=\"wp-block-heading\">Le jardin aux herbes aromatiques<\/h3>\n\n\n\n<p>Ce jardin d&#8217;herbes aromatiques se trouve au&nbsp;moulin d&#8217;Evere.<\/p>\n\n\n\n<div class=\"wp-block-columns is-layout-flex wp-container-core-columns-is-layout-ed5226f6 wp-block-columns-is-layout-flex\" style=\"padding-right:0;padding-left:0\">\n<div class=\"wp-block-column is-vertically-aligned-center is-layout-flow wp-block-column-is-layout-flow\" style=\"padding-right:2rem;padding-left:0rem;flex-basis:60%\">\n<p>Il&nbsp;perp\u00e9tue&nbsp;une partie de l&#8217;histoire du moulin d&#8217;Evere : la derni\u00e8re entreprise qui y \u00e9tait install\u00e9e faisait de la&nbsp;mouture d&#8217;\u00e9pices&nbsp;et d&#8217;herbes aromatiques.<\/p>\n\n\n\n<p id=\"block-3f7849f1-47bd-4991-af61-7661644b701e\">Il a \u00e9t\u00e9 cr\u00e9\u00e9 en 1998 par la CEBE avec le soutien de la Commune d&#8217;Evere et de la soci\u00e9t\u00e9 &#8220;Oscar Tausig&#8221;.<\/p>\n<\/div>\n\n\n\n<div class=\"wp-block-column is-layout-flow wp-block-column-is-layout-flow\" style=\"padding-right:0;padding-left:0;flex-basis:40%\"><div class=\"wp-block-image\">\n<figure class=\"aligncenter size-full has-custom-border\"><a href=\"https:\/\/cebe.be\/fr\/wp-content\/uploads\/2025\/05\/P1050440.jpg\"><img loading=\"lazy\" decoding=\"async\" width=\"1024\" height=\"768\" src=\"https:\/\/cebe.be\/fr\/wp-content\/uploads\/2025\/05\/P1050440.jpg\" alt=\"\" class=\"wp-image-1330\" style=\"border-radius:30px\" srcset=\"https:\/\/cebe.be\/fr\/wp-content\/uploads\/2025\/05\/P1050440.jpg 1024w, https:\/\/cebe.be\/fr\/wp-content\/uploads\/2025\/05\/P1050440-300x225.jpg 300w, https:\/\/cebe.be\/fr\/wp-content\/uploads\/2025\/05\/P1050440-768x576.jpg 768w, https:\/\/cebe.be\/fr\/wp-content\/uploads\/2025\/05\/P1050440-24x18.jpg 24w, https:\/\/cebe.be\/fr\/wp-content\/uploads\/2025\/05\/P1050440-36x27.jpg 36w, https:\/\/cebe.be\/fr\/wp-content\/uploads\/2025\/05\/P1050440-48x36.jpg 48w\" sizes=\"auto, (max-width: 1024px) 100vw, 1024px\" \/><\/a><figcaption class=\"wp-element-caption\"><em><sup>Vue d&#8217;ensemble<\/sup><\/em><\/figcaption><\/figure>\n<\/div><\/div>\n<\/div>\n\n\n\n<div class=\"wp-block-columns is-layout-flex wp-container-core-columns-is-layout-ed5226f6 wp-block-columns-is-layout-flex\" style=\"padding-right:0;padding-left:0\">\n<div class=\"wp-block-column is-vertically-aligned-center is-layout-flow wp-block-column-is-layout-flow\" style=\"padding-right:2rem;padding-left:0rem;flex-basis:60%\">\n<p>Il rassemble une soixantaine de plantes condimentaires&nbsp;utilis\u00e9es en cuisine et&nbsp;cultivables sous nos climats. Plus de soixante herbes condimentaires sont pr\u00e9sentes. <\/p>\n\n\n\n<p>Le jardin abrite aussi de nombreux&nbsp;nichoirs \u00e0 insectes.<\/p>\n<\/div>\n\n\n\n<div class=\"wp-block-column is-layout-flow wp-block-column-is-layout-flow\" style=\"padding-right:0;padding-left:0;flex-basis:40%\"><div class=\"wp-block-image\">\n<figure class=\"aligncenter size-full has-custom-border\"><a href=\"https:\/\/cebe.be\/fr\/wp-content\/uploads\/2025\/05\/22_9_2007_008.jpg\"><img loading=\"lazy\" decoding=\"async\" width=\"1024\" height=\"768\" src=\"https:\/\/cebe.be\/fr\/wp-content\/uploads\/2025\/05\/22_9_2007_008.jpg\" alt=\"\" class=\"wp-image-1338\" style=\"border-radius:30px\" srcset=\"https:\/\/cebe.be\/fr\/wp-content\/uploads\/2025\/05\/22_9_2007_008.jpg 1024w, https:\/\/cebe.be\/fr\/wp-content\/uploads\/2025\/05\/22_9_2007_008-300x225.jpg 300w, https:\/\/cebe.be\/fr\/wp-content\/uploads\/2025\/05\/22_9_2007_008-768x576.jpg 768w, https:\/\/cebe.be\/fr\/wp-content\/uploads\/2025\/05\/22_9_2007_008-24x18.jpg 24w, https:\/\/cebe.be\/fr\/wp-content\/uploads\/2025\/05\/22_9_2007_008-36x27.jpg 36w, https:\/\/cebe.be\/fr\/wp-content\/uploads\/2025\/05\/22_9_2007_008-48x36.jpg 48w\" sizes=\"auto, (max-width: 1024px) 100vw, 1024px\" \/><\/a><\/figure>\n<\/div><\/div>\n<\/div>\n\n\n\n<div style=\"height:20px\" aria-hidden=\"true\" class=\"wp-block-spacer\"><\/div>\n\n\n\n<p>Libre d\u2019acc\u00e8s, une visite guid\u00e9e y est organis\u00e9e tous les 3<sup>\u00e8mes<\/sup> samedis du mois d\u2019avril \u00e0 septembre inclus (d\u00e9but \u00e0 14 h).<\/p>\n\n\n\n<p>Il est possible de s\u2019entra\u00eener \u00e0 la culture des plantes condimentaires en participant aux demi-journ\u00e9es de gestion du site qui ont lieu de 10 h \u00e0 13 h avant les visites guid\u00e9es.<\/p>\n\n\n\n<h2 class=\"wp-block-heading\">Agenda<\/h2>\n\n\n\r\n        \t\t\r\n                \r\n\t\t<div id=\"ymc-filter-1\"\r\n             class=\"ymc ymc-filter-grids ymc-container js-ymc-container ymc-filter-2723 ymc-filter-2723-1\"\r\n             data-params=\"{&quot;post_types&quot;:[&quot;post&quot;],&quot;taxonomies&quot;:[&quot;category&quot;],&quot;terms&quot;:[57,32],&quot;preloader_settings&quot;:{&quot;icon&quot;:&quot;dual_arc&quot;,&quot;filter_preloader&quot;:&quot;none&quot;,&quot;custom_filters_css&quot;:&quot;&quot;},&quot;filter_id&quot;:2723,&quot;counter&quot;:1,&quot;page_id&quot;:0,&quot;paged&quot;:1}\"\r\n             data-loading-enabled=\"true\"\r\n             data-grid-style=\"grid\"\r\n             data-filter-id=\"2723\">\r\n\t\t\t\r\n\t    <style>\r\n\t    .ymc-filter-2723, .ymc-extra-filter-2723 {\r\n\t        --ymc-filter-font-family: Montserrat;\r\n\t        --ymc-filter-font-size: 16px;\r\n\t        --ymc-filter-font-weight: 700;\r\n\t        --ymc-filter-font-style: normal;\r\n\t        --ymc-filter-line-height: 1.5;\r\n\t        --ymc-filter-letter-spacing: 1;\r\n\t        --ymc-filter-text-transform: none;\r\n\t        --ymc-filter-background-color: rgb(91,168,33);\r\n\t        --ymc-filter-color: #ffffff;\r\n\t        --ymc-filter-active-color: rgb(238,238,34);\r\n\t        --ymc-filter-active-background-color: rgb(91,168,33);\r\n\t        --ymc-filter-hover-text-color: rgb(238,238,34);\r\n\t        --ymc-filter-hover-background-color: rgb(91,168,33);\r\n\t        --ymc-filter-justify-content: flex-start;\r\n\t        --ymc-filter-padding-top: 10px;\n--ymc-filter-padding-right: 20px;\n--ymc-filter-padding-bottom: 10px;\n--ymc-filter-padding-left: 20px;\n\r\n\t        --ymc-filter-margin-top: 0px;\n--ymc-filter-margin-right: 10px;\n--ymc-filter-margin-bottom: 10px;\n--ymc-filter-margin-left: 0px;\n\r\n\t\r\n\t        --ymc-post-title-font-family: Montserrat;\r\n\t        --ymc-post-title-font-size: 20px;\r\n\t        --ymc-post-title-font-weight: 600;\r\n\t        --ymc-post-title-text-transform: none;\r\n\t        --ymc-post-title-line-height: 1;\r\n\t        --ymc-post-title-letter-spacing: 1;\r\n\t        --ymc-post-title-color: rgb(91,168,33);\r\n\t\r\n\t        --ymc-post-meta-font-family: Montserrat;\r\n\t        --ymc-post-meta-font-size: 14px;\r\n\t        --ymc-post-meta-font-weight: 400;\r\n\t        --ymc-post-meta-color: #1f1f1f;\r\n\t\r\n\t        --ymc-post-excerpt-font-family: Montserrat;\r\n\t        --ymc-post-excerpt-font-size: 14px;\r\n\t        --ymc-post-excerpt-font-weight: 500;\r\n\t        --ymc-post-excerpt-line-height: 1.4;\r\n\t        --ymc-post-excerpt-font-style: normal;\r\n\t        --ymc-post-excerpt-transform: none;\r\n\t        --ymc-post-excerpt-letter-spacing: 1;\r\n\t        --ymc-post-excerpt-color: rgb(0,0,0);\r\n\t\r\n\t        --ymc-post-link-font-family: Montserrat;\r\n\t        --ymc-post-link-font-size: 16px;\r\n\t        --ymc-post-link-font-weight: 400;\r\n\t        --ymc-post-link-transform: none;\r\n\t        --ymc-post-link-letter-spacing: 1.5;\r\n\t        --ymc-post-link-color: rgb(91,168,33);\r\n\t    }\r\n\t    <\/style>\n<div class=\"filter-posts-wrapper\">\n\t\t\t    <div class=\"filter-layout filter-layout--top\">\n                <div class=\"filter-section filter-section--top\">\n\t        \t        \r\n        <div class=\"filter filter-default filter-category filter-2723\"\r\n             data-filter-type=\"default\"\r\n             data-selection-mode=\"single\">\r\n\t                    <div class=\"filter-default-inner\">\r\n                <div class=\"filter-buttons\">\r\n                                        <button class=\"filter-button filter-button--all is-active js-filter-button-all\"\r\n                            data-all-terms='[32,57]'>\r\n                        <span class=\"text\">\r\n                        Tout<\/span>\r\n                    <\/button>\r\n\r\n                       <button class=\"filter-button left-icon\"\r\n\t\t\t                data-termid=\"57\"\r\n                aria-pressed=\"false\" >\r\n\t\t\t            <span class=\"text\">Visite Jardin Aromatique<\/span>\r\n                    <\/button>\r\n\t\t        <button class=\"filter-button left-icon\"\r\n\t\t\t                data-termid=\"32\"\r\n                aria-pressed=\"false\" >\r\n\t\t\t            <span class=\"text\">Gestion Jardin Aromatique<\/span>\r\n                    <\/button>\r\n\t\t                <\/div>\r\n            <\/div>\r\n\t                <\/div>\r\n\r\n\t\t\t                <\/div>\n                <div class=\"filter-content\">\n                        <div class=\"posts-grid js-ajax-content ymc-cols-xxs-1 ymc-cols-xs-1 ymc-cols-sm-1 ymc-cols-md-1 ymc-cols-lg-1 ymc-cols-xl-1 ymc-col-gap-30 ymc-row-gap-30 ymc-col-gap-30 ymc-row-gap-30\"><\/div>\n\t                <\/div>\n    <\/div>\n<\/div>\n\n\t\t<\/div>\r\n\t\t\n","protected":false},"excerpt":{"rendered":"<p>Le jardin aux herbes aromatiques Ce jardin d&#8217;herbes aromatiques se trouve au&nbsp;moulin d&#8217;Evere. Il&nbsp;perp\u00e9tue&nbsp;une partie de l&#8217;histoire du moulin d&#8217;Evere : la derni\u00e8re entreprise qui y \u00e9tait install\u00e9e faisait de la&nbsp;mouture d&#8217;\u00e9pices&nbsp;et d&#8217;herbes aromatiques. Il a \u00e9t\u00e9 cr\u00e9\u00e9 en 1998 par la CEBE avec le soutien de la Commune d&#8217;Evere et de la soci\u00e9t\u00e9 &#8220;Oscar&hellip;&nbsp;<a href=\"https:\/\/cebe.be\/fr\/jardin\/\" rel=\"bookmark\">Lire la suite &raquo;<span class=\"screen-reader-text\">Jardin aromatique<\/span><\/a><\/p>\n","protected":false},"author":1,"featured_media":1775,"parent":0,"menu_order":0,"comment_status":"closed","ping_status":"closed","template":"","meta":{"_acf_changed":false,"neve_meta_sidebar":"","neve_meta_container":"","neve_meta_enable_content_width":"","neve_meta_content_width":0,"neve_meta_title_alignment":"","neve_meta_author_avatar":"","neve_post_elements_order":"","neve_meta_disable_header":"","neve_meta_disable_footer":"","neve_meta_disable_title":"","iawp_total_views":83,"footnotes":""},"categories":[],"tags":[],"class_list":["post-54","page","type-page","status-publish","has-post-thumbnail","hentry"],"acf":[],"_links":{"self":[{"href":"https:\/\/cebe.be\/fr\/wp-json\/wp\/v2\/pages\/54","targetHints":{"allow":["GET"]}}],"collection":[{"href":"https:\/\/cebe.be\/fr\/wp-json\/wp\/v2\/pages"}],"about":[{"href":"https:\/\/cebe.be\/fr\/wp-json\/wp\/v2\/types\/page"}],"author":[{"embeddable":true,"href":"https:\/\/cebe.be\/fr\/wp-json\/wp\/v2\/users\/1"}],"replies":[{"embeddable":true,"href":"https:\/\/cebe.be\/fr\/wp-json\/wp\/v2\/comments?post=54"}],"version-history":[{"count":9,"href":"https:\/\/cebe.be\/fr\/wp-json\/wp\/v2\/pages\/54\/revisions"}],"predecessor-version":[{"id":2733,"href":"https:\/\/cebe.be\/fr\/wp-json\/wp\/v2\/pages\/54\/revisions\/2733"}],"wp:featuredmedia":[{"embeddable":true,"href":"https:\/\/cebe.be\/fr\/wp-json\/wp\/v2\/media\/1775"}],"wp:attachment":[{"href":"https:\/\/cebe.be\/fr\/wp-json\/wp\/v2\/media?parent=54"}],"wp:term":[{"taxonomy":"category","embeddable":true,"href":"https:\/\/cebe.be\/fr\/wp-json\/wp\/v2\/categories?post=54"},{"taxonomy":"post_tag","embeddable":true,"href":"https:\/\/cebe.be\/fr\/wp-json\/wp\/v2\/tags?post=54"}],"curies":[{"name":"wp","href":"https:\/\/api.w.org\/{rel}","templated":true}]}}