{"id":52,"date":"2025-02-03T12:04:38","date_gmt":"2025-02-03T11:04:38","guid":{"rendered":"https:\/\/cebe.be\/fr\/?page_id=52"},"modified":"2026-03-09T23:14:21","modified_gmt":"2026-03-09T22:14:21","slug":"potager","status":"publish","type":"page","link":"https:\/\/cebe.be\/fr\/potager\/","title":{"rendered":"Potager biologique"},"content":{"rendered":"\n<p>Ce jardin-potager est situ\u00e9 au croisement des rues de Verdun et du Houtweg, juste \u00e0 la limite entre Evere et Haren.<\/p>\n\n\n\n<p>Cr\u00e9\u00e9 en&nbsp;1990, le potager b\u00e9n\u00e9ficie du&nbsp;soutien&nbsp;ponctuel de la&nbsp;commune&nbsp;d&#8217;Evere&nbsp;et de l&#8217;enthousiasme sans faille des &#8220;colons&#8221; qui le cultivent. A l&#8217;origine fortement artificialis\u00e9, il est g\u00e9r\u00e9 aujourd&#8217;hui en&nbsp;jardin-refuge naturel&nbsp;o\u00f9 la culture est la bienvenue. Il rassemble une collection de plus de&nbsp;200 plantes, dont une partie d&#8217;esp\u00e8ces cultiv\u00e9es (l\u00e9gumes et fruits).<\/p>\n\n\n\n<p><\/p>\n\n\n\n<h2 class=\"wp-block-heading\"><br>Fonctions des potagers urbains<\/h2>\n\n\n\n<p>Ce potager illustre parfaitement l&#8217;importance que la CEBE accorde \u00e0 la pr\u00e9sence des potagers en ville, en remplissant une s\u00e9rie de&nbsp;fonctions&nbsp;tr\u00e8s diverses :<\/p>\n\n\n\n<h3 class=\"wp-block-heading\">Production<\/h3>\n\n\n\n<p>Le&nbsp;colon&nbsp;consomme&nbsp;la&nbsp;production&nbsp;du lopin qu&#8217;il cultive. C&#8217;est la premi\u00e8re fonction du potager.<\/p>\n\n\n\n<h3 class=\"wp-block-heading\">&nbsp;Support<\/h3>\n\n\n\n<p>Les potagers&nbsp;structurent l&#8217;espace. Ils jouent \u00e9galement un&nbsp;r\u00f4le \u00e9cologique indirect&nbsp;par la capture de poussi\u00e8res sur les v\u00e9g\u00e9taux, etc. Ils peuvent aussi acqu\u00e9rir une fonction&nbsp;urbanistique&nbsp;et&nbsp;esth\u00e9tique, toutefois cette derni\u00e8re est parfois mise en d\u00e9faut vu l&#8217;utilisation de mat\u00e9riaux parfois h\u00e9t\u00e9roclites (cl\u00f4tures, cabanes \u00e0 outils).<\/p>\n\n\n\n<h3 class=\"wp-block-heading\">R\u00e9gulation<\/h3>\n\n\n\n<p>Il s&#8217;agit de la&nbsp;fonction \u00e9cologique directe&nbsp;: les potagers participent \u00e0 la&nbsp;diversit\u00e9 biologique&nbsp;et au&nbsp;maillage vert.&nbsp;Ils favorisent le maintien de la faune et de la flore li\u00e9es aux sols nus et aux friches annuelles.<\/p>\n\n\n\n<h3 class=\"wp-block-heading\">Loisirs<\/h3>\n\n\n\n<p>Associ\u00e9s au besoin de contact avec la nature, les potagers permettent d&#8217;occuper certains&nbsp;temps libres. Ils permettent aussi&nbsp;l&#8217;exercice physique.<\/p>\n\n\n\n<h3 class=\"wp-block-heading\">Social<\/h3>\n\n\n\n<p>Les potagers favorisent les&nbsp;\u00e9changes, entre jardiniers mais aussi entre colons et les habitants du quartier. Ils participent \u00e0 l&#8217;\u00e9veil \u00e0 la nature, surtout pour les plus jeunes. Ils permettent \u00e9galement, par la pr\u00e9sence des colons, un certain&nbsp;contr\u00f4le social&nbsp;de zones moins fr\u00e9quent\u00e9es.<\/p>\n\n\n\n<h3 class=\"wp-block-heading\">&nbsp;Historico-culturel<\/h3>\n\n\n\n<p>El\u00e9ments du patrimoine, les potagers refl\u00e8tent soit le&nbsp;pass\u00e9 mara\u00eecher&nbsp;de la zone, soit repr\u00e9sentent des&nbsp;reliquats&nbsp;de zones agricoles actuellement tr\u00e8s r\u00e9duites.<\/p>\n\n\n\n<h2 class=\"wp-block-heading\">&nbsp;<br>Principes de gestion<\/h2>\n\n\n\n<ul class=\"wp-block-list\">\n<li>La zone est g\u00e9r\u00e9e en&nbsp;refuge naturel. Diff\u00e9rents milieux s&#8217;y c\u00f4toient : la mare, le mur sec, le verger, les petits fruits, etc.<\/li>\n\n\n\n<li>La&nbsp;faune&nbsp;et la&nbsp;flore&nbsp;y sont accueillies \u00e0 bras ouverts. Certaines esp\u00e8ces, particuli\u00e8rement invasives, sont cependant contr\u00f4l\u00e9es.<\/li>\n\n\n\n<li>Les&nbsp;m\u00e9thodes de contr\u00f4le&nbsp;sont directement inspir\u00e9es de l&#8217;agriculture biologique. Le recours aux pesticides de synth\u00e8se y est strictement prohib\u00e9.<\/li>\n\n\n\n<li>Diff\u00e9rentes&nbsp;m\u00e9thodes de culture&nbsp;sont appliqu\u00e9es, notamment au niveau du travail du sol. Des techniques, comme le mulch et la culture sous plastique sont montr\u00e9es au public.<\/li>\n\n\n\n<li>La base de la fertilisation est assur\u00e9e par le&nbsp;compost&nbsp;r\u00e9alis\u00e9 sur place.<\/li>\n\n\n\n<li>Certaines&nbsp;plantes&nbsp;alimentaires, industrielles, m\u00e9dicinales ou mellif\u00e8res,&nbsp;rares&nbsp;ou tomb\u00e9es en&nbsp;disgr\u00e2ce, sont&nbsp;cultiv\u00e9es.&nbsp;<\/li>\n<\/ul>\n\n\n\n<h2 class=\"wp-block-heading\">&nbsp;Organisation des lieux<\/h2>\n\n\n\n<ul class=\"wp-block-list\">\n<li>La moiti\u00e9 du site est am\u00e9nag\u00e9e en&nbsp;jardin naturel. Elle accueille les principaux milieux. C&#8217;est dans cette zone parsem\u00e9e d&#8217;arbres fruitiers que la collection permanente de plantes est install\u00e9e.<\/li>\n\n\n\n<li>L&#8217;autre moiti\u00e9 du site est d\u00e9di\u00e9e \u00e0 la&nbsp;culture. Les l\u00e9gumes et les herbes aromatiques se partagent les diff\u00e9rentes &#8220;planches&#8221;. L&#8217;ensemble est color\u00e9 par la pr\u00e9sence de fleurs annuelles (bourraches, capucines, tag\u00e8tes, etc). Le site de compostage est bien s\u00fbr int\u00e9gr\u00e9 dans cette partie. Tr\u00f4nant au centre de l&#8217;ensemble, un noyer, la mare et la plate-bande aux c\u00e9r\u00e9ales compl\u00e8tent le tableau.<\/li>\n\n\n\n<li>L\u2019ensemble du site est labellis\u00e9 \u00ab&nbsp;Jardin Sauvage RNOB (aujourd\u2019hui NATAGORA)\u00bb.<\/li>\n\n\n\n<li>Une visite guid\u00e9e gratuite y est organis\u00e9e tous les 3<sup>\u00e8mes<\/sup> samedis du mois d\u2019avril \u00e0 septembre \u00e0 14 h.<\/li>\n<\/ul>\n\n\n\n<h2 class=\"wp-block-heading\">Agenda<\/h2>\n\n\n\r\n        \t\t\r\n                \r\n\t\t<div id=\"ymc-filter-1\"\r\n             class=\"ymc ymc-filter-grids ymc-container js-ymc-container ymc-filter-2720 ymc-filter-2720-1\"\r\n             data-params=\"{&quot;post_types&quot;:[&quot;post&quot;],&quot;taxonomies&quot;:[&quot;category&quot;],&quot;terms&quot;:[56,31],&quot;preloader_settings&quot;:{&quot;icon&quot;:&quot;dual_arc&quot;,&quot;filter_preloader&quot;:&quot;none&quot;,&quot;custom_filters_css&quot;:&quot;&quot;},&quot;filter_id&quot;:2720,&quot;counter&quot;:1,&quot;page_id&quot;:0,&quot;paged&quot;:1}\"\r\n             data-loading-enabled=\"true\"\r\n             data-grid-style=\"grid\"\r\n             data-filter-id=\"2720\">\r\n\t\t\t\r\n\t    <style>\r\n\t    .ymc-filter-2720, .ymc-extra-filter-2720 {\r\n\t        --ymc-filter-font-family: Montserrat;\r\n\t        --ymc-filter-font-size: 16px;\r\n\t        --ymc-filter-font-weight: 700;\r\n\t        --ymc-filter-font-style: normal;\r\n\t        --ymc-filter-line-height: 1.5;\r\n\t        --ymc-filter-letter-spacing: 1;\r\n\t        --ymc-filter-text-transform: none;\r\n\t        --ymc-filter-background-color: rgb(91,168,33);\r\n\t        --ymc-filter-color: #ffffff;\r\n\t        --ymc-filter-active-color: rgb(238,238,34);\r\n\t        --ymc-filter-active-background-color: rgb(91,168,33);\r\n\t        --ymc-filter-hover-text-color: rgb(238,238,34);\r\n\t        --ymc-filter-hover-background-color: rgb(91,168,33);\r\n\t        --ymc-filter-justify-content: flex-start;\r\n\t        --ymc-filter-padding-top: 10px;\n--ymc-filter-padding-right: 20px;\n--ymc-filter-padding-bottom: 10px;\n--ymc-filter-padding-left: 20px;\n\r\n\t        --ymc-filter-margin-top: 0px;\n--ymc-filter-margin-right: 10px;\n--ymc-filter-margin-bottom: 10px;\n--ymc-filter-margin-left: 0px;\n\r\n\t\r\n\t        --ymc-post-title-font-family: Montserrat;\r\n\t        --ymc-post-title-font-size: 20px;\r\n\t        --ymc-post-title-font-weight: 600;\r\n\t        --ymc-post-title-text-transform: none;\r\n\t        --ymc-post-title-line-height: 1;\r\n\t        --ymc-post-title-letter-spacing: 1;\r\n\t        --ymc-post-title-color: rgb(91,168,33);\r\n\t\r\n\t        --ymc-post-meta-font-family: Montserrat;\r\n\t        --ymc-post-meta-font-size: 14px;\r\n\t        --ymc-post-meta-font-weight: 400;\r\n\t        --ymc-post-meta-color: #1f1f1f;\r\n\t\r\n\t        --ymc-post-excerpt-font-family: Montserrat;\r\n\t        --ymc-post-excerpt-font-size: 14px;\r\n\t        --ymc-post-excerpt-font-weight: 500;\r\n\t        --ymc-post-excerpt-line-height: 1.4;\r\n\t        --ymc-post-excerpt-font-style: normal;\r\n\t        --ymc-post-excerpt-transform: none;\r\n\t        --ymc-post-excerpt-letter-spacing: 1;\r\n\t        --ymc-post-excerpt-color: rgb(0,0,0);\r\n\t\r\n\t        --ymc-post-link-font-family: Montserrat;\r\n\t        --ymc-post-link-font-size: 16px;\r\n\t        --ymc-post-link-font-weight: 400;\r\n\t        --ymc-post-link-transform: none;\r\n\t        --ymc-post-link-letter-spacing: 1.5;\r\n\t        --ymc-post-link-color: rgb(91,168,33);\r\n\t    }\r\n\t    <\/style>\n<div class=\"filter-posts-wrapper\">\n\t\t\t    <div class=\"filter-layout filter-layout--top\">\n                <div class=\"filter-section filter-section--top\">\n\t        \t        \r\n        <div class=\"filter filter-default filter-category filter-2720\"\r\n             data-filter-type=\"default\"\r\n             data-selection-mode=\"single\">\r\n\t                    <div class=\"filter-default-inner\">\r\n                <div class=\"filter-buttons\">\r\n                                        <button class=\"filter-button filter-button--all is-active js-filter-button-all\"\r\n                            data-all-terms='[31,56]'>\r\n                        <span class=\"text\">\r\n                        Tout<\/span>\r\n                    <\/button>\r\n\r\n                       <button class=\"filter-button left-icon\"\r\n\t\t\t                data-termid=\"56\"\r\n                aria-pressed=\"false\" >\r\n\t\t\t            <span class=\"text\">Visite Potager Houtweg<\/span>\r\n                    <\/button>\r\n\t\t        <button class=\"filter-button left-icon\"\r\n\t\t\t                data-termid=\"31\"\r\n                aria-pressed=\"false\" >\r\n\t\t\t            <span class=\"text\">Gestion Potager<\/span>\r\n                    <\/button>\r\n\t\t                <\/div>\r\n            <\/div>\r\n\t                <\/div>\r\n\r\n\t\t\t                <\/div>\n                <div class=\"filter-content\">\n                        <div class=\"posts-grid js-ajax-content ymc-cols-xxs-1 ymc-cols-xs-1 ymc-cols-sm-1 ymc-cols-md-1 ymc-cols-lg-1 ymc-cols-xl-1 ymc-col-gap-30 ymc-row-gap-30 ymc-col-gap-30 ymc-row-gap-30\"><\/div>\n\t                <\/div>\n    <\/div>\n<\/div>\n\n\t\t<\/div>\r\n\t\t\n","protected":false},"excerpt":{"rendered":"<p>Ce jardin-potager est situ\u00e9 au croisement des rues de Verdun et du Houtweg, juste \u00e0 la limite entre Evere et Haren. Cr\u00e9\u00e9 en&nbsp;1990, le potager b\u00e9n\u00e9ficie du&nbsp;soutien&nbsp;ponctuel de la&nbsp;commune&nbsp;d&#8217;Evere&nbsp;et de l&#8217;enthousiasme sans faille des &#8220;colons&#8221; qui le cultivent. A l&#8217;origine fortement artificialis\u00e9, il est g\u00e9r\u00e9 aujourd&#8217;hui en&nbsp;jardin-refuge naturel&nbsp;o\u00f9 la culture est la bienvenue. Il rassemble&hellip;&nbsp;<a href=\"https:\/\/cebe.be\/fr\/potager\/\" rel=\"bookmark\">Lire la suite &raquo;<span class=\"screen-reader-text\">Potager biologique<\/span><\/a><\/p>\n","protected":false},"author":1,"featured_media":0,"parent":0,"menu_order":0,"comment_status":"closed","ping_status":"closed","template":"","meta":{"_acf_changed":false,"neve_meta_sidebar":"","neve_meta_container":"","neve_meta_enable_content_width":"","neve_meta_content_width":0,"neve_meta_title_alignment":"","neve_meta_author_avatar":"","neve_post_elements_order":"","neve_meta_disable_header":"","neve_meta_disable_footer":"","neve_meta_disable_title":"","iawp_total_views":87,"footnotes":""},"categories":[],"tags":[],"class_list":["post-52","page","type-page","status-publish","hentry"],"acf":[],"_links":{"self":[{"href":"https:\/\/cebe.be\/fr\/wp-json\/wp\/v2\/pages\/52","targetHints":{"allow":["GET"]}}],"collection":[{"href":"https:\/\/cebe.be\/fr\/wp-json\/wp\/v2\/pages"}],"about":[{"href":"https:\/\/cebe.be\/fr\/wp-json\/wp\/v2\/types\/page"}],"author":[{"embeddable":true,"href":"https:\/\/cebe.be\/fr\/wp-json\/wp\/v2\/users\/1"}],"replies":[{"embeddable":true,"href":"https:\/\/cebe.be\/fr\/wp-json\/wp\/v2\/comments?post=52"}],"version-history":[{"count":6,"href":"https:\/\/cebe.be\/fr\/wp-json\/wp\/v2\/pages\/52\/revisions"}],"predecessor-version":[{"id":2722,"href":"https:\/\/cebe.be\/fr\/wp-json\/wp\/v2\/pages\/52\/revisions\/2722"}],"wp:attachment":[{"href":"https:\/\/cebe.be\/fr\/wp-json\/wp\/v2\/media?parent=52"}],"wp:term":[{"taxonomy":"category","embeddable":true,"href":"https:\/\/cebe.be\/fr\/wp-json\/wp\/v2\/categories?post=52"},{"taxonomy":"post_tag","embeddable":true,"href":"https:\/\/cebe.be\/fr\/wp-json\/wp\/v2\/tags?post=52"}],"curies":[{"name":"wp","href":"https:\/\/api.w.org\/{rel}","templated":true}]}}