{"id":44,"date":"2025-02-03T12:04:17","date_gmt":"2025-02-03T11:04:17","guid":{"rendered":"https:\/\/cebe.be\/fr\/?page_id=44"},"modified":"2026-03-09T23:20:59","modified_gmt":"2026-03-09T22:20:59","slug":"visites","status":"publish","type":"page","link":"https:\/\/cebe.be\/fr\/visites\/","title":{"rendered":"Visites"},"content":{"rendered":"\n<p>La CEBE organise trois types de visites dans les sites qu&#8217;elle g\u00e8re : les visites <strong>mensuelles<\/strong>, \u00e0 la <strong>carte<\/strong> et <strong>scolaires<\/strong>.<\/p>\n\n\n\n<h3 class=\"wp-block-heading\">1. Les visites mensuelles<\/h3>\n\n\n\n<div class=\"wp-block-columns is-layout-flex wp-container-core-columns-is-layout-ed5226f6 wp-block-columns-is-layout-flex\" style=\"padding-right:0;padding-left:0\">\n<div class=\"wp-block-column is-vertically-aligned-center is-layout-flow wp-block-column-is-layout-flow\" style=\"padding-right:2rem;padding-left:0rem;flex-basis:40.1%\">\n<p>Pour les curieux de la nature, la CEBE propose gratuitement des visites mensuelles \u00e0 th\u00e8mes vari\u00e9s.<\/p>\n\n\n\n<p>Elles durent de deux \u00e0 trois heures. <\/p>\n<\/div>\n\n\n\n<div class=\"wp-block-column is-layout-flow wp-block-column-is-layout-flow\" style=\"padding-right:0;padding-left:0;flex-basis:33.33%\"><div class=\"wp-block-image\">\n<figure class=\"aligncenter size-full has-custom-border\"><a href=\"https:\/\/cebe.be\/fr\/wp-content\/uploads\/2025\/02\/visite_groupe.jpg\"><img loading=\"lazy\" decoding=\"async\" width=\"500\" height=\"238\" src=\"https:\/\/cebe.be\/fr\/wp-content\/uploads\/2025\/02\/visite_groupe.jpg\" alt=\"\" class=\"wp-image-652\" style=\"border-radius:30px\" srcset=\"https:\/\/cebe.be\/fr\/wp-content\/uploads\/2025\/02\/visite_groupe.jpg 500w, https:\/\/cebe.be\/fr\/wp-content\/uploads\/2025\/02\/visite_groupe-300x143.jpg 300w, https:\/\/cebe.be\/fr\/wp-content\/uploads\/2025\/02\/visite_groupe-24x11.jpg 24w, https:\/\/cebe.be\/fr\/wp-content\/uploads\/2025\/02\/visite_groupe-36x17.jpg 36w, https:\/\/cebe.be\/fr\/wp-content\/uploads\/2025\/02\/visite_groupe-48x23.jpg 48w\" sizes=\"auto, (max-width: 500px) 100vw, 500px\" \/><\/a><\/figure>\n<\/div><\/div>\n<\/div>\n\n\n\n<p>Au hasard des d\u00e9couvertes et en relation avec le th\u00e8me, le guide met en \u00e9vidence, analyse et commente les \u00e9l\u00e9ments naturels rencontr\u00e9s : oiseaux, petits mammif\u00e8res, reptiles, poissons, insectes, myriapodes, vers mollusques, araign\u00e9es, herbes, fleurs, fruits et graines, arbres, bourgeons, \u00e9corces, mousses, champignons, lichens,\u2026<\/p>\n\n\n\n<h3 class=\"wp-block-heading\">2. Les visites \u00e0 la carte<\/h3>\n\n\n\n<div class=\"wp-block-columns is-layout-flex wp-container-core-columns-is-layout-9d6595d7 wp-block-columns-is-layout-flex\">\n<div class=\"wp-block-column is-layout-flow wp-block-column-is-layout-flow\" style=\"flex-basis:33%\"><div class=\"wp-block-image\">\n<figure class=\"aligncenter size-full has-custom-border\"><a href=\"https:\/\/cebe.be\/fr\/wp-content\/uploads\/2025\/02\/visite_groupe2.jpg\"><img loading=\"lazy\" decoding=\"async\" width=\"300\" height=\"225\" src=\"https:\/\/cebe.be\/fr\/wp-content\/uploads\/2025\/02\/visite_groupe2.jpg\" alt=\"\" class=\"wp-image-653\" style=\"border-radius:30px\" srcset=\"https:\/\/cebe.be\/fr\/wp-content\/uploads\/2025\/02\/visite_groupe2.jpg 300w, https:\/\/cebe.be\/fr\/wp-content\/uploads\/2025\/02\/visite_groupe2-24x18.jpg 24w, https:\/\/cebe.be\/fr\/wp-content\/uploads\/2025\/02\/visite_groupe2-36x27.jpg 36w, https:\/\/cebe.be\/fr\/wp-content\/uploads\/2025\/02\/visite_groupe2-48x36.jpg 48w\" sizes=\"auto, (max-width: 300px) 100vw, 300px\" \/><\/a><\/figure>\n<\/div><\/div>\n\n\n\n<div class=\"wp-block-column is-vertically-aligned-center is-layout-flow wp-block-column-is-layout-flow\" style=\"padding-left:2rem\">\n<p>Certaines familles, groupes d&#8217;amis ou associations souhaitent profiter d&#8217;une animation personnalis\u00e9e sur nos sites.<\/p>\n<\/div>\n<\/div>\n\n\n\n<p>Moyennant la somme modique de 50 euros (pour un groupe de 20 personnes au maximum), un de nos guides se met d&#8217;accord avec vous sur le lieu, le th\u00e8me, le jour et l&#8217;heure d\u00e9sir\u00e9s.<\/p>\n\n\n\n<h3 class=\"wp-block-heading\">3. Les visites scolaires<\/h3>\n\n\n\n<div class=\"wp-block-columns is-layout-flex wp-container-core-columns-is-layout-ed5226f6 wp-block-columns-is-layout-flex\" style=\"padding-right:0;padding-left:0\">\n<div class=\"wp-block-column is-vertically-aligned-center is-layout-flow wp-block-column-is-layout-flow\" style=\"padding-right:2rem;padding-left:0rem;flex-basis:66.66%\">\n<p>Les visites scolaires sont organis\u00e9es \u00e0 la demande des \u00e9coles.<\/p>\n\n\n\n<p>Dans le but de faire aimer, d\u00e9couvrir et respecter la nature, nous faisons appel aux diff\u00e9rents sens de l&#8217;enfant : vue, toucher, odorat, ou\u00efe, go\u00fbt.<\/p>\n\n\n\n<p>Les enseignants peuvent aussi proposer un th\u00e8me pr\u00e9cis : les arbres, les fruits, les insectes, la ruche, \u00e9tude d&#8217;un milieu humide\u2026<\/p>\n\n\n\n<p>Chaque groupe doit \u00eatre limit\u00e9 \u00e0 20 \/ 25 enfants.<\/p>\n\n\n\n<p>Leurs v\u00eatements doivent \u00eatre appropri\u00e9s aux conditions m\u00e9t\u00e9orologiques. Les bottes sont conseill\u00e9es et des longs pantalons sont indispensables (orties).<br><br>Une participation de 1\u20ac par enfant est demand\u00e9e.<\/p>\n<\/div>\n\n\n\n<div class=\"wp-block-column is-layout-flow wp-block-column-is-layout-flow\" style=\"padding-right:0;padding-left:0;flex-basis:33.33%\"><div class=\"wp-block-image\">\n<figure class=\"aligncenter size-full has-custom-border\"><a href=\"https:\/\/cebe.be\/fr\/wp-content\/uploads\/2025\/02\/visite_scolaire.jpg\"><img loading=\"lazy\" decoding=\"async\" width=\"300\" height=\"447\" src=\"https:\/\/cebe.be\/fr\/wp-content\/uploads\/2025\/02\/visite_scolaire.jpg\" alt=\"\" class=\"wp-image-654\" style=\"border-radius:30px\" srcset=\"https:\/\/cebe.be\/fr\/wp-content\/uploads\/2025\/02\/visite_scolaire.jpg 300w, https:\/\/cebe.be\/fr\/wp-content\/uploads\/2025\/02\/visite_scolaire-201x300.jpg 201w, https:\/\/cebe.be\/fr\/wp-content\/uploads\/2025\/02\/visite_scolaire-16x24.jpg 16w, https:\/\/cebe.be\/fr\/wp-content\/uploads\/2025\/02\/visite_scolaire-24x36.jpg 24w, https:\/\/cebe.be\/fr\/wp-content\/uploads\/2025\/02\/visite_scolaire-32x48.jpg 32w\" sizes=\"auto, (max-width: 300px) 100vw, 300px\" \/><\/a><\/figure>\n<\/div><\/div>\n<\/div>\n\n\n\n<hr class=\"wp-block-separator has-alpha-channel-opacity\"\/>\n\n\n\n<h3 class=\"wp-block-heading\">Agenda des visites<\/h3>\n\n\n\n<hr class=\"wp-block-separator has-alpha-channel-opacity\"\/>\n\n\n\r\n        \t\t\r\n                \r\n\t\t<div id=\"ymc-filter-1\"\r\n             class=\"ymc ymc-filter-grids ymc-container js-ymc-container ymc-filter-2728 ymc-filter-2728-1\"\r\n             data-params=\"{&quot;post_types&quot;:[&quot;post&quot;],&quot;taxonomies&quot;:[&quot;category&quot;],&quot;terms&quot;:[33,56,28,57,27,34],&quot;preloader_settings&quot;:{&quot;icon&quot;:&quot;dual_arc&quot;,&quot;filter_preloader&quot;:&quot;none&quot;,&quot;custom_filters_css&quot;:&quot;&quot;},&quot;filter_id&quot;:2728,&quot;counter&quot;:1,&quot;page_id&quot;:0,&quot;paged&quot;:1}\"\r\n             data-loading-enabled=\"true\"\r\n             data-grid-style=\"grid\"\r\n             data-filter-id=\"2728\">\r\n\t\t\t\r\n\t    <style>\r\n\t    .ymc-filter-2728, .ymc-extra-filter-2728 {\r\n\t        --ymc-filter-font-family: Montserrat;\r\n\t        --ymc-filter-font-size: 16px;\r\n\t        --ymc-filter-font-weight: 700;\r\n\t        --ymc-filter-font-style: normal;\r\n\t        --ymc-filter-line-height: 1.5;\r\n\t        --ymc-filter-letter-spacing: 1;\r\n\t        --ymc-filter-text-transform: none;\r\n\t        --ymc-filter-background-color: rgb(91,168,33);\r\n\t        --ymc-filter-color: #ffffff;\r\n\t        --ymc-filter-active-color: rgb(238,238,34);\r\n\t        --ymc-filter-active-background-color: rgb(91,168,33);\r\n\t        --ymc-filter-hover-text-color: rgb(238,238,34);\r\n\t        --ymc-filter-hover-background-color: rgb(91,168,33);\r\n\t        --ymc-filter-justify-content: flex-start;\r\n\t        --ymc-filter-padding-top: 10px;\n--ymc-filter-padding-right: 20px;\n--ymc-filter-padding-bottom: 10px;\n--ymc-filter-padding-left: 20px;\n\r\n\t        --ymc-filter-margin-top: 0px;\n--ymc-filter-margin-right: 10px;\n--ymc-filter-margin-bottom: 10px;\n--ymc-filter-margin-left: 0px;\n\r\n\t\r\n\t        --ymc-post-title-font-family: Montserrat;\r\n\t        --ymc-post-title-font-size: 20px;\r\n\t        --ymc-post-title-font-weight: 600;\r\n\t        --ymc-post-title-text-transform: none;\r\n\t        --ymc-post-title-line-height: 1;\r\n\t        --ymc-post-title-letter-spacing: 1;\r\n\t        --ymc-post-title-color: rgb(91,168,33);\r\n\t\r\n\t        --ymc-post-meta-font-family: Montserrat;\r\n\t        --ymc-post-meta-font-size: 14px;\r\n\t        --ymc-post-meta-font-weight: 400;\r\n\t        --ymc-post-meta-color: #1f1f1f;\r\n\t\r\n\t        --ymc-post-excerpt-font-family: Montserrat;\r\n\t        --ymc-post-excerpt-font-size: 14px;\r\n\t        --ymc-post-excerpt-font-weight: 500;\r\n\t        --ymc-post-excerpt-line-height: 1.4;\r\n\t        --ymc-post-excerpt-font-style: normal;\r\n\t        --ymc-post-excerpt-transform: none;\r\n\t        --ymc-post-excerpt-letter-spacing: 1;\r\n\t        --ymc-post-excerpt-color: rgb(0,0,0);\r\n\t\r\n\t        --ymc-post-link-font-family: Montserrat;\r\n\t        --ymc-post-link-font-size: 16px;\r\n\t        --ymc-post-link-font-weight: 400;\r\n\t        --ymc-post-link-transform: none;\r\n\t        --ymc-post-link-letter-spacing: 1.5;\r\n\t        --ymc-post-link-color: rgb(91,168,33);\r\n\t    }\r\n\t    <\/style>\n<div class=\"filter-posts-wrapper\">\n\t\t\t    <div class=\"filter-layout filter-layout--top\">\n                <div class=\"filter-section filter-section--top\">\n\t        \t        \r\n        <div class=\"filter filter-default filter-category filter-2728\"\r\n             data-filter-type=\"default\"\r\n             data-selection-mode=\"single\">\r\n\t                    <div class=\"filter-default-inner\">\r\n                <div class=\"filter-buttons\">\r\n                                        <button class=\"filter-button filter-button--all is-active js-filter-button-all\"\r\n                            data-all-terms='[34,27,57,28,56,33]'>\r\n                        <span class=\"text\">\r\n                        Tout<\/span>\r\n                    <\/button>\r\n\r\n                       <button class=\"filter-button left-icon\"\r\n\t\t\t                data-termid=\"33\"\r\n                aria-pressed=\"false\" >\r\n\t\t\t            <span class=\"text\">Visite sp\u00e9ciale<\/span>\r\n                    <\/button>\r\n\t\t        <button class=\"filter-button left-icon\"\r\n\t\t\t                data-termid=\"56\"\r\n                aria-pressed=\"false\" >\r\n\t\t\t            <span class=\"text\">Visite Potager Houtweg<\/span>\r\n                    <\/button>\r\n\t\t        <button class=\"filter-button left-icon\"\r\n\t\t\t                data-termid=\"28\"\r\n                aria-pressed=\"false\" >\r\n\t\t\t            <span class=\"text\">Visite Moeraske<\/span>\r\n                    <\/button>\r\n\t\t        <button class=\"filter-button left-icon\"\r\n\t\t\t                data-termid=\"57\"\r\n                aria-pressed=\"false\" >\r\n\t\t\t            <span class=\"text\">Visite Jardin Aromatique<\/span>\r\n                    <\/button>\r\n\t\t        <button class=\"filter-button left-icon\"\r\n\t\t\t                data-termid=\"27\"\r\n                aria-pressed=\"false\" >\r\n\t\t\t            <span class=\"text\">Visite HTM<\/span>\r\n                    <\/button>\r\n\t\t        <button class=\"filter-button left-icon\"\r\n\t\t\t                data-termid=\"34\"\r\n                aria-pressed=\"false\" >\r\n\t\t\t            <span class=\"text\">Excursion<\/span>\r\n                    <\/button>\r\n\t\t                <\/div>\r\n            <\/div>\r\n\t                <\/div>\r\n\r\n\t\t\t                <\/div>\n                <div class=\"filter-content\">\n                        <div class=\"posts-grid js-ajax-content ymc-cols-xxs-1 ymc-cols-xs-1 ymc-cols-sm-1 ymc-cols-md-1 ymc-cols-lg-1 ymc-cols-xl-1 ymc-col-gap-30 ymc-row-gap-30 ymc-col-gap-30 ymc-row-gap-30\"><\/div>\n\t                <\/div>\n    <\/div>\n<\/div>\n\n\t\t<\/div>\r\n\t\t\n","protected":false},"excerpt":{"rendered":"<p>La CEBE organise trois types de visites dans les sites qu&#8217;elle g\u00e8re : les visites mensuelles, \u00e0 la carte et scolaires. 1. Les visites mensuelles Pour les curieux de la nature, la CEBE propose gratuitement des visites mensuelles \u00e0 th\u00e8mes vari\u00e9s. Elles durent de deux \u00e0 trois heures. Au hasard des d\u00e9couvertes et en relation&hellip;&nbsp;<a href=\"https:\/\/cebe.be\/fr\/visites\/\" rel=\"bookmark\">Lire la suite &raquo;<span class=\"screen-reader-text\">Visites<\/span><\/a><\/p>\n","protected":false},"author":1,"featured_media":0,"parent":0,"menu_order":0,"comment_status":"closed","ping_status":"closed","template":"","meta":{"_acf_changed":false,"neve_meta_sidebar":"","neve_meta_container":"","neve_meta_enable_content_width":"","neve_meta_content_width":0,"neve_meta_title_alignment":"","neve_meta_author_avatar":"","neve_post_elements_order":"","neve_meta_disable_header":"","neve_meta_disable_footer":"","neve_meta_disable_title":"","iawp_total_views":343,"footnotes":""},"categories":[],"tags":[],"class_list":["post-44","page","type-page","status-publish","hentry"],"acf":[],"_links":{"self":[{"href":"https:\/\/cebe.be\/fr\/wp-json\/wp\/v2\/pages\/44","targetHints":{"allow":["GET"]}}],"collection":[{"href":"https:\/\/cebe.be\/fr\/wp-json\/wp\/v2\/pages"}],"about":[{"href":"https:\/\/cebe.be\/fr\/wp-json\/wp\/v2\/types\/page"}],"author":[{"embeddable":true,"href":"https:\/\/cebe.be\/fr\/wp-json\/wp\/v2\/users\/1"}],"replies":[{"embeddable":true,"href":"https:\/\/cebe.be\/fr\/wp-json\/wp\/v2\/comments?post=44"}],"version-history":[{"count":17,"href":"https:\/\/cebe.be\/fr\/wp-json\/wp\/v2\/pages\/44\/revisions"}],"predecessor-version":[{"id":2730,"href":"https:\/\/cebe.be\/fr\/wp-json\/wp\/v2\/pages\/44\/revisions\/2730"}],"wp:attachment":[{"href":"https:\/\/cebe.be\/fr\/wp-json\/wp\/v2\/media?parent=44"}],"wp:term":[{"taxonomy":"category","embeddable":true,"href":"https:\/\/cebe.be\/fr\/wp-json\/wp\/v2\/categories?post=44"},{"taxonomy":"post_tag","embeddable":true,"href":"https:\/\/cebe.be\/fr\/wp-json\/wp\/v2\/tags?post=44"}],"curies":[{"name":"wp","href":"https:\/\/api.w.org\/{rel}","templated":true}]}}