{"id":42,"date":"2025-02-03T12:03:22","date_gmt":"2025-02-03T11:03:22","guid":{"rendered":"https:\/\/cebe.be\/fr\/?page_id=42"},"modified":"2026-03-05T22:44:53","modified_gmt":"2026-03-05T21:44:53","slug":"excursions","status":"publish","type":"page","link":"https:\/\/cebe.be\/fr\/excursions\/","title":{"rendered":"Excursions"},"content":{"rendered":"\n<p>La CEBE organise r\u00e9guli\u00e8rement des&nbsp;sorties&nbsp;\u00e0 la d\u00e9couverte d&#8217;horizons proches. Il s&#8217;agit de sites pr\u00e9sentant une&nbsp;richesse naturelle&nbsp;et \/ ou&nbsp;patrimoniale.<\/p>\n\n\n\n<p>Elles sont propos\u00e9es par nos membres, au rythme d\u2019une ou deux par an.&nbsp;Dans certains cas aussi, nous improvisons une sortie, g\u00e9n\u00e9ralement dans le but d&#8217;observer un oiseau ou un animal peu courant (Pouillot de Pallas, Jaseur bor\u00e9al,\u2026).<\/p>\n\n\n\n<p>Les guides sont &#8220;locaux&#8221;, invit\u00e9s pour l&#8217;occasion, ou encore des membres de la CEBE ma\u00eetrisant particuli\u00e8rement un sujet.<br>&nbsp;<br>Les excursions sont annonc\u00e9es via notre bulletin &#8220;L&#8217;Echo du marais&#8221;, notre site internet et notre page Facebook. Elles sont&nbsp;ouvertes \u00e0 tous, membres ou non-membres. La participation est&nbsp;modique&nbsp;et uniquement destin\u00e9e \u00e0&nbsp;couvrir les frais engag\u00e9s. Elles se font, la plupart du temps, en autocar.<\/p>\n\n\n\n<h3 class=\"wp-block-heading\">Agenda<\/h3>\n\n\n<div class='pt-cv-wrapper'> <div class=\"pt-cv-view pt-cv-blockgrid iscvblock iscvreal list1 layout1\" id=\"pt-cv-view-y6a0vyas\"><div data-id=\"pt-cv-page-1\" class=\"pt-cv-page cv-npf\" data-cvc=\"1\"><div class=\" pt-cv-content-item pt-cv-2-col\"  data-pid=\"0\"><div class=\"pt-cv-no-post\">Aucune publication trouv\u00e9e.<\/div><\/div><\/div><\/div> <\/div> <style>\n\n#pt-cv-view-y6a0vyas .pt-cv-content-item { border-style: solid;padding: 0px 0px 10px 0px;border-width: 0px 0px 1px 0px; }#pt-cv-view-y6a0vyas .pt-cv-meta-fields {  }#pt-cv-view-y6a0vyas .pt-cv-meta-fields * { color: var(--nv-primary-accent);font-weight: 900;font-size: 17px; }#pt-cv-view-y6a0vyas .pt-cv-thumb-wrapper:not(.miniwrap) { width: 40%; }#pt-cv-view-y6a0vyas .pt-cv-thumbnail:not(.pt-cv-thumbnailsm) { height: 300px; }#pt-cv-view-y6a0vyas .pt-cv-thumb-wrapper {  }#pt-cv-view-y6a0vyas[class*=\"cveffect\"] .pt-cv-thumb-wrapper, #pt-cv-view-y6a0vyas:not([class*=\"cveffect\"]) .pt-cv-thumbnail { border-radius: 5px 5px 5px 5px; }#pt-cv-view-y6a0vyas .pt-cv-thumbnail {  }#pt-cv-view-y6a0vyas .pt-cv-title a { display: block; }#pt-cv-view-y6a0vyas .pt-cv-title:not(.pt-cv-titlesm) a { font-weight: 600;text-decoration: none;font-size: 22px; }#pt-cv-view-y6a0vyas .pt-cv-titlesm a { font-weight: 600;font-size: 18px; }#pt-cv-view-y6a0vyas .pt-cv-content { font-size: 15px; }#pt-cv-view-y6a0vyas .pt-cv-rmwrap {  }#pt-cv-view-y6a0vyas .pt-cv-readmore { color: #fff;background-color: var(--nv-c-1);font-size: 14px; }#pt-cv-view-y6a0vyas .pt-cv-taxoterm {  }#pt-cv-view-y6a0vyas .pt-cv-taxoterm * { color: #cf2e2e;font-size: 14px; }#pt-cv-view-y6a0vyas + .pt-cv-pagination-wrapper {  }#pt-cv-view-y6a0vyas + .pt-cv-pagination-wrapper a { font-size: 14px; }#pt-cv-view-y6a0vyas > .pt-cv-page {grid-template-columns: repeat(1, 1fr);grid-gap: 40px;}#pt-cv-view-y6a0vyas .pt-cv-title a:hover { color: var(--nv-text-color); }#pt-cv-view-y6a0vyas .pt-cv-title:not(.pt-cv-titlesm) a:hover {  }\n@media all and (max-width: 1024px) { \n#pt-cv-view-y6a0vyas > .pt-cv-page {grid-template-columns: repeat(1, 1fr);}\n} \n@media all and (max-width: 767px) { \n#pt-cv-view-y6a0vyas > .pt-cv-page {grid-template-columns: repeat(1, 1fr);}\n} <\/style>\n\n\n<hr class=\"wp-block-separator has-alpha-channel-opacity\"\/>\n","protected":false},"excerpt":{"rendered":"<p>La CEBE organise r\u00e9guli\u00e8rement des&nbsp;sorties&nbsp;\u00e0 la d\u00e9couverte d&#8217;horizons proches. Il s&#8217;agit de sites pr\u00e9sentant une&nbsp;richesse naturelle&nbsp;et \/ ou&nbsp;patrimoniale. Elles sont propos\u00e9es par nos membres, au rythme d\u2019une ou deux par an.&nbsp;Dans certains cas aussi, nous improvisons une sortie, g\u00e9n\u00e9ralement dans le but d&#8217;observer un oiseau ou un animal peu courant (Pouillot de Pallas, Jaseur bor\u00e9al,\u2026).&hellip;&nbsp;<a href=\"https:\/\/cebe.be\/fr\/excursions\/\" rel=\"bookmark\">Lire la suite &raquo;<span class=\"screen-reader-text\">Excursions<\/span><\/a><\/p>\n","protected":false},"author":1,"featured_media":0,"parent":0,"menu_order":0,"comment_status":"closed","ping_status":"closed","template":"","meta":{"_acf_changed":false,"neve_meta_sidebar":"","neve_meta_container":"","neve_meta_enable_content_width":"","neve_meta_content_width":0,"neve_meta_title_alignment":"","neve_meta_author_avatar":"","neve_post_elements_order":"","neve_meta_disable_header":"","neve_meta_disable_footer":"","neve_meta_disable_title":"","iawp_total_views":195,"footnotes":""},"categories":[],"tags":[],"class_list":["post-42","page","type-page","status-publish","hentry"],"acf":[],"_links":{"self":[{"href":"https:\/\/cebe.be\/fr\/wp-json\/wp\/v2\/pages\/42","targetHints":{"allow":["GET"]}}],"collection":[{"href":"https:\/\/cebe.be\/fr\/wp-json\/wp\/v2\/pages"}],"about":[{"href":"https:\/\/cebe.be\/fr\/wp-json\/wp\/v2\/types\/page"}],"author":[{"embeddable":true,"href":"https:\/\/cebe.be\/fr\/wp-json\/wp\/v2\/users\/1"}],"replies":[{"embeddable":true,"href":"https:\/\/cebe.be\/fr\/wp-json\/wp\/v2\/comments?post=42"}],"version-history":[{"count":8,"href":"https:\/\/cebe.be\/fr\/wp-json\/wp\/v2\/pages\/42\/revisions"}],"predecessor-version":[{"id":2718,"href":"https:\/\/cebe.be\/fr\/wp-json\/wp\/v2\/pages\/42\/revisions\/2718"}],"wp:attachment":[{"href":"https:\/\/cebe.be\/fr\/wp-json\/wp\/v2\/media?parent=42"}],"wp:term":[{"taxonomy":"category","embeddable":true,"href":"https:\/\/cebe.be\/fr\/wp-json\/wp\/v2\/categories?post=42"},{"taxonomy":"post_tag","embeddable":true,"href":"https:\/\/cebe.be\/fr\/wp-json\/wp\/v2\/tags?post=42"}],"curies":[{"name":"wp","href":"https:\/\/api.w.org\/{rel}","templated":true}]}}