{"id":40,"date":"2025-02-03T12:04:10","date_gmt":"2025-02-03T11:04:10","guid":{"rendered":"https:\/\/cebe.be\/fr\/?page_id=40"},"modified":"2026-03-09T23:19:15","modified_gmt":"2026-03-09T22:19:15","slug":"gestions","status":"publish","type":"page","link":"https:\/\/cebe.be\/fr\/gestions\/","title":{"rendered":"Gestions"},"content":{"rendered":"\n<h3 class=\"wp-block-heading\">La gestion et l&#8217;am\u00e9nagement des r\u00e9serves naturelles.<\/h3>\n\n\n\n<p>La gestion des sites semi-naturels a toujours \u00e9t\u00e9 un point fort de la CEBE. On pourrait croire qu&#8217;il n&#8217;est pas n\u00e9cessaire de g\u00e9rer un milieu naturel, mais il n&#8217;en est rien !<\/p>\n\n\n\n<p>En r\u00e9alit\u00e9&nbsp;<strong>les milieux &#8221; vraiment&nbsp;naturels&nbsp;&#8221; n&#8217;existent plus en Belgique, ni en Europe occidentale&nbsp;<\/strong>d&#8217;ailleurs, si ce n&#8217;est l&#8217;\u00e9tage alpin de nos montagnes ( &gt; 2000 m ). Seuls existent encore des milieux transform\u00e9s, peu ou prou, par l&#8217;homme.<\/p>\n\n\n\n<h3 class=\"wp-block-heading\">L&#8217;\u00e9quilibre naturel : le climax<\/h3>\n\n\n\n<div class=\"wp-block-columns is-layout-flex wp-container-core-columns-is-layout-ed5226f6 wp-block-columns-is-layout-flex\" style=\"padding-right:0;padding-left:0\">\n<div class=\"wp-block-column is-vertically-aligned-center is-layout-flow wp-block-column-is-layout-flow\" style=\"padding-right:2rem;padding-left:0rem;flex-basis:60%\">\n<p>La&nbsp;v\u00e9g\u00e9tation spontan\u00e9e actuelle&nbsp;de nos r\u00e9gions commence \u00e0 se mettre en place \u00e0 la fin de la&nbsp;derni\u00e8re  glaciation&nbsp;(celle de W\u00fcrm dans le syst\u00e8me alpin), il y a environ&nbsp;12 000 ans.<\/p>\n\n\n\n<p>L&#8217;\u00e9tat ultime&nbsp;de cette v\u00e9g\u00e9tation, en \u00e9quilibre avec le climat, s&#8217;appelle&nbsp;<strong>climax<\/strong>&nbsp;et consiste, en Europe occidentale, en une&nbsp;<strong>for\u00eat temp\u00e9r\u00e9e d\u00e9cidue&nbsp;<\/strong>(arbres \u00e0 feuilles caduques) \u00e0 <strong>pr\u00e9dominance de&nbsp;h\u00eatres&nbsp;et de&nbsp;ch\u00eanes<\/strong>.<\/p>\n<\/div>\n\n\n\n<div class=\"wp-block-column is-layout-flow wp-block-column-is-layout-flow\" style=\"padding-right:0;padding-left:0;flex-basis:40%\"><div class=\"wp-block-image\">\n<figure class=\"aligncenter size-full has-custom-border\"><a href=\"https:\/\/cebe.be\/fr\/wp-content\/uploads\/2025\/05\/climax.jpg\"><img loading=\"lazy\" decoding=\"async\" width=\"500\" height=\"347\" src=\"https:\/\/cebe.be\/fr\/wp-content\/uploads\/2025\/05\/climax.jpg\" alt=\"\" class=\"wp-image-1130\" style=\"border-radius:10px\" srcset=\"https:\/\/cebe.be\/fr\/wp-content\/uploads\/2025\/05\/climax.jpg 500w, https:\/\/cebe.be\/fr\/wp-content\/uploads\/2025\/05\/climax-300x208.jpg 300w, https:\/\/cebe.be\/fr\/wp-content\/uploads\/2025\/05\/climax-24x17.jpg 24w, https:\/\/cebe.be\/fr\/wp-content\/uploads\/2025\/05\/climax-36x25.jpg 36w, https:\/\/cebe.be\/fr\/wp-content\/uploads\/2025\/05\/climax-48x33.jpg 48w\" sizes=\"auto, (max-width: 500px) 100vw, 500px\" \/><\/a><figcaption class=\"wp-element-caption\"><br><em><sup>Tendance naturelle de l&#8217;\u00e9volution des milieux<\/sup><\/em><br><em><sup>dans nos r\u00e9gions<\/sup><\/em><\/figcaption><\/figure>\n<\/div><\/div>\n<\/div>\n\n\n\n<div style=\"height:26px\" aria-hidden=\"true\" class=\"wp-block-spacer\"><\/div>\n\n\n\n<p>L&#8217;\u00e9tat de la flore et de la faune d\u00e9coule de ce type de v\u00e9g\u00e9tation climacique. Celle-ci a vari\u00e9 en fonction de l\u00e9g\u00e8res variations climatiques pour s&#8217;installer d\u00e9finitivement il y a&nbsp;5000&nbsp;ans.<\/p>\n\n\n\n<h3 class=\"wp-block-heading\">Premi\u00e8res actions humaines<\/h3>\n\n\n\n<p>Cette \u00e9poque voit l&#8217;apparition des&nbsp;premiers agriculteurs n\u00e9olithiques\u2026 qui commencent aussit\u00f4t \u00e0&nbsp;d\u00e9fricher&nbsp;leur environnement. Notre &#8221; Nature &#8221; a donc \u00e9t\u00e9&nbsp;anthropis\u00e9e&nbsp;d\u00e8s le d\u00e9but !<\/p>\n\n\n\n<p>Les&nbsp;pratiques agro-pastorales&nbsp;de nos anc\u00eatres qui resteront pratiquement stables pendant des si\u00e8cles voire des mill\u00e9naires&nbsp;cr\u00e9eront&nbsp;et entretiendront des&nbsp;milieux secondaires, \u00e0&nbsp;v\u00e9g\u00e9tation basse, d&#8217;une biodiversit\u00e9 parfois sup\u00e9rieure \u00e0 celle des for\u00eats originelles.<\/p>\n\n\n\n<p>La plupart des joyaux naturels de notre pays (comme les pelouses calcaires et les landes \u00e0 bruy\u00e8res) r\u00e9sultent de ces pratiques s\u00e9culaires que seules les transformations drastiques de l&#8217;agriculture et l&#8217;urbanisation galopante des cinquante derni\u00e8res ann\u00e9es viendront bouleverser.<\/p>\n\n\n\n<h3 class=\"wp-block-heading\">La gestion<\/h3>\n\n\n\n<p>Ces pratiques agricoles ayant disparu, il importe donc d&#8217;y suppl\u00e9er et de g\u00e9rer, maintenant \u00e0 des fins non productives, les milieux semi-naturels.<\/p>\n\n\n\n<p>La&nbsp;gestion \u00e9cologique des r\u00e9serves s&#8217;applique \u00e0 la v\u00e9g\u00e9tation&nbsp;et \u00e0 elle seule, les plantes vertes \u00e9tant \u00e0 la base de tous les \u00e9cosyst\u00e8mes terrestres.<\/p>\n\n\n\n<p>La gestion id\u00e9ale n&#8217;existe pas&nbsp;car elle doit int\u00e9grer beaucoup de param\u00e8tres biologiques parfois contradictoires : ainsi la fauche d&#8217;une prairie dans le but d&#8217;y maintenir une flore typique peut \u00eatre d\u00e9favorable \u00e0 l&#8217;entomofaune. On doit trouver des&nbsp;compromis&nbsp;entre les diff\u00e9rents composants des bioc\u00e9noses en maintenant, dans un m\u00eame biotope,&nbsp;une&nbsp;mosa\u00efque de milieux \u00e0 gestions diff\u00e9renci\u00e9es.<\/p>\n\n\n\n<h4 class=\"wp-block-heading\">Les milieux bois\u00e9s<\/h4>\n\n\n\n<p>La gestion des milieux&nbsp;bois\u00e9s&nbsp;(for\u00eats, bois, bosquets\u2026) est la plus facile : on ne fait\u2026&nbsp;rien&nbsp;! En effet, sous nos climats, un sol nu \u00e9volue toujours vers le (para)climax&nbsp;soit la for\u00eat qui se maintiendra&nbsp;ind\u00e9finiment, sans intervention humaine, pour autant que le&nbsp;climat&nbsp;reste&nbsp;stable. La for\u00eat r\u00e9g\u00e9n\u00e8re ses arbres dans les trou\u00e9es de chablis ; les arbres et le bois morts sont laiss\u00e9s sur place pour favoriser champignons et insectes xylicoles.<\/p>\n\n\n\n<p>Ce sont des milieux id\u00e9aux pour des conservateurs de r\u00e9serve contemplatifs et zen !<br><\/p>\n\n\n\n<h4 class=\"wp-block-heading\">Les milieux herbac\u00e9s<\/h4>\n\n\n\n<p>La gestion des milieux&nbsp;herbac\u00e9s&nbsp;(de la prairie s\u00e8che au marais) exige des&nbsp;actions&nbsp;plus \u00e9nergiques. <\/p>\n\n\n\n<p>Nous avons \u00e0 notre disposition :<\/p>\n\n\n\n<ul class=\"wp-block-list\">\n<li>le&nbsp;d\u00e9broussaillage<\/li>\n\n\n\n<li>le&nbsp;fauchage<\/li>\n\n\n\n<li>le&nbsp;p\u00e2turage&nbsp;extensif<\/li>\n<\/ul>\n\n\n\n<p>Le&nbsp;d\u00e9broussaillage&nbsp;est le seul moyen d&#8217;emp\u00eacher&nbsp;le&nbsp;reboisement&nbsp;d&#8217;une parcelle non fauch\u00e9e ou de la restaurer.<\/p>\n\n\n\n<div class=\"wp-block-columns is-layout-flex wp-container-core-columns-is-layout-ed5226f6 wp-block-columns-is-layout-flex\" style=\"padding-right:0;padding-left:0\">\n<div class=\"wp-block-column is-vertically-aligned-center is-layout-flow wp-block-column-is-layout-flow\" style=\"padding-right:2rem;padding-left:0rem;flex-basis:60%\">\n<p>Le&nbsp;fauchage&nbsp;est une op\u00e9ration essentielle dans le maintien d&#8217;une communaut\u00e9 v\u00e9g\u00e9tale :<\/p>\n\n\n\n<ul class=\"wp-block-list\">\n<li>Il&nbsp;entrave le reboisement&nbsp;par destruction des plantules d&#8217;arbres et arbustes.<\/li>\n\n\n\n<li>Il&nbsp;s\u00e9lectionne&nbsp;certaines esp\u00e8ces au d\u00e9triment d&#8217;autres ; la p\u00e9riode de fauche agit sur le dynamisme de certaines plantes (faucher au pic de biomasse pour affaiblir) ainsi que sur la concurrence qu&#8217;elles exercent entre elles (faucher avant ou apr\u00e8s la fructification)<\/li>\n\n\n\n<li>Accompagn\u00e9 d&#8217;une exportation du produit de fauche, il&nbsp;diminue la fertilit\u00e9&nbsp;du sol&nbsp;et autorise ainsi la pousse de plantes plus frugales.<\/li>\n<\/ul>\n<\/div>\n\n\n\n<div class=\"wp-block-column is-layout-flow wp-block-column-is-layout-flow\" style=\"padding-right:0;padding-left:0;flex-basis:40%\"><div class=\"wp-block-image\">\n<figure class=\"aligncenter size-full has-custom-border\"><a href=\"https:\/\/cebe.be\/fr\/wp-content\/uploads\/2025\/05\/cbgest14.jpg\"><img loading=\"lazy\" decoding=\"async\" width=\"300\" height=\"395\" src=\"https:\/\/cebe.be\/fr\/wp-content\/uploads\/2025\/05\/cbgest14.jpg\" alt=\"\" class=\"has-border-color wp-image-1129\" style=\"border-color:var(--nv-text-color);border-width:1px;border-radius:10px\" srcset=\"https:\/\/cebe.be\/fr\/wp-content\/uploads\/2025\/05\/cbgest14.jpg 300w, https:\/\/cebe.be\/fr\/wp-content\/uploads\/2025\/05\/cbgest14-228x300.jpg 228w, https:\/\/cebe.be\/fr\/wp-content\/uploads\/2025\/05\/cbgest14-18x24.jpg 18w, https:\/\/cebe.be\/fr\/wp-content\/uploads\/2025\/05\/cbgest14-27x36.jpg 27w, https:\/\/cebe.be\/fr\/wp-content\/uploads\/2025\/05\/cbgest14-36x48.jpg 36w\" sizes=\"auto, (max-width: 300px) 100vw, 300px\" \/><\/a><figcaption class=\"wp-element-caption\"><em><sup>Fauchage \u00e0 l&#8217;Hof ter Musschen<\/sup><\/em><\/figcaption><\/figure>\n<\/div><\/div>\n<\/div>\n\n\n\n<div style=\"height:20px\" aria-hidden=\"true\" class=\"wp-block-spacer\"><\/div>\n\n\n\n<p>Le&nbsp;p\u00e2turage&nbsp;extensif a, grosso modo, les m\u00eames effets que le fauchage avec des particularit\u00e9s selon le type de b\u00e9tail utilis\u00e9 (ovin, caprin, bovin ou \u00e9quin) et la charge par unit\u00e9 de surface.<\/p>\n\n\n\n<h4 class=\"wp-block-heading\">&nbsp;Les milieux humides<\/h4>\n\n\n\n<p>Pour les&nbsp;zones humides, nous disposons de la possibilit\u00e9 de la&nbsp;mise en assec. La mise en assec permet de lutter contre l&#8217;atterrissement des marais.<\/p>\n\n\n\n<p>Elle consiste en l&#8217;abaissement du niveau ou en la vidange d&#8217;une pi\u00e8ce d&#8217;eau. Cela permet :<\/p>\n\n\n\n<ul class=\"wp-block-list\">\n<li>la&nbsp;diffusion de l&#8217;oxyg\u00e8ne&nbsp;dans la vase<\/li>\n\n\n\n<li>le d\u00e9veloppement de&nbsp;microbes a\u00e9robies&nbsp;: ils d\u00e9composer les mati\u00e8res organiques jusqu&#8217;au stade ultime de sels min\u00e9raux et de gaz carbonique. Cette&nbsp;min\u00e9ralisation des boues&nbsp;permet d&#8217;en r\u00e9duire le volume. Elle permet l&#8217;\u00e9tablissement d&#8217;associations v\u00e9g\u00e9tales de vase exond\u00e9e devenues aujourd&#8217;hui d&#8217;une tr\u00e8s grande raret\u00e9.<\/li>\n<\/ul>\n\n\n\n<h3 class=\"wp-block-heading\">Synth\u00e8se<\/h3>\n\n\n\n<p>La gestion ainsi entendue consiste donc en&nbsp;actions r\u00e9p\u00e9titives et r\u00e9guli\u00e8res&nbsp;visant \u00e0&nbsp;restaurer&nbsp;ou \u00e0 conserver la biodiversit\u00e9 d&#8217;un milieu existant.<\/p>\n\n\n\n<h3 class=\"wp-block-heading\">Les am\u00e9nagements<\/h3>\n\n\n\n<p>Les&nbsp;am\u00e9nagements&nbsp;sont au contraire des&nbsp;actions uniques et non r\u00e9p\u00e9titives&nbsp;qui tendent \u00e0&nbsp;cr\u00e9er&nbsp;ou  modifier un biotope dans l&#8217;intention de permettre l&#8217;installation d&#8217;une nouvelle communaut\u00e9 biologique.<br><\/p>\n\n\n\n<div class=\"wp-block-columns is-layout-flex wp-container-core-columns-is-layout-ed5226f6 wp-block-columns-is-layout-flex\" style=\"padding-right:0;padding-left:0\">\n<div class=\"wp-block-column is-vertically-aligned-center is-layout-flow wp-block-column-is-layout-flow\" style=\"padding-right:2rem;padding-left:0rem;flex-basis:60%\">\n<p>Citons comme exemples d&#8217;actions men\u00e9es dans nos r\u00e9serves :<\/p>\n\n\n\n<ul class=\"wp-block-list\">\n<li>L&#8217;\u00e9pandage de ballast de chemin de fer pour cr\u00e9er un milieu favorable pex pour le L\u00e9zard vivipare.<\/li>\n\n\n\n<li>Le creusement de nouvelles&nbsp;mares.<\/li>\n\n\n\n<li>L&#8217;installation d&#8217;abri&nbsp;pour la faune (nichoirs vari\u00e9s).<\/li>\n\n\n\n<li>La plantation de haies vives.<\/li>\n\n\n\n<li>La r\u00e9alisation de haies s\u00e8ches.<\/li>\n\n\n\n<li>La construction de&nbsp;murets&nbsp;qui permet l&#8217;installation d&#8217;une flore et d&#8217;une faune rupicole.<\/li>\n<\/ul>\n<\/div>\n\n\n\n<div class=\"wp-block-column is-layout-flow wp-block-column-is-layout-flow\" style=\"padding-right:0;padding-left:0;flex-basis:40%\"><div class=\"wp-block-image\">\n<figure class=\"aligncenter size-full has-custom-border\"><a href=\"https:\/\/cebe.be\/fr\/wp-content\/uploads\/2025\/05\/cbamen04.jpg\"><img loading=\"lazy\" decoding=\"async\" width=\"300\" height=\"314\" src=\"https:\/\/cebe.be\/fr\/wp-content\/uploads\/2025\/05\/cbamen04.jpg\" alt=\"\" class=\"wp-image-1127\" style=\"border-radius:30px\" srcset=\"https:\/\/cebe.be\/fr\/wp-content\/uploads\/2025\/05\/cbamen04.jpg 300w, https:\/\/cebe.be\/fr\/wp-content\/uploads\/2025\/05\/cbamen04-287x300.jpg 287w, https:\/\/cebe.be\/fr\/wp-content\/uploads\/2025\/05\/cbamen04-24x24.jpg 24w, https:\/\/cebe.be\/fr\/wp-content\/uploads\/2025\/05\/cbamen04-34x36.jpg 34w, https:\/\/cebe.be\/fr\/wp-content\/uploads\/2025\/05\/cbamen04-46x48.jpg 46w\" sizes=\"auto, (max-width: 300px) 100vw, 300px\" \/><\/a><figcaption class=\"wp-element-caption\"><em><sup>Pose de vanne<\/sup><\/em><\/figcaption><\/figure>\n<\/div><\/div>\n<\/div>\n\n\n\n<div style=\"height:26px\" aria-hidden=\"true\" class=\"wp-block-spacer\"><\/div>\n\n\n\n<hr class=\"wp-block-separator has-alpha-channel-opacity\"\/>\n\n\n\n<h3 class=\"wp-block-heading\">En pratique<\/h3>\n\n\n\n<div class=\"wp-block-columns is-layout-flex wp-container-core-columns-is-layout-ed5226f6 wp-block-columns-is-layout-flex\" style=\"padding-right:0;padding-left:0\">\n<div class=\"wp-block-column is-vertically-aligned-center is-layout-flow wp-block-column-is-layout-flow\" style=\"padding-right:2rem;padding-left:0rem;flex-basis:66.66%\">\n<p>Au gr\u00e9 des saisons, nous fauchons les praires, \u00e9t\u00eatons ou plantons des arbres, entretenons les berges des marais, \u2026<\/p>\n\n\n\n<p>Aucune connaissance technique ou capacit\u00e9 physique ne sont requises. Les travaux sont encadr\u00e9s par une \u00e9quipe de gestionnaires aguerris. C\u2019est une bonne fa\u00e7on de se d\u00e9penser au b\u00e9n\u00e9fice de la Nature.<\/p>\n<\/div>\n\n\n\n<div class=\"wp-block-column is-layout-flow wp-block-column-is-layout-flow\" style=\"padding-right:0;padding-left:0;flex-basis:33.33%\"><div class=\"wp-block-image\">\n<figure class=\"aligncenter size-full has-custom-border\"><a href=\"https:\/\/cebe.be\/fr\/wp-content\/uploads\/2025\/02\/base_gestion.jpg\"><img loading=\"lazy\" decoding=\"async\" width=\"1229\" height=\"922\" src=\"https:\/\/cebe.be\/fr\/wp-content\/uploads\/2025\/02\/base_gestion.jpg\" alt=\"\" class=\"wp-image-536\" style=\"border-radius:30px\" srcset=\"https:\/\/cebe.be\/fr\/wp-content\/uploads\/2025\/02\/base_gestion.jpg 1229w, https:\/\/cebe.be\/fr\/wp-content\/uploads\/2025\/02\/base_gestion-300x225.jpg 300w, https:\/\/cebe.be\/fr\/wp-content\/uploads\/2025\/02\/base_gestion-1024x768.jpg 1024w, https:\/\/cebe.be\/fr\/wp-content\/uploads\/2025\/02\/base_gestion-768x576.jpg 768w, https:\/\/cebe.be\/fr\/wp-content\/uploads\/2025\/02\/base_gestion-24x18.jpg 24w, https:\/\/cebe.be\/fr\/wp-content\/uploads\/2025\/02\/base_gestion-36x27.jpg 36w, https:\/\/cebe.be\/fr\/wp-content\/uploads\/2025\/02\/base_gestion-48x36.jpg 48w\" sizes=\"auto, (max-width: 1229px) 100vw, 1229px\" \/><\/a><\/figure>\n<\/div><\/div>\n<\/div>\n\n\n\n<hr class=\"wp-block-separator has-alpha-channel-opacity\"\/>\n\n\n\n<h3 class=\"wp-block-heading\">Prochaines gestions<\/h3>\n\n\n\n<hr class=\"wp-block-separator has-alpha-channel-opacity\"\/>\n\n\n\r\n        \t\t\r\n                \r\n\t\t<div id=\"ymc-filter-1\"\r\n             class=\"ymc ymc-filter-grids ymc-container js-ymc-container ymc-filter-2725 ymc-filter-2725-1\"\r\n             data-params=\"{&quot;post_types&quot;:[&quot;post&quot;],&quot;taxonomies&quot;:[&quot;category&quot;],&quot;terms&quot;:[31,30,32,29],&quot;preloader_settings&quot;:{&quot;icon&quot;:&quot;dual_arc&quot;,&quot;filter_preloader&quot;:&quot;none&quot;,&quot;custom_filters_css&quot;:&quot;&quot;},&quot;filter_id&quot;:2725,&quot;counter&quot;:1,&quot;page_id&quot;:0,&quot;paged&quot;:1}\"\r\n             data-loading-enabled=\"true\"\r\n             data-grid-style=\"grid\"\r\n             data-filter-id=\"2725\">\r\n\t\t\t\r\n\t    <style>\r\n\t    .ymc-filter-2725, .ymc-extra-filter-2725 {\r\n\t        --ymc-filter-font-family: Montserrat;\r\n\t        --ymc-filter-font-size: 16px;\r\n\t        --ymc-filter-font-weight: 700;\r\n\t        --ymc-filter-font-style: normal;\r\n\t        --ymc-filter-line-height: 1.5;\r\n\t        --ymc-filter-letter-spacing: 1;\r\n\t        --ymc-filter-text-transform: none;\r\n\t        --ymc-filter-background-color: rgb(91,168,33);\r\n\t        --ymc-filter-color: #ffffff;\r\n\t        --ymc-filter-active-color: rgb(238,238,34);\r\n\t        --ymc-filter-active-background-color: rgb(91,168,33);\r\n\t        --ymc-filter-hover-text-color: rgb(238,238,34);\r\n\t        --ymc-filter-hover-background-color: rgb(91,168,33);\r\n\t        --ymc-filter-justify-content: flex-start;\r\n\t        --ymc-filter-padding-top: 10px;\n--ymc-filter-padding-right: 20px;\n--ymc-filter-padding-bottom: 10px;\n--ymc-filter-padding-left: 20px;\n\r\n\t        --ymc-filter-margin-top: 0px;\n--ymc-filter-margin-right: 10px;\n--ymc-filter-margin-bottom: 10px;\n--ymc-filter-margin-left: 0px;\n\r\n\t\r\n\t        --ymc-post-title-font-family: Montserrat;\r\n\t        --ymc-post-title-font-size: 20px;\r\n\t        --ymc-post-title-font-weight: 600;\r\n\t        --ymc-post-title-text-transform: none;\r\n\t        --ymc-post-title-line-height: 1;\r\n\t        --ymc-post-title-letter-spacing: 1;\r\n\t        --ymc-post-title-color: rgb(91,168,33);\r\n\t\r\n\t        --ymc-post-meta-font-family: Montserrat;\r\n\t        --ymc-post-meta-font-size: 14px;\r\n\t        --ymc-post-meta-font-weight: 400;\r\n\t        --ymc-post-meta-color: #1f1f1f;\r\n\t\r\n\t        --ymc-post-excerpt-font-family: Montserrat;\r\n\t        --ymc-post-excerpt-font-size: 14px;\r\n\t        --ymc-post-excerpt-font-weight: 500;\r\n\t        --ymc-post-excerpt-line-height: 1.4;\r\n\t        --ymc-post-excerpt-font-style: normal;\r\n\t        --ymc-post-excerpt-transform: none;\r\n\t        --ymc-post-excerpt-letter-spacing: 1;\r\n\t        --ymc-post-excerpt-color: rgb(0,0,0);\r\n\t\r\n\t        --ymc-post-link-font-family: Montserrat;\r\n\t        --ymc-post-link-font-size: 16px;\r\n\t        --ymc-post-link-font-weight: 400;\r\n\t        --ymc-post-link-transform: none;\r\n\t        --ymc-post-link-letter-spacing: 1.5;\r\n\t        --ymc-post-link-color: rgb(91,168,33);\r\n\t    }\r\n\t    <\/style>\n<div class=\"filter-posts-wrapper\">\n\t\t\t    <div class=\"filter-layout filter-layout--top\">\n                <div class=\"filter-section filter-section--top\">\n\t        \t        \r\n        <div class=\"filter filter-default filter-category filter-2725\"\r\n             data-filter-type=\"default\"\r\n             data-selection-mode=\"single\">\r\n\t                    <div class=\"filter-default-inner\">\r\n                <div class=\"filter-buttons\">\r\n                                        <button class=\"filter-button filter-button--all is-active js-filter-button-all\"\r\n                            data-all-terms='[29,32,30,31]'>\r\n                        <span class=\"text\">\r\n                        Tout<\/span>\r\n                    <\/button>\r\n\r\n                       <button class=\"filter-button left-icon\"\r\n\t\t\t                data-termid=\"31\"\r\n                aria-pressed=\"false\" >\r\n\t\t\t            <span class=\"text\">Gestion Potager<\/span>\r\n                    <\/button>\r\n\t\t        <button class=\"filter-button left-icon\"\r\n\t\t\t                data-termid=\"30\"\r\n                aria-pressed=\"false\" >\r\n\t\t\t            <span class=\"text\">Gestion Moeraske<\/span>\r\n                    <\/button>\r\n\t\t        <button class=\"filter-button left-icon\"\r\n\t\t\t                data-termid=\"32\"\r\n                aria-pressed=\"false\" >\r\n\t\t\t            <span class=\"text\">Gestion Jardin Aromatique<\/span>\r\n                    <\/button>\r\n\t\t        <button class=\"filter-button left-icon\"\r\n\t\t\t                data-termid=\"29\"\r\n                aria-pressed=\"false\" >\r\n\t\t\t            <span class=\"text\">Gestion HTM<\/span>\r\n                    <\/button>\r\n\t\t                <\/div>\r\n            <\/div>\r\n\t                <\/div>\r\n\r\n\t\t\t                <\/div>\n                <div class=\"filter-content\">\n                        <div class=\"posts-grid js-ajax-content ymc-cols-xxs-1 ymc-cols-xs-1 ymc-cols-sm-1 ymc-cols-md-1 ymc-cols-lg-1 ymc-cols-xl-1 ymc-col-gap-30 ymc-row-gap-30 ymc-col-gap-30 ymc-row-gap-30\"><\/div>\n\t                <\/div>\n    <\/div>\n<\/div>\n\n\t\t<\/div>\r\n\t\t\n","protected":false},"excerpt":{"rendered":"<p>La gestion et l&#8217;am\u00e9nagement des r\u00e9serves naturelles. La gestion des sites semi-naturels a toujours \u00e9t\u00e9 un point fort de la CEBE. On pourrait croire qu&#8217;il n&#8217;est pas n\u00e9cessaire de g\u00e9rer un milieu naturel, mais il n&#8217;en est rien ! En r\u00e9alit\u00e9&nbsp;les milieux &#8221; vraiment&nbsp;naturels&nbsp;&#8221; n&#8217;existent plus en Belgique, ni en Europe occidentale&nbsp;d&#8217;ailleurs, si ce n&#8217;est&hellip;&nbsp;<a href=\"https:\/\/cebe.be\/fr\/gestions\/\" rel=\"bookmark\">Lire la suite &raquo;<span class=\"screen-reader-text\">Gestions<\/span><\/a><\/p>\n","protected":false},"author":1,"featured_media":0,"parent":0,"menu_order":0,"comment_status":"closed","ping_status":"closed","template":"","meta":{"_acf_changed":false,"neve_meta_sidebar":"","neve_meta_container":"","neve_meta_enable_content_width":"","neve_meta_content_width":0,"neve_meta_title_alignment":"","neve_meta_author_avatar":"","neve_post_elements_order":"","neve_meta_disable_header":"","neve_meta_disable_footer":"","neve_meta_disable_title":"","iawp_total_views":174,"footnotes":""},"categories":[],"tags":[],"class_list":["post-40","page","type-page","status-publish","hentry"],"acf":[],"_links":{"self":[{"href":"https:\/\/cebe.be\/fr\/wp-json\/wp\/v2\/pages\/40","targetHints":{"allow":["GET"]}}],"collection":[{"href":"https:\/\/cebe.be\/fr\/wp-json\/wp\/v2\/pages"}],"about":[{"href":"https:\/\/cebe.be\/fr\/wp-json\/wp\/v2\/types\/page"}],"author":[{"embeddable":true,"href":"https:\/\/cebe.be\/fr\/wp-json\/wp\/v2\/users\/1"}],"replies":[{"embeddable":true,"href":"https:\/\/cebe.be\/fr\/wp-json\/wp\/v2\/comments?post=40"}],"version-history":[{"count":23,"href":"https:\/\/cebe.be\/fr\/wp-json\/wp\/v2\/pages\/40\/revisions"}],"predecessor-version":[{"id":2727,"href":"https:\/\/cebe.be\/fr\/wp-json\/wp\/v2\/pages\/40\/revisions\/2727"}],"wp:attachment":[{"href":"https:\/\/cebe.be\/fr\/wp-json\/wp\/v2\/media?parent=40"}],"wp:term":[{"taxonomy":"category","embeddable":true,"href":"https:\/\/cebe.be\/fr\/wp-json\/wp\/v2\/categories?post=40"},{"taxonomy":"post_tag","embeddable":true,"href":"https:\/\/cebe.be\/fr\/wp-json\/wp\/v2\/tags?post=40"}],"curies":[{"name":"wp","href":"https:\/\/api.w.org\/{rel}","templated":true}]}}