{"id":386,"date":"2025-02-15T19:50:46","date_gmt":"2025-02-15T18:50:46","guid":{"rendered":"https:\/\/cebe.be\/fr\/?page_id=386"},"modified":"2025-02-15T20:02:28","modified_gmt":"2025-02-15T19:02:28","slug":"echo_du_marais_dernier_numero","status":"publish","type":"page","link":"https:\/\/cebe.be\/fr\/echo_du_marais_dernier_numero\/","title":{"rendered":"Echo du Marais &#8211; dernier num\u00e9ro"},"content":{"rendered":"\n<h3 class=\"wp-block-heading\">Dernier num\u00e9ro<\/h3>\n\n\n\n<p>N.B. :<em> r\u00e9serv\u00e9 aux membres enregistr\u00e9s<\/em><\/p>\n\n\n\n<iframe loading=\"lazy\" width=\"100%\" height=\"1100\" src=\"https:\/\/www.cebe.be\/nc\/index.php\/s\/6xZxYYZFiNznMTn\"><\/iframe>\n\n\n\n<p><\/p>\n\n\n\n<p><\/p>\n","protected":false},"excerpt":{"rendered":"<p>Dernier num\u00e9ro N.B. : r\u00e9serv\u00e9 aux membres enregistr\u00e9s<\/p>\n","protected":false},"author":1,"featured_media":0,"parent":0,"menu_order":0,"comment_status":"closed","ping_status":"closed","template":"","meta":{"_acf_changed":false,"neve_meta_sidebar":"","neve_meta_container":"","neve_meta_enable_content_width":"","neve_meta_content_width":0,"neve_meta_title_alignment":"","neve_meta_author_avatar":"","neve_post_elements_order":"","neve_meta_disable_header":"","neve_meta_disable_footer":"","neve_meta_disable_title":"","iawp_total_views":443,"footnotes":""},"categories":[],"tags":[],"class_list":["post-386","page","type-page","status-publish","hentry"],"acf":[],"_links":{"self":[{"href":"https:\/\/cebe.be\/fr\/wp-json\/wp\/v2\/pages\/386","targetHints":{"allow":["GET"]}}],"collection":[{"href":"https:\/\/cebe.be\/fr\/wp-json\/wp\/v2\/pages"}],"about":[{"href":"https:\/\/cebe.be\/fr\/wp-json\/wp\/v2\/types\/page"}],"author":[{"embeddable":true,"href":"https:\/\/cebe.be\/fr\/wp-json\/wp\/v2\/users\/1"}],"replies":[{"embeddable":true,"href":"https:\/\/cebe.be\/fr\/wp-json\/wp\/v2\/comments?post=386"}],"version-history":[{"count":2,"href":"https:\/\/cebe.be\/fr\/wp-json\/wp\/v2\/pages\/386\/revisions"}],"predecessor-version":[{"id":397,"href":"https:\/\/cebe.be\/fr\/wp-json\/wp\/v2\/pages\/386\/revisions\/397"}],"wp:attachment":[{"href":"https:\/\/cebe.be\/fr\/wp-json\/wp\/v2\/media?parent=386"}],"wp:term":[{"taxonomy":"category","embeddable":true,"href":"https:\/\/cebe.be\/fr\/wp-json\/wp\/v2\/categories?post=386"},{"taxonomy":"post_tag","embeddable":true,"href":"https:\/\/cebe.be\/fr\/wp-json\/wp\/v2\/tags?post=386"}],"curies":[{"name":"wp","href":"https:\/\/api.w.org\/{rel}","templated":true}]}}