{"id":38,"date":"2025-02-03T12:04:02","date_gmt":"2025-02-03T11:04:02","guid":{"rendered":"https:\/\/cebe.be\/fr\/?page_id=38"},"modified":"2025-06-27T09:42:53","modified_gmt":"2025-06-27T07:42:53","slug":"petitions","status":"publish","type":"page","link":"https:\/\/cebe.be\/fr\/petitions\/","title":{"rendered":"P\u00e9titions"},"content":{"rendered":"\n<h3 class=\"wp-block-heading\">A propos des p\u00e9titions&#8230;<\/h3>\n\n\n\n<p>&#8220;<em>Je pense qu&#8217;il vaudrait mieux arr\u00eater de signer des p\u00e9titions. Non que je n&#8217;approuve pas leur contenu, mais parce que trop de p\u00e9titions tuent les p\u00e9titions. Nous en avons envoy\u00e9es des milliers depuis des lustres sans jamais avoir r\u00e9ussi \u00e0 enrayer quoi que ce soit.<\/em><\/p>\n\n\n\n<p><em>Et surtout, apr\u00e8s avoir sign\u00e9 une p\u00e9tition, les gens pensent avoir fait leur BA (bonne action quotidienne), s&#8217;ach\u00e8tent ainsi \u00e0 bas prix une bonne conscience et estiment avoir fait leur devoir sans s&#8217;investir davantage.<\/em><\/p>\n\n\n\n<p><em>Il serait pr\u00e9f\u00e9rable de publier des &#8220;<strong>lettres ouvertes<\/strong>&#8221; <strong>sign\u00e9es par de tr\u00e8s nombreuses associations s\u00e9rieuses et adress\u00e9es \u00e0 nos &#8220;\u00e9lus&#8221;<\/strong> qui craignent de ne pas le rester et de m\u00e9diatiser au maximum leur contenu. <\/em><\/p>\n\n\n\n<p><em>Apprenez \u00e0 dire NON lorsque vous n&#8217;\u00eates pas d&#8217;accord et ne vous laissez pas impressionner par les gens officiellement au pouvoir.<\/em>&#8220;<\/p>\n\n\n\n<p class=\"has-text-align-right\"><strong>Sylvie Simon, journaliste<\/strong><\/p>\n\n\n<div class='pt-cv-wrapper'> <div class=\"pt-cv-view pt-cv-blockgrid iscvblock iscvreal list1 layout1\" id=\"pt-cv-view-y6a0vyas\"><div data-id=\"pt-cv-page-1\" class=\"pt-cv-page cv-npf\" data-cvc=\"1\"><div class=\" pt-cv-content-item pt-cv-2-col\"  data-pid=\"0\"><div class=\"pt-cv-no-post\">Aucune publication trouv\u00e9e.<\/div><\/div><\/div><\/div> <\/div> <style>\n\n#pt-cv-view-y6a0vyas .pt-cv-meta-fields {  }#pt-cv-view-y6a0vyas .pt-cv-meta-fields * { color: var(--nv-primary-accent);font-weight: 900;font-size: 20px; }#pt-cv-view-y6a0vyas .pt-cv-thumb-wrapper:not(.miniwrap) { width: 40%; }#pt-cv-view-y6a0vyas .pt-cv-thumbnail:not(.pt-cv-thumbnailsm) { height: 300px; }#pt-cv-view-y6a0vyas .pt-cv-thumb-wrapper {  }#pt-cv-view-y6a0vyas[class*=\"cveffect\"] .pt-cv-thumb-wrapper, #pt-cv-view-y6a0vyas:not([class*=\"cveffect\"]) .pt-cv-thumbnail { border-radius: 30px 30px 30px 30px; }#pt-cv-view-y6a0vyas .pt-cv-thumbnail {  }#pt-cv-view-y6a0vyas .pt-cv-title a { display: block; }#pt-cv-view-y6a0vyas .pt-cv-title:not(.pt-cv-titlesm) a { font-weight: 600;text-decoration: none;font-size: 22px; }#pt-cv-view-y6a0vyas .pt-cv-titlesm a { font-weight: 600;font-size: 18px; }#pt-cv-view-y6a0vyas .pt-cv-content { font-size: 15px; }#pt-cv-view-y6a0vyas .pt-cv-rmwrap {  }#pt-cv-view-y6a0vyas .pt-cv-readmore { color: #fff;background-color: var(--nv-c-1);font-size: 14px; }#pt-cv-view-y6a0vyas .pt-cv-taxoterm {  }#pt-cv-view-y6a0vyas .pt-cv-taxoterm * { color: #222;background-color: #fff6f6;font-size: 14px; }#pt-cv-view-y6a0vyas + .pt-cv-pagination-wrapper {  }#pt-cv-view-y6a0vyas + .pt-cv-pagination-wrapper a { font-size: 14px; }#pt-cv-view-y6a0vyas > .pt-cv-page {grid-template-columns: repeat(1, 1fr);grid-gap: 40px;}\n@media all and (max-width: 1024px) { \n#pt-cv-view-y6a0vyas > .pt-cv-page {grid-template-columns: repeat(1, 1fr);}\n} \n@media all and (max-width: 767px) { \n#pt-cv-view-y6a0vyas > .pt-cv-page {grid-template-columns: repeat(1, 1fr);}\n} <\/style>\n\n\n<hr class=\"wp-block-separator has-alpha-channel-opacity\"\/>\n\n\n\n<p><\/p>\n","protected":false},"excerpt":{"rendered":"<p>A propos des p\u00e9titions&#8230; &#8220;Je pense qu&#8217;il vaudrait mieux arr\u00eater de signer des p\u00e9titions. Non que je n&#8217;approuve pas leur contenu, mais parce que trop de p\u00e9titions tuent les p\u00e9titions. Nous en avons envoy\u00e9es des milliers depuis des lustres sans jamais avoir r\u00e9ussi \u00e0 enrayer quoi que ce soit. Et surtout, apr\u00e8s avoir sign\u00e9 une&hellip;&nbsp;<a href=\"https:\/\/cebe.be\/fr\/petitions\/\" rel=\"bookmark\">Lire la suite &raquo;<span class=\"screen-reader-text\">P\u00e9titions<\/span><\/a><\/p>\n","protected":false},"author":1,"featured_media":0,"parent":0,"menu_order":0,"comment_status":"closed","ping_status":"closed","template":"","meta":{"_acf_changed":false,"neve_meta_sidebar":"","neve_meta_container":"","neve_meta_enable_content_width":"","neve_meta_content_width":0,"neve_meta_title_alignment":"","neve_meta_author_avatar":"","neve_post_elements_order":"","neve_meta_disable_header":"","neve_meta_disable_footer":"","neve_meta_disable_title":"","iawp_total_views":50,"footnotes":""},"categories":[],"tags":[],"class_list":["post-38","page","type-page","status-publish","hentry"],"acf":[],"_links":{"self":[{"href":"https:\/\/cebe.be\/fr\/wp-json\/wp\/v2\/pages\/38","targetHints":{"allow":["GET"]}}],"collection":[{"href":"https:\/\/cebe.be\/fr\/wp-json\/wp\/v2\/pages"}],"about":[{"href":"https:\/\/cebe.be\/fr\/wp-json\/wp\/v2\/types\/page"}],"author":[{"embeddable":true,"href":"https:\/\/cebe.be\/fr\/wp-json\/wp\/v2\/users\/1"}],"replies":[{"embeddable":true,"href":"https:\/\/cebe.be\/fr\/wp-json\/wp\/v2\/comments?post=38"}],"version-history":[{"count":10,"href":"https:\/\/cebe.be\/fr\/wp-json\/wp\/v2\/pages\/38\/revisions"}],"predecessor-version":[{"id":1582,"href":"https:\/\/cebe.be\/fr\/wp-json\/wp\/v2\/pages\/38\/revisions\/1582"}],"wp:attachment":[{"href":"https:\/\/cebe.be\/fr\/wp-json\/wp\/v2\/media?parent=38"}],"wp:term":[{"taxonomy":"category","embeddable":true,"href":"https:\/\/cebe.be\/fr\/wp-json\/wp\/v2\/categories?post=38"},{"taxonomy":"post_tag","embeddable":true,"href":"https:\/\/cebe.be\/fr\/wp-json\/wp\/v2\/tags?post=38"}],"curies":[{"name":"wp","href":"https:\/\/api.w.org\/{rel}","templated":true}]}}