{"id":379,"date":"2025-02-15T19:40:20","date_gmt":"2025-02-15T18:40:20","guid":{"rendered":"https:\/\/cebe.be\/fr\/?page_id=379"},"modified":"2025-02-15T20:03:02","modified_gmt":"2025-02-15T19:03:02","slug":"echo-du-marais-2","status":"publish","type":"page","link":"https:\/\/cebe.be\/fr\/echo-du-marais-2\/","title":{"rendered":"Echo du Marais"},"content":{"rendered":"\n<p>C&#8217;est le&nbsp;<strong>bulletin de contact<\/strong>&nbsp;de l&#8217;association, envoy\u00e9&nbsp;<strong>trimestriellement<\/strong>&nbsp;\u00e0 tous les membres en ordre de cotisation.<br><br>Il pr\u00e9sente l&#8217;agenda des activit\u00e9s, des comptes-rendus, des articles de fonds ou des dossiers th\u00e9matiques consacr\u00e9s \u00e0 des aspetcs particuliers de la flore ou de la faune des sites.<br><br>Depuis fin 2003, ils sont disponibles en ligne sur le site, un trimestre apr\u00e8s leur parution papier (sauf si vous \u00eates abonn\u00e9 \u00e0 la version \u00e9lectronique).&nbsp;<\/p>\n\n\n\n<ul class=\"wp-block-list\">\n<li><img loading=\"lazy\" decoding=\"async\" width=\"15\" height=\"15\" class=\"wp-image-395\" style=\"width: 15px;\" src=\"https:\/\/cebe.be\/fr\/wp-content\/uploads\/2025\/02\/arrow-right-svgrepo-com_64-e1739646000120.png\" alt=\"\"> <img decoding=\"async\" class=\"wp-image-395\" style=\"width: 1px;\" src=\"https:\/\/cebe.be\/fr\/wp-content\/uploads\/2025\/02\/arrow-right-svgrepo-com_64.png\" alt=\"\"><a href=\"https:\/\/cebe.be\/fr\/echo_du_marais_dernier_numero\/\" data-type=\"page\" data-id=\"386\">Dernier num\u00e9ro<\/a> (<em>membres enregistr\u00e9s<\/em>)<\/li>\n<\/ul>\n\n\n\n<hr class=\"wp-block-separator has-alpha-channel-opacity\"\/>\n\n\n\n<iframe loading=\"lazy\" width=\"100%\" height=\"1100\" src=\"https:\/\/www.cebe.be\/nc\/index.php\/s\/HMBmSTNXJqFCLit\"><\/iframe>\n\n\n\n<p><\/p>\n\n\n\n<p><\/p>\n","protected":false},"excerpt":{"rendered":"<p>C&#8217;est le&nbsp;bulletin de contact&nbsp;de l&#8217;association, envoy\u00e9&nbsp;trimestriellement&nbsp;\u00e0 tous les membres en ordre de cotisation. Il pr\u00e9sente l&#8217;agenda des activit\u00e9s, des comptes-rendus, des articles de fonds ou des dossiers th\u00e9matiques consacr\u00e9s \u00e0 des aspetcs particuliers de la flore ou de la faune des sites. Depuis fin 2003, ils sont disponibles en ligne sur le site, un trimestre&hellip;&nbsp;<a href=\"https:\/\/cebe.be\/fr\/echo-du-marais-2\/\" rel=\"bookmark\">Lire la suite &raquo;<span class=\"screen-reader-text\">Echo du Marais<\/span><\/a><\/p>\n","protected":false},"author":1,"featured_media":0,"parent":0,"menu_order":0,"comment_status":"closed","ping_status":"closed","template":"","meta":{"_acf_changed":false,"neve_meta_sidebar":"","neve_meta_container":"","neve_meta_enable_content_width":"","neve_meta_content_width":0,"neve_meta_title_alignment":"","neve_meta_author_avatar":"","neve_post_elements_order":"","neve_meta_disable_header":"","neve_meta_disable_footer":"","neve_meta_disable_title":"","iawp_total_views":175,"footnotes":""},"categories":[],"tags":[],"class_list":["post-379","page","type-page","status-publish","hentry"],"acf":[],"_links":{"self":[{"href":"https:\/\/cebe.be\/fr\/wp-json\/wp\/v2\/pages\/379","targetHints":{"allow":["GET"]}}],"collection":[{"href":"https:\/\/cebe.be\/fr\/wp-json\/wp\/v2\/pages"}],"about":[{"href":"https:\/\/cebe.be\/fr\/wp-json\/wp\/v2\/types\/page"}],"author":[{"embeddable":true,"href":"https:\/\/cebe.be\/fr\/wp-json\/wp\/v2\/users\/1"}],"replies":[{"embeddable":true,"href":"https:\/\/cebe.be\/fr\/wp-json\/wp\/v2\/comments?post=379"}],"version-history":[{"count":12,"href":"https:\/\/cebe.be\/fr\/wp-json\/wp\/v2\/pages\/379\/revisions"}],"predecessor-version":[{"id":398,"href":"https:\/\/cebe.be\/fr\/wp-json\/wp\/v2\/pages\/379\/revisions\/398"}],"wp:attachment":[{"href":"https:\/\/cebe.be\/fr\/wp-json\/wp\/v2\/media?parent=379"}],"wp:term":[{"taxonomy":"category","embeddable":true,"href":"https:\/\/cebe.be\/fr\/wp-json\/wp\/v2\/categories?post=379"},{"taxonomy":"post_tag","embeddable":true,"href":"https:\/\/cebe.be\/fr\/wp-json\/wp\/v2\/tags?post=379"}],"curies":[{"name":"wp","href":"https:\/\/api.w.org\/{rel}","templated":true}]}}