{"id":2745,"date":"2026-03-10T00:09:46","date_gmt":"2026-03-09T23:09:46","guid":{"rendered":"https:\/\/cebe.be\/fr\/?page_id=2745"},"modified":"2026-03-10T00:09:46","modified_gmt":"2026-03-09T23:09:46","slug":"fournil-de-lhof-ter-musschen","status":"publish","type":"page","link":"https:\/\/cebe.be\/fr\/fournil-de-lhof-ter-musschen\/","title":{"rendered":"Fournil de l&#8217;Hof ter Musschen"},"content":{"rendered":"\n<div class=\"wp-block-columns is-layout-flex wp-container-core-columns-is-layout-ed5226f6 wp-block-columns-is-layout-flex\" style=\"padding-right:0;padding-left:0\">\n<div class=\"wp-block-column is-vertically-aligned-center is-layout-flow wp-block-column-is-layout-flow\" style=\"padding-right:2rem;padding-left:0rem;flex-basis:60%\">\n<p>Le fournil de l&#8217;Hof ter Musschen a \u00e9t\u00e9 construit au<strong>&nbsp;tout d\u00e9but du 19\u00e8me si\u00e8cle<\/strong>.<br><br>Il s&#8217;agit d&#8217;un petit b\u00e2timent de 6 m\u00e8tres sur 4 environ, situ\u00e9 \u00e0 une dizaine de m\u00e8tres de la ferme du m\u00eame nom et dont il d\u00e9pendait. Il est flanqu\u00e9 \u00e0 l&#8217;arri\u00e8re d&#8217;un four \u00e0 pain.<br><br>Le four a fonctionn\u00e9 jusqu&#8217;\u00e0 la fin de la seconde guerre mondiale et est ensuite rest\u00e9 \u00e0 l&#8217;abandon jusqu&#8217;\u00e0 sa compl\u00e8te restauration en 2004-2005 par la R\u00e9gion, l&#8217;Administration des Monuments et Sites et la CEBE.<\/p>\n\n\n\n<p>Vous trouverez<a href=\"https:\/\/cebe.be\/cebe\/1-f-tb_fournil-0-intro-0-0-0-0.php\">\u00a0toutes les informations et anecdotes sur l&#8217;histoire du fournil dans l&#8217;onglet qui lui est consacr\u00e9<\/a> sur l\u2019ancien site de la CEBE.<\/p>\n\n\n\n<p>Une association fille de la CEBE, &#8220;<a href=\"https:\/\/www.fournilhtm.be\/htm\/\">Fournil de l&#8217;Hof ter Musschen&#8221;<\/a> en g\u00e8re dor\u00e9navant les animations.<\/p>\n<\/div>\n\n\n\n<div class=\"wp-block-column is-layout-flow wp-block-column-is-layout-flow\" style=\"padding-right:0;padding-left:0;flex-basis:40%\"><div class=\"wp-block-image\">\n<figure class=\"aligncenter size-full has-custom-border\"><a href=\"https:\/\/cebe.be\/fr\/wp-content\/uploads\/2026\/03\/fournil.jpg\"><img loading=\"lazy\" decoding=\"async\" width=\"1600\" height=\"1200\" src=\"https:\/\/cebe.be\/fr\/wp-content\/uploads\/2026\/03\/fournil.jpg\" alt=\"\" class=\"wp-image-2746\" style=\"border-radius:30px\" srcset=\"https:\/\/cebe.be\/fr\/wp-content\/uploads\/2026\/03\/fournil.jpg 1600w, https:\/\/cebe.be\/fr\/wp-content\/uploads\/2026\/03\/fournil-300x225.jpg 300w, https:\/\/cebe.be\/fr\/wp-content\/uploads\/2026\/03\/fournil-1024x768.jpg 1024w, https:\/\/cebe.be\/fr\/wp-content\/uploads\/2026\/03\/fournil-768x576.jpg 768w, https:\/\/cebe.be\/fr\/wp-content\/uploads\/2026\/03\/fournil-1536x1152.jpg 1536w, https:\/\/cebe.be\/fr\/wp-content\/uploads\/2026\/03\/fournil-24x18.jpg 24w, https:\/\/cebe.be\/fr\/wp-content\/uploads\/2026\/03\/fournil-36x27.jpg 36w, https:\/\/cebe.be\/fr\/wp-content\/uploads\/2026\/03\/fournil-48x36.jpg 48w\" sizes=\"auto, (max-width: 1600px) 100vw, 1600px\" \/><\/a><figcaption class=\"wp-element-caption\"><em><sup>Le fournil en 2005 &#8211; fin de la restauration lourde<\/sup><\/em><\/figcaption><\/figure>\n<\/div><\/div>\n<\/div>\n\n\n\n<div style=\"height:19px\" aria-hidden=\"true\" class=\"wp-block-spacer\"><\/div>\n\n\n\n<div style=\"height:20px\" aria-hidden=\"true\" class=\"wp-block-spacer\"><\/div>\n\n\n\n<div style=\"height:20px\" aria-hidden=\"true\" class=\"wp-block-spacer\"><\/div>\n\n\n\n<div style=\"height:20px\" aria-hidden=\"true\" class=\"wp-block-spacer\"><\/div>\n\n\n\n<div style=\"height:20px\" aria-hidden=\"true\" class=\"wp-block-spacer\"><\/div>\n","protected":false},"excerpt":{"rendered":"<p>Le fournil de l&#8217;Hof ter Musschen a \u00e9t\u00e9 construit au&nbsp;tout d\u00e9but du 19\u00e8me si\u00e8cle. Il s&#8217;agit d&#8217;un petit b\u00e2timent de 6 m\u00e8tres sur 4 environ, situ\u00e9 \u00e0 une dizaine de m\u00e8tres de la ferme du m\u00eame nom et dont il d\u00e9pendait. Il est flanqu\u00e9 \u00e0 l&#8217;arri\u00e8re d&#8217;un four \u00e0 pain. Le four a fonctionn\u00e9 jusqu&#8217;\u00e0&hellip;&nbsp;<a href=\"https:\/\/cebe.be\/fr\/fournil-de-lhof-ter-musschen\/\" rel=\"bookmark\">Lire la suite &raquo;<span class=\"screen-reader-text\">Fournil de l&#8217;Hof ter Musschen<\/span><\/a><\/p>\n","protected":false},"author":1,"featured_media":1775,"parent":0,"menu_order":0,"comment_status":"closed","ping_status":"closed","template":"","meta":{"_acf_changed":false,"neve_meta_sidebar":"","neve_meta_container":"","neve_meta_enable_content_width":"","neve_meta_content_width":0,"neve_meta_title_alignment":"","neve_meta_author_avatar":"","neve_post_elements_order":"","neve_meta_disable_header":"","neve_meta_disable_footer":"","neve_meta_disable_title":"","iawp_total_views":16,"footnotes":""},"categories":[],"tags":[],"class_list":["post-2745","page","type-page","status-publish","has-post-thumbnail","hentry"],"acf":[],"_links":{"self":[{"href":"https:\/\/cebe.be\/fr\/wp-json\/wp\/v2\/pages\/2745","targetHints":{"allow":["GET"]}}],"collection":[{"href":"https:\/\/cebe.be\/fr\/wp-json\/wp\/v2\/pages"}],"about":[{"href":"https:\/\/cebe.be\/fr\/wp-json\/wp\/v2\/types\/page"}],"author":[{"embeddable":true,"href":"https:\/\/cebe.be\/fr\/wp-json\/wp\/v2\/users\/1"}],"replies":[{"embeddable":true,"href":"https:\/\/cebe.be\/fr\/wp-json\/wp\/v2\/comments?post=2745"}],"version-history":[{"count":1,"href":"https:\/\/cebe.be\/fr\/wp-json\/wp\/v2\/pages\/2745\/revisions"}],"predecessor-version":[{"id":2747,"href":"https:\/\/cebe.be\/fr\/wp-json\/wp\/v2\/pages\/2745\/revisions\/2747"}],"wp:featuredmedia":[{"embeddable":true,"href":"https:\/\/cebe.be\/fr\/wp-json\/wp\/v2\/media\/1775"}],"wp:attachment":[{"href":"https:\/\/cebe.be\/fr\/wp-json\/wp\/v2\/media?parent=2745"}],"wp:term":[{"taxonomy":"category","embeddable":true,"href":"https:\/\/cebe.be\/fr\/wp-json\/wp\/v2\/categories?post=2745"},{"taxonomy":"post_tag","embeddable":true,"href":"https:\/\/cebe.be\/fr\/wp-json\/wp\/v2\/tags?post=2745"}],"curies":[{"name":"wp","href":"https:\/\/api.w.org\/{rel}","templated":true}]}}