{"id":2731,"date":"2026-03-09T23:22:43","date_gmt":"2026-03-09T22:22:43","guid":{"rendered":"https:\/\/cebe.be\/fr\/?page_id=2731"},"modified":"2026-03-11T17:47:40","modified_gmt":"2026-03-11T16:47:40","slug":"moulin-devere","status":"publish","type":"page","link":"https:\/\/cebe.be\/fr\/moulin-devere\/","title":{"rendered":"Moulin d&#8217;Evere"},"content":{"rendered":"\n\n\n\n<h2 class=\"wp-block-heading\">Petite introduction<\/h2>\n\n\n\n<div class=\"wp-block-columns is-layout-flex wp-container-core-columns-is-layout-ed5226f6 wp-block-columns-is-layout-flex\" style=\"padding-right:0;padding-left:0\">\n<div class=\"wp-block-column is-vertically-aligned-center is-layout-flow wp-block-column-is-layout-flow\" style=\"padding-right:2rem;padding-left:0rem;flex-basis:60%\">\n<p>Le Moulin d&#8217;Evere a \u00e9t\u00e9&nbsp;<strong>restaur\u00e9<\/strong>&nbsp;en 2007 et a ouvert ses portes en&nbsp;<strong>2008<\/strong>. <\/p>\n\n\n\n<p>Il abrite d\u00e9sormais le MBMA, le&nbsp;<a href=\"http:\/\/www.moulindevere.be\/\">Mus\u00e9e Bruxellois de Moulin et de l&#8217;Alimentation<\/a>, et la CEBE y a donc stopp\u00e9 ses activit\u00e9s.<\/p>\n\n\n\n<p>Elle continue toutefois d&#8217;y animer le&nbsp;<a href=\"https:\/\/cebe.be\/fr\/jardin\/\" data-type=\"page\" data-id=\"54\">jardin aux herbes aromatiques<\/a>&nbsp;attenant au moulin et d\u2019y tenir un stand lors d\u2019Evere Food.<\/p>\n<\/div>\n\n\n\n<div class=\"wp-block-column is-layout-flow wp-block-column-is-layout-flow\" style=\"padding-right:0;padding-left:0;flex-basis:40%\"><div class=\"wp-block-image\">\n<figure class=\"aligncenter size-full has-custom-border\"><a href=\"https:\/\/cebe.be\/fr\/wp-content\/uploads\/2026\/03\/moulin.jpg\"><img loading=\"lazy\" decoding=\"async\" width=\"1438\" height=\"978\" src=\"https:\/\/cebe.be\/fr\/wp-content\/uploads\/2026\/03\/moulin.jpg\" alt=\"\" class=\"wp-image-2737\" style=\"border-radius:30px\" srcset=\"https:\/\/cebe.be\/fr\/wp-content\/uploads\/2026\/03\/moulin.jpg 1438w, https:\/\/cebe.be\/fr\/wp-content\/uploads\/2026\/03\/moulin-300x204.jpg 300w, https:\/\/cebe.be\/fr\/wp-content\/uploads\/2026\/03\/moulin-1024x696.jpg 1024w, https:\/\/cebe.be\/fr\/wp-content\/uploads\/2026\/03\/moulin-768x522.jpg 768w, https:\/\/cebe.be\/fr\/wp-content\/uploads\/2026\/03\/moulin-24x16.jpg 24w, https:\/\/cebe.be\/fr\/wp-content\/uploads\/2026\/03\/moulin-36x24.jpg 36w, https:\/\/cebe.be\/fr\/wp-content\/uploads\/2026\/03\/moulin-48x33.jpg 48w\" sizes=\"auto, (max-width: 1438px) 100vw, 1438px\" \/><\/a><figcaption class=\"wp-element-caption\"><em><sup>Le moulin en 2022<\/sup><\/em><\/figcaption><\/figure>\n<\/div><\/div>\n<\/div>\n\n\n\n<div style=\"height:19px\" aria-hidden=\"true\" class=\"wp-block-spacer\"><\/div>\n\n\n\n<div class=\"wp-block-columns is-layout-flex wp-container-core-columns-is-layout-ed5226f6 wp-block-columns-is-layout-flex\" style=\"padding-right:0;padding-left:0\">\n<div class=\"wp-block-column is-vertically-aligned-center is-layout-flow wp-block-column-is-layout-flow\" style=\"padding-right:2rem;padding-left:0rem;flex-basis:60%\">\n<p>En 2024, l&#8217;association &#8220;Fournil de l&#8217;Hof Ter Musschen&#8221;, association fille de la CEBE  cr\u00e9\u00e9e pour les activit\u00e9s sp\u00e9cifiques du four \u00e0 pain de l&#8217;Hof Ter Musschen, a inaugur\u00e9 un four \u00e0 pain au Moulin d&#8217;Evere.<\/p>\n\n\n\n<p>Depuis 2025, formations et fourn\u00e9es banales s&#8217;y d\u00e9roulent. <a href=\"https:\/\/www.fournilhtm.be\/htm\/\">Plus d&#8217;informations sur le site de l&#8217;association.<\/a><br><br>Vous trouverez<a href=\"https:\/\/cebe.be\/cebe\/index2.php?s=1&amp;l=f&amp;tb=tb_sites&amp;tb2=&amp;m1=moulin&amp;m2=presentation&amp;m1tc=false&amp;idform=\">\u00a0toutes les informations et anecdotes sur l\u2019histoire du moulin dans l\u2019onglet qui lui est consacr\u00e9<\/a>\u00a0sur l\u2019ancien site de la CEBE.<\/p>\n<\/div>\n\n\n\n<div class=\"wp-block-column is-layout-flow wp-block-column-is-layout-flow\" style=\"padding-right:0;padding-left:0;flex-basis:40%\"><div class=\"wp-block-image\">\n<figure class=\"aligncenter size-full has-custom-border\"><a href=\"https:\/\/cebe.be\/fr\/wp-content\/uploads\/2026\/03\/2025_04_four_evere-1024x768-1.jpg\"><img loading=\"lazy\" decoding=\"async\" width=\"1024\" height=\"768\" src=\"https:\/\/cebe.be\/fr\/wp-content\/uploads\/2026\/03\/2025_04_four_evere-1024x768-1.jpg\" alt=\"\" class=\"wp-image-2739\" style=\"border-radius:30px\" srcset=\"https:\/\/cebe.be\/fr\/wp-content\/uploads\/2026\/03\/2025_04_four_evere-1024x768-1.jpg 1024w, https:\/\/cebe.be\/fr\/wp-content\/uploads\/2026\/03\/2025_04_four_evere-1024x768-1-300x225.jpg 300w, https:\/\/cebe.be\/fr\/wp-content\/uploads\/2026\/03\/2025_04_four_evere-1024x768-1-768x576.jpg 768w, https:\/\/cebe.be\/fr\/wp-content\/uploads\/2026\/03\/2025_04_four_evere-1024x768-1-24x18.jpg 24w, https:\/\/cebe.be\/fr\/wp-content\/uploads\/2026\/03\/2025_04_four_evere-1024x768-1-36x27.jpg 36w, https:\/\/cebe.be\/fr\/wp-content\/uploads\/2026\/03\/2025_04_four_evere-1024x768-1-48x36.jpg 48w\" sizes=\"auto, (max-width: 1024px) 100vw, 1024px\" \/><\/a><figcaption class=\"wp-element-caption\"><em><sup>Four d&#8217;Evere, attenant au Moulin d&#8217;Evere<\/sup><\/em><\/figcaption><\/figure>\n<\/div><\/div>\n<\/div>\n\n\n\n<h2 class=\"wp-block-heading\">L&#8217;action de la CEBE<\/h2>\n\n\n\n<div style=\"height:20px\" aria-hidden=\"true\" class=\"wp-block-spacer\"><\/div>\n\n\n\n<div class=\"wp-block-columns is-layout-flex wp-container-core-columns-is-layout-ed5226f6 wp-block-columns-is-layout-flex\" style=\"padding-right:0;padding-left:0\">\n<div class=\"wp-block-column is-vertically-aligned-center is-layout-flow wp-block-column-is-layout-flow\" style=\"padding-right:2rem;padding-left:0rem;flex-basis:60%\">\n<p>L&#8217;action de protection du Moulin est repr\u00e9sentative de l&#8217;action de la CEBE :<br><\/p>\n\n\n\n<ul class=\"wp-block-list\">\n<li>En 1994, l&#8217;association prend conscience de la menace qui p\u00e8se sur le moulin :&nbsp;abandonn\u00e9,&nbsp;il se d\u00e9t\u00e9riore par manque d&#8217;entretien<\/li>\n\n\n\n<li>Des&nbsp;contacts&nbsp;sont entam\u00e9s avec les&nbsp;propri\u00e9taires&nbsp;et les&nbsp;autorit\u00e9s<\/li>\n\n\n\n<li>Une&nbsp;\u00e9tude&nbsp;du patrimoine du moulin est lanc\u00e9e.<\/li>\n\n\n\n<li>Des&nbsp;animations-actions&nbsp;de&nbsp;sensibilisation&nbsp;sont organis\u00e9es pour&nbsp;le&nbsp;public, la&nbsp;presse, les&nbsp;autorit\u00e9s.<\/li>\n\n\n\n<li>Edition d&#8217;une&nbsp;<strong><strong>publication<\/strong>, r\u00e9alis\u00e9e par Alain Doornaert,&nbsp;grand passionn\u00e9 du moulin d&#8217;Evere, et&nbsp;<\/strong>disponible sur&nbsp;<a href=\"https:\/\/cebe.be\/fr\/category\/publication\/\" data-type=\"category\" data-id=\"45\">cette page<\/a>.<\/li>\n<\/ul>\n<\/div>\n\n\n\n<div class=\"wp-block-column is-layout-flow wp-block-column-is-layout-flow\" style=\"padding-right:0;padding-left:0;flex-basis:40%\"><div class=\"wp-block-image\">\n<figure class=\"aligncenter size-full has-custom-border\"><a href=\"https:\/\/cebe.be\/fr\/wp-content\/uploads\/2025\/05\/moulin.gif\"><img loading=\"lazy\" decoding=\"async\" width=\"288\" height=\"200\" src=\"https:\/\/cebe.be\/fr\/wp-content\/uploads\/2025\/05\/moulin.gif\" alt=\"\" class=\"wp-image-1185\" style=\"border-radius:30px\"\/><\/a><figcaption class=\"wp-element-caption\"><em>&#8220;Moulin d&#8217;Evere, derni\u00e8re mouture&#8221;, par Alain Doornaert<\/em><\/figcaption><\/figure>\n<\/div><\/div>\n<\/div>\n\n\n\n<div class=\"wp-block-columns is-layout-flex wp-container-core-columns-is-layout-ed5226f6 wp-block-columns-is-layout-flex\" style=\"padding-right:0;padding-left:0\">\n<div class=\"wp-block-column is-vertically-aligned-center is-layout-flow wp-block-column-is-layout-flow\" style=\"padding-right:2rem;padding-left:0rem;flex-basis:60%\">\n<p><\/p>\n\n\n\n<p><\/p>\n\n\n\n<ul class=\"wp-block-list\">\n<li>Cr\u00e9ation d&#8217;un&nbsp;<a href=\"https:\/\/cebe.be\/fr\/jardin\/\" data-type=\"page\" data-id=\"54\">potager d&#8217;herbes aromatiques<\/a><\/li>\n\n\n\n<li>En 1997, la CEBE se voit confier par le Ministre Eric Andr\u00e9 (R\u00e9gion Bruxelloise),&nbsp;la&nbsp;r\u00e9alisation d&#8217;une \u00e9tude&nbsp;\u00ab&nbsp;Sauvegarde et mise en valeur du Moulin d&#8217;Evere&nbsp;\u00bb. L&#8217;\u00e9tude, d&#8217;une centaine de pages, d\u00e9taillera tous les \u00e9l\u00e9ments de l&#8217;histoire et de l&#8217;\u00e9tat du moulin.<\/li>\n\n\n\n<li>En 1998, le moulin est achet\u00e9 par la Commune d&#8217;Evere. Il est&nbsp;sauv\u00e9. Le projet de&nbsp;restauration&nbsp;peut d\u00e9marrer.<\/li>\n\n\n\n<li>La CEBE continue \u00e0 valoriser le site par des&nbsp;animations.<\/li>\n\n\n\n<li>Depuis 2008, le Moulin d&#8217;Evere est sauv\u00e9 : le <a href=\"http:\/\/www.moulindevere.be\/\">Mus\u00e9e Bruxellois du Moulin et de l&#8217;Alimentation<\/a>&nbsp; y a ouvert ses portes !<\/li>\n<\/ul>\n<\/div>\n\n\n\n<div class=\"wp-block-column is-layout-flow wp-block-column-is-layout-flow\" style=\"padding-right:0;padding-left:0;flex-basis:40%\"><div class=\"wp-block-image\">\n<figure class=\"aligncenter size-full has-custom-border\"><a href=\"https:\/\/cebe.be\/fr\/wp-content\/uploads\/2026\/03\/animation_1.png\"><img loading=\"lazy\" decoding=\"async\" width=\"300\" height=\"225\" src=\"https:\/\/cebe.be\/fr\/wp-content\/uploads\/2026\/03\/animation_1.png\" alt=\"\" class=\"wp-image-2740\" style=\"border-radius:30px\" srcset=\"https:\/\/cebe.be\/fr\/wp-content\/uploads\/2026\/03\/animation_1.png 300w, https:\/\/cebe.be\/fr\/wp-content\/uploads\/2026\/03\/animation_1-24x18.png 24w, https:\/\/cebe.be\/fr\/wp-content\/uploads\/2026\/03\/animation_1-36x27.png 36w, https:\/\/cebe.be\/fr\/wp-content\/uploads\/2026\/03\/animation_1-48x36.png 48w\" sizes=\"auto, (max-width: 300px) 100vw, 300px\" \/><\/a><figcaption class=\"wp-element-caption\"><em>Animation au moulin en 2004<\/em><\/figcaption><\/figure>\n<\/div><\/div>\n<\/div>\n\n\n\n<div style=\"height:20px\" aria-hidden=\"true\" class=\"wp-block-spacer\"><\/div>\n\n\n\n<h3 class=\"wp-block-heading\">Les animations<\/h3>\n\n\n\n<p><br><\/p>\n\n\n\n<div class=\"wp-block-columns is-layout-flex wp-container-core-columns-is-layout-ed5226f6 wp-block-columns-is-layout-flex\" style=\"padding-right:0;padding-left:0\">\n<div class=\"wp-block-column is-vertically-aligned-center is-layout-flow wp-block-column-is-layout-flow\" style=\"padding-right:2rem;padding-left:0rem;flex-basis:60%\">\n<p>La CEBE a organis\u00e9 des&nbsp;<strong>animations annuelles<\/strong>, gratuites et ouvertes \u00e0 tous, et ce&nbsp;<strong>entre 1996 et 2007<\/strong>.<\/p>\n\n\n\n<p>Le succ\u00e8s a toujours \u00e9t\u00e9 au rendez-vous : la derni\u00e8re en date a re\u00e7u la visite de 2.000 personnes !<\/p>\n\n\n\n<p>Elles se sont d\u00e9roul\u00e9es \u00e0 trois reprises durant les<strong>&nbsp;Journ\u00e9es du Patrimoine<\/strong>. <br><br>A chaque fois, \u00e0 des degr\u00e9s divers, elles \u00e9taient organis\u00e9es en collaboration avec la<strong>&nbsp;Commune d&#8217;Evere<\/strong>.<\/p>\n<\/div>\n\n\n\n<div class=\"wp-block-column is-layout-flow wp-block-column-is-layout-flow\" style=\"padding-right:0;padding-left:0;flex-basis:40%\"><div class=\"wp-block-image\">\n<figure class=\"aligncenter size-full has-custom-border\"><a href=\"https:\/\/cebe.be\/fr\/wp-content\/uploads\/2026\/03\/visite1.jpg\"><img loading=\"lazy\" decoding=\"async\" width=\"300\" height=\"199\" src=\"https:\/\/cebe.be\/fr\/wp-content\/uploads\/2026\/03\/visite1.jpg\" alt=\"\" class=\"wp-image-2741\" style=\"border-radius:30px\" srcset=\"https:\/\/cebe.be\/fr\/wp-content\/uploads\/2026\/03\/visite1.jpg 300w, https:\/\/cebe.be\/fr\/wp-content\/uploads\/2026\/03\/visite1-24x16.jpg 24w, https:\/\/cebe.be\/fr\/wp-content\/uploads\/2026\/03\/visite1-36x24.jpg 36w, https:\/\/cebe.be\/fr\/wp-content\/uploads\/2026\/03\/visite1-48x32.jpg 48w\" sizes=\"auto, (max-width: 300px) 100vw, 300px\" \/><\/a><figcaption class=\"wp-element-caption\"><em><sup>Journ\u00e9es du Patrimoine<\/sup><\/em><\/figcaption><\/figure>\n<\/div><\/div>\n<\/div>\n\n\n\n<p>Le but \u00e9tait d&#8217;<strong>attirer l&#8217;attention sur la catastrophe que repr\u00e9senterait la disparition par n\u00e9gligence du Moulin d&#8217;Evere<\/strong>.<\/p>\n\n\n\n<p>Pour mettre en valeur les lieux, les th\u00e8mes choisis pour ces animations nous on \u00e9t\u00e9 inspir\u00e9s par le moulin lui-m\u00eame :<\/p>\n\n\n\n<ul class=\"wp-block-list\">\n<li>L&#8217;<strong>histoire<\/strong>&nbsp;du moulin d&#8217;Evere<\/li>\n\n\n\n<li>La technique de la&nbsp;<strong>meunerie<\/strong><\/li>\n\n\n\n<li>L&#8217;<strong>\u00e9volution de la force motrice<\/strong>&nbsp;: le vent, la vapeur et l&#8217;\u00e9lectricit\u00e9<\/li>\n\n\n\n<li>L&#8217;<strong>atelier de m\u00e9canique<\/strong>&nbsp;d&#8217;Alphonse Van Hove<\/li>\n\n\n\n<li>Les<strong>&nbsp;<\/strong><strong>\u00e9pices&nbsp;et la&nbsp;soci\u00e9t\u00e9 Oscar Tausig<\/strong><\/li>\n\n\n\n<li>Les&nbsp;<strong>herbes aromatiques.<\/strong><\/li>\n<\/ul>\n\n\n\n<div style=\"height:20px\" aria-hidden=\"true\" class=\"wp-block-spacer\"><\/div>\n\n\n<div class=\"wp-block-image\">\n<figure class=\"aligncenter size-full has-custom-border\"><a href=\"https:\/\/cebe.be\/fr\/wp-content\/uploads\/2026\/03\/visite2.jpg\"><img loading=\"lazy\" decoding=\"async\" width=\"500\" height=\"342\" src=\"https:\/\/cebe.be\/fr\/wp-content\/uploads\/2026\/03\/visite2.jpg\" alt=\"\" class=\"wp-image-2742\" style=\"border-radius:30px\" srcset=\"https:\/\/cebe.be\/fr\/wp-content\/uploads\/2026\/03\/visite2.jpg 500w, https:\/\/cebe.be\/fr\/wp-content\/uploads\/2026\/03\/visite2-300x205.jpg 300w, https:\/\/cebe.be\/fr\/wp-content\/uploads\/2026\/03\/visite2-24x16.jpg 24w, https:\/\/cebe.be\/fr\/wp-content\/uploads\/2026\/03\/visite2-36x25.jpg 36w, https:\/\/cebe.be\/fr\/wp-content\/uploads\/2026\/03\/visite2-48x33.jpg 48w\" sizes=\"auto, (max-width: 500px) 100vw, 500px\" \/><\/a><figcaption class=\"wp-element-caption\"><em><sup><em>Animation &#8220;Commerce des \u00e9pices&#8221; &#8211; Journ\u00e9es du Patrimoine 2003<\/em><\/sup><\/em><\/figcaption><\/figure>\n<\/div>\n\n\n<div style=\"height:20px\" aria-hidden=\"true\" class=\"wp-block-spacer\"><\/div>\n\n\n\n<h3 class=\"wp-block-heading\">Restauration du moulin<\/h3>\n\n\n\n<div class=\"wp-block-columns is-layout-flex wp-container-core-columns-is-layout-ed5226f6 wp-block-columns-is-layout-flex\" style=\"padding-right:0;padding-left:0\">\n<div class=\"wp-block-column is-vertically-aligned-center is-layout-flow wp-block-column-is-layout-flow\" style=\"padding-right:2rem;padding-left:0rem;flex-basis:60%\">\n<p>La CEBE a \u00e9t\u00e9 associ\u00e9e par la Commune d&#8217;Evere au devenir du Moulin.<\/p>\n\n\n\n<p>Le projet de&nbsp;restauration&nbsp;a \u00e9t\u00e9 confi\u00e9 \u00e0 l&#8217;architecte Georges Piron.<\/p>\n\n\n\n<p>Il est&nbsp;sp\u00e9cialis\u00e9&nbsp;dans les&nbsp;monuments anciens&nbsp;(Coll\u00e9giale Saint-Guidon d&#8217;Anderlecht, Eglise Saint-Boniface, Fournil de l&#8217;Hof ter Musschen, \u2026)<\/p>\n\n\n\n<p>Georges Piron est tr\u00e8s sensible \u00e0 la pr\u00e9servation non seulement des b\u00e2timents, mais \u00e9galement&nbsp;<strong>au&nbsp;charme<\/strong>&nbsp;que les ans apportent.<\/p>\n\n\n\n<p>Les travaux de restauration sont termin\u00e9s en&nbsp;<strong>2008<\/strong>&nbsp;!<\/p>\n<\/div>\n\n\n\n<div class=\"wp-block-column is-layout-flow wp-block-column-is-layout-flow\" style=\"padding-right:0;padding-left:0;flex-basis:40%\"><div class=\"wp-block-image\">\n<figure class=\"aligncenter size-full has-custom-border\"><a href=\"https:\/\/cebe.be\/fr\/wp-content\/uploads\/2026\/03\/palandessinpiron.jpg\"><img loading=\"lazy\" decoding=\"async\" width=\"300\" height=\"184\" src=\"https:\/\/cebe.be\/fr\/wp-content\/uploads\/2026\/03\/palandessinpiron.jpg\" alt=\"\" class=\"wp-image-2743\" style=\"border-radius:30px\" srcset=\"https:\/\/cebe.be\/fr\/wp-content\/uploads\/2026\/03\/palandessinpiron.jpg 300w, https:\/\/cebe.be\/fr\/wp-content\/uploads\/2026\/03\/palandessinpiron-24x15.jpg 24w, https:\/\/cebe.be\/fr\/wp-content\/uploads\/2026\/03\/palandessinpiron-36x22.jpg 36w, https:\/\/cebe.be\/fr\/wp-content\/uploads\/2026\/03\/palandessinpiron-48x29.jpg 48w\" sizes=\"auto, (max-width: 300px) 100vw, 300px\" \/><\/a><figcaption class=\"wp-element-caption\"><em><sup><em>Dessin du palan<\/em><br>Bureau d&#8217;architecture Pirone<\/sup><\/em><\/figcaption><\/figure>\n<\/div><\/div>\n<\/div>\n\n\n\n<div style=\"height:20px\" aria-hidden=\"true\" class=\"wp-block-spacer\"><\/div>\n","protected":false},"excerpt":{"rendered":"<p>Petite introduction Le Moulin d&#8217;Evere a \u00e9t\u00e9&nbsp;restaur\u00e9&nbsp;en 2007 et a ouvert ses portes en&nbsp;2008. Il abrite d\u00e9sormais le MBMA, le&nbsp;Mus\u00e9e Bruxellois de Moulin et de l&#8217;Alimentation, et la CEBE y a donc stopp\u00e9 ses activit\u00e9s. Elle continue toutefois d&#8217;y animer le&nbsp;jardin aux herbes aromatiques&nbsp;attenant au moulin et d\u2019y tenir un stand lors d\u2019Evere Food. En&hellip;&nbsp;<a href=\"https:\/\/cebe.be\/fr\/moulin-devere\/\" rel=\"bookmark\">Lire la suite &raquo;<span class=\"screen-reader-text\">Moulin d&#8217;Evere<\/span><\/a><\/p>\n","protected":false},"author":1,"featured_media":1775,"parent":0,"menu_order":0,"comment_status":"closed","ping_status":"closed","template":"","meta":{"_acf_changed":false,"neve_meta_sidebar":"","neve_meta_container":"","neve_meta_enable_content_width":"","neve_meta_content_width":0,"neve_meta_title_alignment":"","neve_meta_author_avatar":"","neve_post_elements_order":"","neve_meta_disable_header":"","neve_meta_disable_footer":"","neve_meta_disable_title":"","iawp_total_views":10,"footnotes":""},"categories":[],"tags":[],"class_list":["post-2731","page","type-page","status-publish","has-post-thumbnail","hentry"],"acf":[],"_links":{"self":[{"href":"https:\/\/cebe.be\/fr\/wp-json\/wp\/v2\/pages\/2731","targetHints":{"allow":["GET"]}}],"collection":[{"href":"https:\/\/cebe.be\/fr\/wp-json\/wp\/v2\/pages"}],"about":[{"href":"https:\/\/cebe.be\/fr\/wp-json\/wp\/v2\/types\/page"}],"author":[{"embeddable":true,"href":"https:\/\/cebe.be\/fr\/wp-json\/wp\/v2\/users\/1"}],"replies":[{"embeddable":true,"href":"https:\/\/cebe.be\/fr\/wp-json\/wp\/v2\/comments?post=2731"}],"version-history":[{"count":4,"href":"https:\/\/cebe.be\/fr\/wp-json\/wp\/v2\/pages\/2731\/revisions"}],"predecessor-version":[{"id":2768,"href":"https:\/\/cebe.be\/fr\/wp-json\/wp\/v2\/pages\/2731\/revisions\/2768"}],"wp:featuredmedia":[{"embeddable":true,"href":"https:\/\/cebe.be\/fr\/wp-json\/wp\/v2\/media\/1775"}],"wp:attachment":[{"href":"https:\/\/cebe.be\/fr\/wp-json\/wp\/v2\/media?parent=2731"}],"wp:term":[{"taxonomy":"category","embeddable":true,"href":"https:\/\/cebe.be\/fr\/wp-json\/wp\/v2\/categories?post=2731"},{"taxonomy":"post_tag","embeddable":true,"href":"https:\/\/cebe.be\/fr\/wp-json\/wp\/v2\/tags?post=2731"}],"curies":[{"name":"wp","href":"https:\/\/api.w.org\/{rel}","templated":true}]}}