{"id":1162,"date":"2025-05-16T10:47:01","date_gmt":"2025-05-16T08:47:01","guid":{"rendered":"https:\/\/cebe.be\/fr\/?page_id=1162"},"modified":"2025-05-28T21:27:11","modified_gmt":"2025-05-28T19:27:11","slug":"teambuilding","status":"publish","type":"page","link":"https:\/\/cebe.be\/fr\/teambuilding\/","title":{"rendered":"Teambuilding"},"content":{"rendered":"\n<div class=\"wp-block-columns is-layout-flex wp-container-core-columns-is-layout-ed5226f6 wp-block-columns-is-layout-flex\" style=\"padding-right:0;padding-left:0\">\n<div class=\"wp-block-column is-vertically-aligned-center is-layout-flow wp-block-column-is-layout-flow\" style=\"padding-right:2rem;padding-left:0rem;flex-basis:60%\">\n<p>Depuis de nombreuses ann\u00e9es, la CEBE encadre des journ\u00e9es de teambuilding pour entreprises, administrations et \u00e9coles sur les deux sites naturels qu\u2019elle g\u00e8re. <\/p>\n\n\n\n<p>Pour les participants, c\u2019est l\u2019occasion de renforcer la coh\u00e9sion interne de leur \u00e9quipe en \u0153uvrant utilement \u00e0 la pr\u00e9servation de la Nature; pour la CEBE, c\u2019est l\u2019occasion d\u2019avancer dans les travaux de gestion pr\u00e9vus par nos plans de gestion. <\/p>\n<\/div>\n\n\n\n<div class=\"wp-block-column is-layout-flow wp-block-column-is-layout-flow\" style=\"padding-right:0;padding-left:0;flex-basis:40%\"><div class=\"wp-block-image\">\n<figure class=\"aligncenter size-full has-custom-border\"><a href=\"https:\/\/cebe.be\/fr\/wp-content\/uploads\/2025\/05\/051222-Teambuilding-D.-Boom-scaled.jpg\"><img loading=\"lazy\" decoding=\"async\" width=\"2560\" height=\"1707\" src=\"https:\/\/cebe.be\/fr\/wp-content\/uploads\/2025\/05\/051222-Teambuilding-D.-Boom-scaled.jpg\" alt=\"\" class=\"has-border-color has-neve-text-color-border-color wp-image-1166\" style=\"border-width:1px;border-radius:30px\" srcset=\"https:\/\/cebe.be\/fr\/wp-content\/uploads\/2025\/05\/051222-Teambuilding-D.-Boom-scaled.jpg 2560w, https:\/\/cebe.be\/fr\/wp-content\/uploads\/2025\/05\/051222-Teambuilding-D.-Boom-300x200.jpg 300w, https:\/\/cebe.be\/fr\/wp-content\/uploads\/2025\/05\/051222-Teambuilding-D.-Boom-1024x683.jpg 1024w, https:\/\/cebe.be\/fr\/wp-content\/uploads\/2025\/05\/051222-Teambuilding-D.-Boom-768x512.jpg 768w, https:\/\/cebe.be\/fr\/wp-content\/uploads\/2025\/05\/051222-Teambuilding-D.-Boom-1536x1024.jpg 1536w, https:\/\/cebe.be\/fr\/wp-content\/uploads\/2025\/05\/051222-Teambuilding-D.-Boom-2048x1366.jpg 2048w, https:\/\/cebe.be\/fr\/wp-content\/uploads\/2025\/05\/051222-Teambuilding-D.-Boom-930x620.jpg 930w, https:\/\/cebe.be\/fr\/wp-content\/uploads\/2025\/05\/051222-Teambuilding-D.-Boom-24x16.jpg 24w, https:\/\/cebe.be\/fr\/wp-content\/uploads\/2025\/05\/051222-Teambuilding-D.-Boom-36x24.jpg 36w, https:\/\/cebe.be\/fr\/wp-content\/uploads\/2025\/05\/051222-Teambuilding-D.-Boom-48x32.jpg 48w\" sizes=\"auto, (max-width: 2560px) 100vw, 2560px\" \/><\/a><\/figure>\n<\/div><\/div>\n<\/div>\n\n\n\n<p>Pour rappel, ceux-ci sont ex\u00e9cut\u00e9s par nos b\u00e9n\u00e9voles lors des journ\u00e9es de gestion mensuelle (12 par site) et lors de journ\u00e9es de gestion exceptionnelles, par le recours \u00e0 des ETA (Entreprise de travail adapt\u00e9) comme Nos Pilifs et La Serre Outils et, enfin, par les teambuilding.<\/p>\n\n\n\n<p>Ces journ\u00e9es sont organis\u00e9es le plus souvent &#8211; mais ce n\u2019est pas obligatoire&nbsp;! &#8211; par des soci\u00e9t\u00e9s interm\u00e9diaires, dont c\u2019est le m\u00e9tier. La journ\u00e9e type de teambuilding, mais celle-ci est adaptable pour chaque demandeur, se structure ainsi&nbsp;: accueil de l\u2019\u00e9quipe et explication des travaux \u00e0 effectuer, travail sur le terrain, pique-nique pris en commun, rangement des outils et du mat\u00e9riel utilis\u00e9, balade sur le terrain pour comprendre le site et le pourquoi et le comment de sa gestion.<\/p>\n\n\n<div class=\"wp-block-image\">\n<figure class=\"aligncenter size-full has-custom-border\"><a href=\"https:\/\/cebe.be\/fr\/wp-content\/uploads\/2025\/05\/MIMO-teambuilding-24-05-24-scaled.jpg\"><img loading=\"lazy\" decoding=\"async\" width=\"2560\" height=\"1920\" src=\"https:\/\/cebe.be\/fr\/wp-content\/uploads\/2025\/05\/MIMO-teambuilding-24-05-24-scaled.jpg\" alt=\"\" class=\"has-border-color has-neve-text-color-border-color wp-image-1167\" style=\"border-width:1px;border-radius:30px\" srcset=\"https:\/\/cebe.be\/fr\/wp-content\/uploads\/2025\/05\/MIMO-teambuilding-24-05-24-scaled.jpg 2560w, https:\/\/cebe.be\/fr\/wp-content\/uploads\/2025\/05\/MIMO-teambuilding-24-05-24-300x225.jpg 300w, https:\/\/cebe.be\/fr\/wp-content\/uploads\/2025\/05\/MIMO-teambuilding-24-05-24-1024x768.jpg 1024w, https:\/\/cebe.be\/fr\/wp-content\/uploads\/2025\/05\/MIMO-teambuilding-24-05-24-768x576.jpg 768w, https:\/\/cebe.be\/fr\/wp-content\/uploads\/2025\/05\/MIMO-teambuilding-24-05-24-1536x1152.jpg 1536w, https:\/\/cebe.be\/fr\/wp-content\/uploads\/2025\/05\/MIMO-teambuilding-24-05-24-2048x1536.jpg 2048w, https:\/\/cebe.be\/fr\/wp-content\/uploads\/2025\/05\/MIMO-teambuilding-24-05-24-24x18.jpg 24w, https:\/\/cebe.be\/fr\/wp-content\/uploads\/2025\/05\/MIMO-teambuilding-24-05-24-36x27.jpg 36w, https:\/\/cebe.be\/fr\/wp-content\/uploads\/2025\/05\/MIMO-teambuilding-24-05-24-48x36.jpg 48w\" sizes=\"auto, (max-width: 2560px) 100vw, 2560px\" \/><\/a><\/figure>\n<\/div>\n\n\n<div style=\"height:27px\" aria-hidden=\"true\" class=\"wp-block-spacer\"><\/div>\n\n\n\n<p>Les groupes sont limit\u00e9s \u00e0 20 personnes et sont encadr\u00e9s par minimum deux b\u00e9n\u00e9voles CEBE ayant la connaissance et l\u2019exp\u00e9rience des travaux de gestion et de nos Plans de gestion. L\u2019ensemble du mat\u00e9riel utilis\u00e9 est fourni par la CEBE.<\/p>\n\n\n\n<p>La CEBE ne per\u00e7oit aucune compensation financi\u00e8re pour ces activit\u00e9s. Elle y gagne&nbsp;: le travail effectu\u00e9 et la sensibilisation des visiteurs.<\/p>\n\n\n\n<p><a href=\"https:\/\/cebe.be\/fr\/contact\/\" data-type=\"page\" data-id=\"9\">Prenez contact !<\/a><\/p>\n\n\n\n<p><\/p>\n","protected":false},"excerpt":{"rendered":"<p>Depuis de nombreuses ann\u00e9es, la CEBE encadre des journ\u00e9es de teambuilding pour entreprises, administrations et \u00e9coles sur les deux sites naturels qu\u2019elle g\u00e8re. Pour les participants, c\u2019est l\u2019occasion de renforcer la coh\u00e9sion interne de leur \u00e9quipe en \u0153uvrant utilement \u00e0 la pr\u00e9servation de la Nature; pour la CEBE, c\u2019est l\u2019occasion d\u2019avancer dans les travaux de&hellip;&nbsp;<a href=\"https:\/\/cebe.be\/fr\/teambuilding\/\" rel=\"bookmark\">Lire la suite &raquo;<span class=\"screen-reader-text\">Teambuilding<\/span><\/a><\/p>\n","protected":false},"author":1,"featured_media":0,"parent":0,"menu_order":0,"comment_status":"closed","ping_status":"closed","template":"","meta":{"_acf_changed":false,"neve_meta_sidebar":"","neve_meta_container":"","neve_meta_enable_content_width":"","neve_meta_content_width":0,"neve_meta_title_alignment":"","neve_meta_author_avatar":"","neve_post_elements_order":"","neve_meta_disable_header":"","neve_meta_disable_footer":"","neve_meta_disable_title":"","iawp_total_views":89,"footnotes":""},"categories":[],"tags":[],"class_list":["post-1162","page","type-page","status-publish","hentry"],"acf":[],"_links":{"self":[{"href":"https:\/\/cebe.be\/fr\/wp-json\/wp\/v2\/pages\/1162","targetHints":{"allow":["GET"]}}],"collection":[{"href":"https:\/\/cebe.be\/fr\/wp-json\/wp\/v2\/pages"}],"about":[{"href":"https:\/\/cebe.be\/fr\/wp-json\/wp\/v2\/types\/page"}],"author":[{"embeddable":true,"href":"https:\/\/cebe.be\/fr\/wp-json\/wp\/v2\/users\/1"}],"replies":[{"embeddable":true,"href":"https:\/\/cebe.be\/fr\/wp-json\/wp\/v2\/comments?post=1162"}],"version-history":[{"count":4,"href":"https:\/\/cebe.be\/fr\/wp-json\/wp\/v2\/pages\/1162\/revisions"}],"predecessor-version":[{"id":1225,"href":"https:\/\/cebe.be\/fr\/wp-json\/wp\/v2\/pages\/1162\/revisions\/1225"}],"wp:attachment":[{"href":"https:\/\/cebe.be\/fr\/wp-json\/wp\/v2\/media?parent=1162"}],"wp:term":[{"taxonomy":"category","embeddable":true,"href":"https:\/\/cebe.be\/fr\/wp-json\/wp\/v2\/categories?post=1162"},{"taxonomy":"post_tag","embeddable":true,"href":"https:\/\/cebe.be\/fr\/wp-json\/wp\/v2\/tags?post=1162"}],"curies":[{"name":"wp","href":"https:\/\/api.w.org\/{rel}","templated":true}]}}