{"id":1140,"date":"2025-05-16T10:19:39","date_gmt":"2025-05-16T08:19:39","guid":{"rendered":"https:\/\/cebe.be\/fr\/?page_id=1140"},"modified":"2025-05-16T10:26:41","modified_gmt":"2025-05-16T08:26:41","slug":"devenir-benevole","status":"publish","type":"page","link":"https:\/\/cebe.be\/fr\/devenir-benevole\/","title":{"rendered":"Devenir b\u00e9n\u00e9vole ?"},"content":{"rendered":"\n<h3 class=\"wp-block-heading\">La CEBE recherche activement b\u00e9n\u00e9vole\u00b7s engag\u00e9\u00b7e\u00b7s<\/h3>\n\n\n\n<p>Quand Les Amis du Moeraske virent le jour en 1988 pour prot\u00e9ger l\u2019une des derni\u00e8res zones humides de Bruxelles, nous \u00e9tions tous jeunes et enthousiastes, pleins d\u2019allant et d\u00e9termin\u00e9s, pr\u00eats \u00e0 d\u00e9placer des montagnes&nbsp;!<\/p>\n\n\n\n<p>Un an plus tard, la CEBE naissait de cet embryon de volontaires et grapillait des \u00e9mules. Elle allait s\u2019\u00e9panouir, se concentrer sur d\u2019autres sites et diversifier ses activit\u00e9s&nbsp;: gestion des sites semi-naturels, visites guid\u00e9es, inventaires botanique et faunistique, protection du petit patrimoine, actions de sensibilisation \u00e0 la nature, engagement et lutte pour la protection de nombreux espaces verts \u00e0 Bruxelles&nbsp;!<\/p>\n\n\n\n<p>Aujourd\u2019hui, \u00e0 pr\u00e8s de quatre d\u00e9cennies de b\u00e9n\u00e9volat d\u00e9di\u00e9 \u00e0 la nature bruxelloise, la CEBE jette un regard en arri\u00e8re&nbsp;et compte ses disparus. Reste nous, les survivants, dont la volont\u00e9 demeure intacte, mais dont les t\u00eates, pour certains, sont d\u00e9sormais chenues. M\u00eame si nous avons re\u00e7u de pr\u00e9cieux renforts ces derni\u00e8res ann\u00e9es, nous aurions bien besoin d\u2019un petit coup de frais, de jeune\u2026 pour pallier un certain coup de mou\u2026<\/p>\n\n\n<div class=\"wp-block-image\">\n<figure class=\"aligncenter size-full has-custom-border\"><a href=\"https:\/\/cebe.be\/fr\/wp-content\/uploads\/2025\/05\/CLDI-040125-Gestion-HTM.jpg\"><img loading=\"lazy\" decoding=\"async\" width=\"1600\" height=\"900\" src=\"https:\/\/cebe.be\/fr\/wp-content\/uploads\/2025\/05\/CLDI-040125-Gestion-HTM.jpg\" alt=\"\" class=\"wp-image-1143\" style=\"border-radius:30px\" srcset=\"https:\/\/cebe.be\/fr\/wp-content\/uploads\/2025\/05\/CLDI-040125-Gestion-HTM.jpg 1600w, https:\/\/cebe.be\/fr\/wp-content\/uploads\/2025\/05\/CLDI-040125-Gestion-HTM-300x169.jpg 300w, https:\/\/cebe.be\/fr\/wp-content\/uploads\/2025\/05\/CLDI-040125-Gestion-HTM-1024x576.jpg 1024w, https:\/\/cebe.be\/fr\/wp-content\/uploads\/2025\/05\/CLDI-040125-Gestion-HTM-768x432.jpg 768w, https:\/\/cebe.be\/fr\/wp-content\/uploads\/2025\/05\/CLDI-040125-Gestion-HTM-1536x864.jpg 1536w, https:\/\/cebe.be\/fr\/wp-content\/uploads\/2025\/05\/CLDI-040125-Gestion-HTM-24x14.jpg 24w, https:\/\/cebe.be\/fr\/wp-content\/uploads\/2025\/05\/CLDI-040125-Gestion-HTM-36x20.jpg 36w, https:\/\/cebe.be\/fr\/wp-content\/uploads\/2025\/05\/CLDI-040125-Gestion-HTM-48x27.jpg 48w\" sizes=\"auto, (max-width: 1600px) 100vw, 1600px\" \/><\/a><\/figure>\n<\/div>\n\n\n<div style=\"height:25px\" aria-hidden=\"true\" class=\"wp-block-spacer\"><\/div>\n\n\n\n<h3 class=\"wp-block-heading\">Serez-vous le ou la b\u00e9n\u00e9vole engag\u00e9\u00b7e qui nous rejoindra ?<\/h3>\n\n\n\n<p>Nous faisons appel \u00e0 toutes les bonne volont\u00e9s&nbsp;pr\u00eates \u00e0 nous seconder, non seulement pour nos gestions de terrain mais \u00e9galement pour assurer le bon fonctionnement administratif de notre association. Car vous n\u2019imaginez pas tout ce que la vie d\u2019une asbl comme la CEBE implique de travail et de temps pour les membres actifs\u2026<\/p>\n\n\n\n<p><span style=\"text-decoration: underline;\">Voici un aper\u00e7u de la nature des t\u00e2ches qui s\u2019offrent au b\u00e9n\u00e9vole engag\u00e9&nbsp;et leurs d\u00e9clinaisons&nbsp;:<\/span><\/p>\n\n\n\n<ul class=\"wp-block-list\">\n<li>gestion de terrain&nbsp;(fauche de prairies, \u00e9vacuation du produit fauch\u00e9, \u00e9t\u00eatage de saules, d\u00e9gagement d\u2019arbres tomb\u00e9s, lutte contre les plantes invasives, confection de haies s\u00e8ches, pose de cl\u00f4tures, d\u00e9gagement de mares, \u00e9laboration\/mise en \u0153uvre des plans de gestion, \u2026)&nbsp;;<\/li>\n\n\n\n<li>secr\u00e9tariat (gestion de la bo\u00eete mail de l\u2019asbl, prise de contact, comptabilit\u00e9, tr\u00e9sorerie, rapports d\u2019activit\u00e9s, fiscalit\u00e9, organisation de r\u00e9unions (OA, AG), r\u00e9daction de PV, \u2026)&nbsp;;<\/li>\n\n\n\n<li>informatique (suivi du site internet, page Facebook, \u2026)&nbsp;;<\/li>\n\n\n\n<li>volet scientifique (inventaires faunistique et floristique des sites, visites de terrain, identifications, \u2026)&nbsp;;<\/li>\n\n\n\n<li>volet p\u00e9dagogique (visites guid\u00e9es mensuelles et sp\u00e9ciales tout public, \u00ab&nbsp;enfants&nbsp;\u00bb et scolaires, organisations, agenda, recrutement des guides, pr\u00e9paration de guidances, animations, \u2026)&nbsp;;<\/li>\n\n\n\n<li>volet \u00e9v\u00e8nementiel (prises de contact, organisations, publicit\u00e9, gestion mat\u00e9riel, \u2026)&nbsp;;<\/li>\n\n\n\n<li>volet r\u00e9dactionnel (publications&nbsp;: r\u00e9daction d\u2019articles, confection de la revue trimestrielle, brochures, d\u00e9pliants, correction d\u2019\u00e9preuves, suivi impression et envoi)&nbsp;;<\/li>\n\n\n\n<li>volet juridique (enqu\u00eates publiques&nbsp;: recherches juridiques, r\u00e9daction de courriers, participation aux commissions de concertation, \u2026)&nbsp;;<\/li>\n\n\n\n<li>volet relationnel (demande de subsides, contacts avec partenaires, suivi de dossiers, \u2026).<\/li>\n<\/ul>\n\n\n\n<p>Votre implication n\u2019aura pas de prix pour nous. En contrepartie, vous gagnerez aupr\u00e8s de nous les inestimables tr\u00e9sors suivants : la bonne humeur, l\u2019amiti\u00e9, l\u2019entraide, la joie, le don de soi, la gratification, l\u2019\u00e9merveillement, le soulagement et le bonheur d\u2019avoir pu pr\u00e9server un coin de nature \u00e0 Bruxelles\u2026<\/p>\n\n\n\n<h3 class=\"wp-block-heading\">Int\u00e9ress\u00e9\u2022e ?<\/h3>\n\n\n\n<p>Vous pouvez directement vous inscrire via notre <a href=\"https:\/\/cebe.be\/fr\/devenir-membre\/\" data-type=\"page\" data-id=\"66\">formulaire d&#8217;adh\u00e9sion<\/a> ou prendre contact via notre <a href=\"https:\/\/cebe.be\/fr\/contact\/\" data-type=\"page\" data-id=\"9\">formulaire de contact<\/a> !<\/p>\n","protected":false},"excerpt":{"rendered":"<p>La CEBE recherche activement b\u00e9n\u00e9vole\u00b7s engag\u00e9\u00b7e\u00b7s Quand Les Amis du Moeraske virent le jour en 1988 pour prot\u00e9ger l\u2019une des derni\u00e8res zones humides de Bruxelles, nous \u00e9tions tous jeunes et enthousiastes, pleins d\u2019allant et d\u00e9termin\u00e9s, pr\u00eats \u00e0 d\u00e9placer des montagnes&nbsp;! Un an plus tard, la CEBE naissait de cet embryon de volontaires et grapillait des&hellip;&nbsp;<a href=\"https:\/\/cebe.be\/fr\/devenir-benevole\/\" rel=\"bookmark\">Lire la suite &raquo;<span class=\"screen-reader-text\">Devenir b\u00e9n\u00e9vole ?<\/span><\/a><\/p>\n","protected":false},"author":1,"featured_media":0,"parent":0,"menu_order":0,"comment_status":"closed","ping_status":"closed","template":"","meta":{"_acf_changed":false,"neve_meta_sidebar":"","neve_meta_container":"","neve_meta_enable_content_width":"","neve_meta_content_width":0,"neve_meta_title_alignment":"","neve_meta_author_avatar":"","neve_post_elements_order":"","neve_meta_disable_header":"","neve_meta_disable_footer":"","neve_meta_disable_title":"","iawp_total_views":129,"footnotes":""},"categories":[],"tags":[],"class_list":["post-1140","page","type-page","status-publish","hentry"],"acf":[],"_links":{"self":[{"href":"https:\/\/cebe.be\/fr\/wp-json\/wp\/v2\/pages\/1140","targetHints":{"allow":["GET"]}}],"collection":[{"href":"https:\/\/cebe.be\/fr\/wp-json\/wp\/v2\/pages"}],"about":[{"href":"https:\/\/cebe.be\/fr\/wp-json\/wp\/v2\/types\/page"}],"author":[{"embeddable":true,"href":"https:\/\/cebe.be\/fr\/wp-json\/wp\/v2\/users\/1"}],"replies":[{"embeddable":true,"href":"https:\/\/cebe.be\/fr\/wp-json\/wp\/v2\/comments?post=1140"}],"version-history":[{"count":3,"href":"https:\/\/cebe.be\/fr\/wp-json\/wp\/v2\/pages\/1140\/revisions"}],"predecessor-version":[{"id":1145,"href":"https:\/\/cebe.be\/fr\/wp-json\/wp\/v2\/pages\/1140\/revisions\/1145"}],"wp:attachment":[{"href":"https:\/\/cebe.be\/fr\/wp-json\/wp\/v2\/media?parent=1140"}],"wp:term":[{"taxonomy":"category","embeddable":true,"href":"https:\/\/cebe.be\/fr\/wp-json\/wp\/v2\/categories?post=1140"},{"taxonomy":"post_tag","embeddable":true,"href":"https:\/\/cebe.be\/fr\/wp-json\/wp\/v2\/tags?post=1140"}],"curies":[{"name":"wp","href":"https:\/\/api.w.org\/{rel}","templated":true}]}}