{"id":1064,"date":"2025-04-24T01:00:45","date_gmt":"2025-04-23T23:00:45","guid":{"rendered":"https:\/\/cebe.be\/fr\/?page_id=1064"},"modified":"2025-05-11T09:30:25","modified_gmt":"2025-05-11T07:30:25","slug":"operation-chlorophylle","status":"publish","type":"page","link":"https:\/\/cebe.be\/fr\/operation-chlorophylle\/","title":{"rendered":"Op\u00e9ration Chlorophylle"},"content":{"rendered":"\n<h3 class=\"wp-block-heading\">Op\u00e9ration Chlorophylle : une protection embl\u00e9matique<\/h3>\n\n\n\n<div class=\"wp-block-columns is-layout-flex wp-container-core-columns-is-layout-ed5226f6 wp-block-columns-is-layout-flex\" style=\"padding-right:0;padding-left:0\">\n<div class=\"wp-block-column is-vertically-aligned-center is-layout-flow wp-block-column-is-layout-flow\" style=\"padding-right:2rem;padding-left:0rem;flex-basis:60%\">\n<p>A c\u00f4t\u00e9 des grands discours, il y a aussi moyen d&#8217;agir pour la pr\u00e9servation de la biodiversit\u00e9. Assurer concr\u00e8tement la p\u00e9rennit\u00e9 du l\u00e9rot (<em>Eliomys quercinus<\/em>), est une n\u00e9cessit\u00e9 pour la CEBE.<\/p>\n\n\n\n<p>De plus, en favorisant le L\u00e9rot et en pr\u00e9servant, voire en am\u00e9liorant, son habitat, on favorise aussi d&#8217;autres esp\u00e8ces animales et v\u00e9g\u00e9tales pour lesquelles le l\u00e9rot a valeur embl\u00e9matique.<\/p>\n\n\n\n<p>En 2006, la CEBE a donc lanc\u00e9 une\u00a0<strong>op\u00e9ration\u00a0&#8220;Chlorophylle&#8221;<\/strong>, du nom du h\u00e9ros \u00e9ponyme de la c\u00e9l\u00e8bre bande dessin\u00e9e cr\u00e9\u00e9e en 1954 par le dessinateur vervi\u00e9tois Macherot.<\/p>\n\n\n\n<p>Afin de rester dans l&#8217;ambiance BD, initi\u00e9e par le choix du nom de notre op\u00e9ration, nous avons demand\u00e9 \u00e0 un autre dessinateur de nous faire l&#8217;amiti\u00e9 d&#8217;illustrer le l\u00e9rot au Moeraske. C&#8217;est le dessinateur des &#8220;Blagues de Toto&#8221;, Thierry Copp\u00e9e, qui a relev\u00e9 le d\u00e9fi.<\/p>\n<\/div>\n\n\n\n<div class=\"wp-block-column is-layout-flow wp-block-column-is-layout-flow\" style=\"padding-right:0;padding-left:0;flex-basis:40%\"><div class=\"wp-block-image\">\n<figure class=\"aligncenter size-full has-custom-border\"><a href=\"https:\/\/cebe.be\/fr\/wp-content\/uploads\/2025\/05\/lerot_couleur.jpg\"><img loading=\"lazy\" decoding=\"async\" width=\"472\" height=\"410\" src=\"https:\/\/cebe.be\/fr\/wp-content\/uploads\/2025\/05\/lerot_couleur.jpg\" alt=\"\" class=\"wp-image-1085\" style=\"border-radius:30px\" srcset=\"https:\/\/cebe.be\/fr\/wp-content\/uploads\/2025\/05\/lerot_couleur.jpg 472w, https:\/\/cebe.be\/fr\/wp-content\/uploads\/2025\/05\/lerot_couleur-300x261.jpg 300w, https:\/\/cebe.be\/fr\/wp-content\/uploads\/2025\/05\/lerot_couleur-24x21.jpg 24w, https:\/\/cebe.be\/fr\/wp-content\/uploads\/2025\/05\/lerot_couleur-36x31.jpg 36w, https:\/\/cebe.be\/fr\/wp-content\/uploads\/2025\/05\/lerot_couleur-48x42.jpg 48w\" sizes=\"auto, (max-width: 472px) 100vw, 472px\" \/><\/a><figcaption class=\"wp-element-caption\"><em><sup>Copyright\u00a0\u00a9 2011 Thierry Copp\u00e9e<\/sup><\/em><\/figcaption><\/figure>\n<\/div><\/div>\n<\/div>\n\n\n\n<div style=\"height:24px\" aria-hidden=\"true\" class=\"wp-block-spacer\"><\/div>\n\n\n\n<p>L&#8217;Op\u00e9ration Chlorophylle est un\u00a0<strong>parrainage de nichoirs\u00a0en bois (\u00e0 quelques rares exceptions) destin\u00e9s \u00e0 offrir des abris pour la faune et de permettre un suivi syst\u00e9matiq<\/strong>ue de leur occupation durant 5 ans.<\/p>\n\n\n\n<p>Afin de permettre leur suivi, chaque nichoir a \u00e9t\u00e9 num\u00e9rot\u00e9. Tous les nichoirs (32 pour le lancement de cette op\u00e9ration) ont \u00e9t\u00e9 plac\u00e9s dans le Walckiers au courant de l&#8217;automne 2006. Il s&#8217;agit de nichoirs de type &#8220;M\u00e9sange bleue&#8221;, &#8220;M\u00e9sange charbonni\u00e8re&#8221; et &#8220;Moineau&#8221;.<\/p>\n\n\n\n<p>Le principe est de contr\u00f4ler annuellement la pr\u00e9sence de traces dans les nichoirs. Cela ne peut se faire que par leur ouverture. La difficult\u00e9 de l&#8217;op\u00e9ration r\u00e9side dans le choix du moment du contr\u00f4le annuel. Il ne peut \u00eatre fait pr\u00e9matur\u00e9ment en hiver au risque de d\u00e9ranger des animaux en hibernation mais il ne peut \u00eatre ex\u00e9cut\u00e9 trop tard afin de ne pas d\u00e9ranger une \u00e9ventuelle nidification d&#8217;oiseaux.<\/p>\n\n\n\n<p>Les nichoirs sont suivis durant toute la saison de nidification afin de pouvoir d\u00e9terminer avec certitude l&#8217;esp\u00e8ce d&#8217;oiseau qui s&#8217;y reproduit. Il n&#8217;est proc\u00e9d\u00e9 \u00e0 aucune ouverture durant cette p\u00e9riode.<br>L&#8217;ouverture annuelle des nichoirs prend place en fin de &#8220;saison hivernale&#8221;, soit dans la derni\u00e8re semaine de mars. <\/p>\n\n\n<div class=\"wp-block-image\">\n<figure class=\"aligncenter size-full has-custom-border\"><a href=\"https:\/\/cebe.be\/fr\/wp-content\/uploads\/2025\/05\/eliomys_quercinus_03.jpg\"><img loading=\"lazy\" decoding=\"async\" width=\"800\" height=\"600\" src=\"https:\/\/cebe.be\/fr\/wp-content\/uploads\/2025\/05\/eliomys_quercinus_03.jpg\" alt=\"\" class=\"has-border-color wp-image-1084\" style=\"border-color:var(--nv-text-color);border-width:1px;border-radius:10px\" srcset=\"https:\/\/cebe.be\/fr\/wp-content\/uploads\/2025\/05\/eliomys_quercinus_03.jpg 800w, https:\/\/cebe.be\/fr\/wp-content\/uploads\/2025\/05\/eliomys_quercinus_03-300x225.jpg 300w, https:\/\/cebe.be\/fr\/wp-content\/uploads\/2025\/05\/eliomys_quercinus_03-768x576.jpg 768w, https:\/\/cebe.be\/fr\/wp-content\/uploads\/2025\/05\/eliomys_quercinus_03-24x18.jpg 24w, https:\/\/cebe.be\/fr\/wp-content\/uploads\/2025\/05\/eliomys_quercinus_03-36x27.jpg 36w, https:\/\/cebe.be\/fr\/wp-content\/uploads\/2025\/05\/eliomys_quercinus_03-48x36.jpg 48w\" sizes=\"auto, (max-width: 800px) 100vw, 800px\" \/><\/a><figcaption class=\"wp-element-caption\"><sup>Eliomys quercinus &#8211; 3 exemplaires dans un nichoir (Moeraske-Walckiers)<br>Photo Andr\u00e9 Cosy &#8211; Copyright\u00a0\u00a9 2011 CEBE-MOB<\/sup><\/figcaption><\/figure>\n<\/div>\n\n\n<p><span style=\"text-decoration: underline;\">Cela se fait en plusieurs \u00e9tapes :<\/span><\/p>\n\n\n\n<ul class=\"wp-block-list\">\n<li>Le nichoir est d&#8217;abord examin\u00e9 ext\u00e9rieurement afin d&#8217;observer si des oiseaux n&#8217;ont pas d\u00e9but\u00e9 une nidification.<\/li>\n\n\n\n<li>Ensuite, le nichoir est d\u00e9croch\u00e9 pr\u00e9cautionneusement (en effet, il y a toujours le risque qu&#8217;un animal y soit pr\u00e9sent et qu&#8217;il s&#8217;en \u00e9chappe. Comme il s&#8217;agit d&#8217;un travail en hauteur, l&#8217;op\u00e9rateur doit prendre garde de ne pas tomber de saisissement !).<br>Apr\u00e8s d\u00e9crochage, le nichoir est d\u00e9licatement ouvert. Son \u00e9ventuelle occupation est v\u00e9rifi\u00e9e. <\/li>\n\n\n\n<li>En absence de traces, le nichoir est referm\u00e9 et remis en place. <\/li>\n\n\n\n<li>Si des traces d&#8217;occupation sont visibles, il est proc\u00e9d\u00e9 \u00e0 leur identification.<\/li>\n\n\n\n<li>Si la pr\u00e9sence d&#8217;oeufs frais ou d&#8217;animaux vivants est observ\u00e9e, le nichoir est imm\u00e9diatement referm\u00e9 et remis en place.<\/li>\n\n\n\n<li>S&#8217;il y a absence d&#8217;oeufs frais ou d&#8217;animaux vivants, le contenu du nichoir est examin\u00e9 et l&#8217;esp\u00e8ce ayant occup\u00e9 le nichoir est d\u00e9termin\u00e9e avec le plus de pr\u00e9cision possible. Le nichoir est alors vid\u00e9, referm\u00e9 et remis en place.<\/li>\n\n\n\n<li>Le r\u00e9sultat du contr\u00f4le est enregistr\u00e9, nichoir par nichoir.<\/li>\n<\/ul>\n\n\n\n<p>Chaque campagne de relev\u00e9 fait l&#8217;objet d&#8217;un rapport. Ceux-ci peuvent \u00eatre t\u00e9l\u00e9charg\u00e9s au bas de cette page.<\/p>\n\n\n\n<h3 class=\"wp-block-heading\">D&#8217;excellents r\u00e9sultats !<\/h3>\n\n\n\n<p>D\u00e8s le premier relev\u00e9 au printemps 2007, des traces d&#8217;occupation de ce rongeur furent relev\u00e9es. <\/p>\n\n\n\n<p>En\u00a02008,\u00a0trois\u00a0individus vivants \u00e9taient observ\u00e9s simultan\u00e9ment dans le m\u00eame nichoir. En\u00a02011, ce n&#8217;est pas moins de\u00a0quinze\u00a0l\u00e9rots qui \u00e9taient d\u00e9nombr\u00e9s\u2026dont cinq dans le m\u00eame nid !<\/p>\n\n\n\n<h3 class=\"wp-block-heading\">Prolongation de l&#8217;op\u00e9ration<\/h3>\n\n\n\n<p>L&#8217;Op\u00e9ration Chlorophylle initiale a pris fin, comme pr\u00e9vu, en 2011. Fort de son succ\u00e8s, nous l&#8217;avons prolong\u00e9e pour une dur\u00e9e ind\u00e9termin\u00e9e. Seules diff\u00e9rences notoires entre ces deux op\u00e9rations : c&#8217;est, \u00e0 pr\u00e9sent, la CEBE qui subsidie elle-m\u00eame les nichoirs et le nombre de ceux-ci a fortement augment\u00e9.<\/p>\n\n\n<div class=\"wp-block-image\">\n<figure class=\"aligncenter size-full has-custom-border\"><a href=\"https:\/\/cebe.be\/fr\/wp-content\/uploads\/2025\/05\/47560959.jpg\"><img loading=\"lazy\" decoding=\"async\" width=\"1000\" height=\"750\" src=\"https:\/\/cebe.be\/fr\/wp-content\/uploads\/2025\/05\/47560959.jpg\" alt=\"\" class=\"has-border-color wp-image-1089\" style=\"border-color:var(--nv-text-color);border-width:1px;border-radius:10px\" srcset=\"https:\/\/cebe.be\/fr\/wp-content\/uploads\/2025\/05\/47560959.jpg 1000w, https:\/\/cebe.be\/fr\/wp-content\/uploads\/2025\/05\/47560959-300x225.jpg 300w, https:\/\/cebe.be\/fr\/wp-content\/uploads\/2025\/05\/47560959-768x576.jpg 768w, https:\/\/cebe.be\/fr\/wp-content\/uploads\/2025\/05\/47560959-24x18.jpg 24w, https:\/\/cebe.be\/fr\/wp-content\/uploads\/2025\/05\/47560959-36x27.jpg 36w, https:\/\/cebe.be\/fr\/wp-content\/uploads\/2025\/05\/47560959-48x36.jpg 48w\" sizes=\"auto, (max-width: 1000px) 100vw, 1000px\" \/><\/a><figcaption class=\"wp-element-caption\"><em><sup>Eliomys quercinus &#8211; Copyright\u00a0\u00a9 2025 CEBE-MOB<\/sup><\/em><\/figcaption><\/figure>\n<\/div>\n\n\n<h4 class=\"wp-block-heading\">A noter&nbsp;:<\/h4>\n\n\n\n<p>En 2011, ayant consult\u00e9 nos rapports \u00ab&nbsp;Op\u00e9ration Chlorophylle&nbsp;\u00bb sur internet, nous e\u00fbmes la chance d\u2019\u00eatre sollicit\u00e9 par le professeur Roland Libois de l\u2019ULG, grand sp\u00e9cialiste de notre faune et notamment du petit rongeur masqu\u00e9, pour pouvoir nous accompagner, avec deux de ses assistants, lors de notre relev\u00e9 annuel. Cette exp\u00e9rience nous permit de faire avaliser nos m\u00e9thodes par cet expert reconnu qui par la suite se montra toujours disponible pour r\u00e9pondre \u00e0 nos interrogations.<\/p>\n\n\n\n<p>Il ne faut pas perdre de vue que les l\u00e9rots peuvent aussi tr\u00e8s bien hiberner ou se reproduire dans d&#8217;autres abris que nos nichoirs.<\/p>\n\n\n\n<p>Le taux d\u2019utilisation des nichoirs par les L\u00e9rots (hibernation, reproduction, abri journalier, simple passage, traces de pr\u00e9dation effectu\u00e9es par celui-ci) est en constante progression pour atteindre en 2024 pas moins de 50%.<\/p>\n\n\n\n<p>D\u00e8s le d\u00e9but, nous avons eu le sentiment que la population de L\u00e9rots au Walckiers \u00e9tait tr\u00e8s cons\u00e9quente \u00e9tant vraisemblablement une des plus importantes de la r\u00e9gion bruxelloise.<\/p>\n\n\n\n<h3 class=\"wp-block-heading\">Rapports complets des observations<\/h3>\n\n\n\n<iframe loading=\"lazy\" width=\"100%\" height=\"1100\" src=\"https:\/\/www.cebe.be\/nc\/index.php\/s\/DkrtB4GjoyrSK6S\"><\/iframe>\n\n\n\n<p><\/p>\n\n\n\n<p><\/p>\n","protected":false},"excerpt":{"rendered":"<p>Op\u00e9ration Chlorophylle : une protection embl\u00e9matique A c\u00f4t\u00e9 des grands discours, il y a aussi moyen d&#8217;agir pour la pr\u00e9servation de la biodiversit\u00e9. Assurer concr\u00e8tement la p\u00e9rennit\u00e9 du l\u00e9rot (Eliomys quercinus), est une n\u00e9cessit\u00e9 pour la CEBE. De plus, en favorisant le L\u00e9rot et en pr\u00e9servant, voire en am\u00e9liorant, son habitat, on favorise aussi d&#8217;autres&hellip;&nbsp;<a href=\"https:\/\/cebe.be\/fr\/operation-chlorophylle\/\" rel=\"bookmark\">Lire la suite &raquo;<span class=\"screen-reader-text\">Op\u00e9ration Chlorophylle<\/span><\/a><\/p>\n","protected":false},"author":1,"featured_media":0,"parent":0,"menu_order":0,"comment_status":"closed","ping_status":"closed","template":"","meta":{"_acf_changed":false,"neve_meta_sidebar":"","neve_meta_container":"","neve_meta_enable_content_width":"","neve_meta_content_width":0,"neve_meta_title_alignment":"","neve_meta_author_avatar":"","neve_post_elements_order":"","neve_meta_disable_header":"","neve_meta_disable_footer":"","neve_meta_disable_title":"","iawp_total_views":74,"footnotes":""},"categories":[],"tags":[],"class_list":["post-1064","page","type-page","status-publish","hentry"],"acf":[],"_links":{"self":[{"href":"https:\/\/cebe.be\/fr\/wp-json\/wp\/v2\/pages\/1064","targetHints":{"allow":["GET"]}}],"collection":[{"href":"https:\/\/cebe.be\/fr\/wp-json\/wp\/v2\/pages"}],"about":[{"href":"https:\/\/cebe.be\/fr\/wp-json\/wp\/v2\/types\/page"}],"author":[{"embeddable":true,"href":"https:\/\/cebe.be\/fr\/wp-json\/wp\/v2\/users\/1"}],"replies":[{"embeddable":true,"href":"https:\/\/cebe.be\/fr\/wp-json\/wp\/v2\/comments?post=1064"}],"version-history":[{"count":5,"href":"https:\/\/cebe.be\/fr\/wp-json\/wp\/v2\/pages\/1064\/revisions"}],"predecessor-version":[{"id":1091,"href":"https:\/\/cebe.be\/fr\/wp-json\/wp\/v2\/pages\/1064\/revisions\/1091"}],"wp:attachment":[{"href":"https:\/\/cebe.be\/fr\/wp-json\/wp\/v2\/media?parent=1064"}],"wp:term":[{"taxonomy":"category","embeddable":true,"href":"https:\/\/cebe.be\/fr\/wp-json\/wp\/v2\/categories?post=1064"},{"taxonomy":"post_tag","embeddable":true,"href":"https:\/\/cebe.be\/fr\/wp-json\/wp\/v2\/tags?post=1064"}],"curies":[{"name":"wp","href":"https:\/\/api.w.org\/{rel}","templated":true}]}}